{"id":45568,"date":"2026-05-15T15:16:56","date_gmt":"2026-05-15T13:16:56","guid":{"rendered":"https:\/\/fiajewels.it\/?post_type=product&#038;p=45568"},"modified":"2026-05-15T16:26:50","modified_gmt":"2026-05-15T14:26:50","slug":"collana-decollete-angelite-azzurra-filigrana-grappoli","status":"publish","type":"product","link":"https:\/\/fiajewels.it\/en\/product\/collana-decollete-angelite-azzurra-filigrana-grappoli\/","title":{"rendered":"Blue Angelite Filigree Clusters D\u00e9collet\u00e9 Necklace"},"content":{"rendered":"<p>Blue Angelite Filigree Clusters D\u00e9collet\u00e9 Necklace<\/p>\n<p>10mm angelite necklace, enriched by a filigree side element strung with angelite beads and angelite clusters.<br \/>\nBrass finishes and knotting between the stones.<br \/>\nIt has no closure<\/p>\n<p>It is 72 cm long<\/p>","protected":false},"excerpt":{"rendered":"<p>\ud83d\udc8e Delicate and luminous, the Angelite Blue Filigree Clusters D\u00e9collet\u00e9 Necklace captivates with its celestial shades and handcrafted details. 10mm angelite stones alternate with handcrafted knots and an elegant filigree element embellished with small angelite clusters \ud83c\udf38<br data-start=\"297\" data-end=\"300\" \/>The 72cm long line, without closure, naturally accompanies both refined and more everyday looks \u2728<br data-start=\"407\" data-end=\"410\" \/>A feminine jewel with a refined charm, designed for those who love particular details and materials with an authentic character \ud83d\udc99<\/p>","protected":false},"featured_media":45569,"template":"","meta":{"_joinchat":[]},"product_brand":[],"product_cat":[34,43,1016],"product_tag":[501,99,612,199,1579,352,180,188,201,1503,64,217,98,1506,214,102,186],"class_list":{"0":"post-45568","1":"product","2":"type-product","3":"status-publish","4":"has-post-thumbnail","6":"product_cat-collane","7":"product_cat-collane-collane","8":"product_cat-novita","9":"product_tag-angelite","10":"product_tag-artigianato-siciliano","11":"product_tag-azzurro","12":"product_tag-collana-artigianale","13":"product_tag-collana-decollete","14":"product_tag-collana-di-perle","15":"product_tag-collana-donna","16":"product_tag-collana-fatta-a-mano","17":"product_tag-collana-lunga","18":"product_tag-collane-con-pietre","19":"product_tag-corallo","20":"product_tag-filigrana","21":"product_tag-gioielli-artigianali","22":"product_tag-gioielli-con-pietre","23":"product_tag-gioielli-siciliani","24":"product_tag-gioielli-unici","25":"product_tag-regalo-per-lei","26":"product_shipping_class-350-1000g","28":"first","29":"instock","30":"shipping-taxable","31":"purchasable","32":"product-type-simple"},"yoast_head":"<!-- This site is optimized with the Yoast SEO plugin v27.1.1 - https:\/\/yoast.com\/product\/yoast-seo-wordpress\/ -->\n<title>Collana D\u00e9collet\u00e9 Angelite Azzurra Filigrana Grappoli - FiaJewels<\/title>\n<meta name=\"description\" content=\"Collana D\u00e9collet\u00e9 Angelite Azzurra Filigrana Grappoli Collana in angelite da 10 mm, arricchita da un elemento laterale filigranato ammagliato con perline\" \/>\n<meta name=\"robots\" content=\"index, follow, max-snippet:-1, max-image-preview:large, max-video-preview:-1\" \/>\n<link rel=\"canonical\" href=\"https:\/\/fiajewels.it\/en\/product\/collana-decollete-angelite-azzurra-filigrana-grappoli\/\" \/>\n<meta property=\"og:locale\" content=\"en_GB\" \/>\n<meta property=\"og:type\" content=\"article\" \/>\n<meta property=\"og:title\" content=\"Collana D\u00e9collet\u00e9 Angelite Azzurra Filigrana Grappoli - FiaJewels\" \/>\n<meta property=\"og:description\" content=\"Collana D\u00e9collet\u00e9 Angelite Azzurra Filigrana Grappoli Collana in angelite da 10 mm, arricchita da un elemento laterale filigranato ammagliato con perline\" \/>\n<meta property=\"og:url\" content=\"https:\/\/fiajewels.it\/en\/product\/collana-decollete-angelite-azzurra-filigrana-grappoli\/\" \/>\n<meta property=\"og:site_name\" content=\"FiaJewels\" \/>\n<meta property=\"article:modified_time\" content=\"2026-05-15T14:26:50+00:00\" \/>\n<meta property=\"og:image\" content=\"https:\/\/fiajewels.it\/wp-content\/uploads\/2026\/05\/COLLANA-ARTIGIANALE-ANGELITE-PERLE-FILIGRANA-5.jpg\" \/>\n\t<meta property=\"og:image:width\" content=\"2496\" \/>\n\t<meta property=\"og:image:height\" content=\"1664\" \/>\n\t<meta property=\"og:image:type\" content=\"image\/jpeg\" \/>\n<meta name=\"twitter:card\" content=\"summary_large_image\" \/>\n<meta name=\"twitter:label1\" content=\"Estimated reading time\" \/>\n\t<meta name=\"twitter:data1\" content=\"1 minute\" \/>\n<script type=\"application\/ld+json\" class=\"yoast-schema-graph\">{\"@context\":\"https:\/\/schema.org\",\"@graph\":[{\"@type\":\"WebPage\",\"@id\":\"https:\/\/fiajewels.it\/prodotto\/collana-decollete-angelite-azzurra-filigrana-grappoli\/\",\"url\":\"https:\/\/fiajewels.it\/prodotto\/collana-decollete-angelite-azzurra-filigrana-grappoli\/\",\"name\":\"Collana D\u00e9collet\u00e9 Angelite Azzurra Filigrana Grappoli - FiaJewels\",\"isPartOf\":{\"@id\":\"https:\/\/fiajewels.it\/#website\"},\"primaryImageOfPage\":{\"@id\":\"https:\/\/fiajewels.it\/prodotto\/collana-decollete-angelite-azzurra-filigrana-grappoli\/#primaryimage\"},\"image\":{\"@id\":\"https:\/\/fiajewels.it\/prodotto\/collana-decollete-angelite-azzurra-filigrana-grappoli\/#primaryimage\"},\"thumbnailUrl\":\"https:\/\/fiajewels.it\/wp-content\/uploads\/2026\/05\/COLLANA-ARTIGIANALE-ANGELITE-PERLE-FILIGRANA-5.jpg\",\"datePublished\":\"2026-05-15T13:16:56+00:00\",\"dateModified\":\"2026-05-15T14:26:50+00:00\",\"description\":\"Collana D\u00e9collet\u00e9 Angelite Azzurra Filigrana Grappoli Collana in angelite da 10 mm, arricchita da un elemento laterale filigranato ammagliato con perline\",\"breadcrumb\":{\"@id\":\"https:\/\/fiajewels.it\/prodotto\/collana-decollete-angelite-azzurra-filigrana-grappoli\/#breadcrumb\"},\"inLanguage\":\"en-GB\",\"potentialAction\":[{\"@type\":\"ReadAction\",\"target\":[\"https:\/\/fiajewels.it\/prodotto\/collana-decollete-angelite-azzurra-filigrana-grappoli\/\"]}]},{\"@type\":\"ImageObject\",\"inLanguage\":\"en-GB\",\"@id\":\"https:\/\/fiajewels.it\/prodotto\/collana-decollete-angelite-azzurra-filigrana-grappoli\/#primaryimage\",\"url\":\"https:\/\/fiajewels.it\/wp-content\/uploads\/2026\/05\/COLLANA-ARTIGIANALE-ANGELITE-PERLE-FILIGRANA-5.jpg\",\"contentUrl\":\"https:\/\/fiajewels.it\/wp-content\/uploads\/2026\/05\/COLLANA-ARTIGIANALE-ANGELITE-PERLE-FILIGRANA-5.jpg\",\"width\":2496,\"height\":1664},{\"@type\":\"BreadcrumbList\",\"@id\":\"https:\/\/fiajewels.it\/prodotto\/collana-decollete-angelite-azzurra-filigrana-grappoli\/#breadcrumb\",\"itemListElement\":[{\"@type\":\"ListItem\",\"position\":1,\"name\":\"Home\",\"item\":\"https:\/\/fiajewels.it\/\"},{\"@type\":\"ListItem\",\"position\":2,\"name\":\"Shop\",\"item\":\"https:\/\/fiajewels.it\/negozio\/\"},{\"@type\":\"ListItem\",\"position\":3,\"name\":\"Collana D\u00e9collet\u00e9 Angelite Azzurra Filigrana Grappoli\"}]},{\"@type\":\"WebSite\",\"@id\":\"https:\/\/fiajewels.it\/#website\",\"url\":\"https:\/\/fiajewels.it\/\",\"name\":\"FiaJewels\",\"description\":\"\",\"publisher\":{\"@id\":\"https:\/\/fiajewels.it\/#\/schema\/person\/2c57907c80620d109c8a7ad1ad6e0c4e\"},\"potentialAction\":[{\"@type\":\"SearchAction\",\"target\":{\"@type\":\"EntryPoint\",\"urlTemplate\":\"https:\/\/fiajewels.it\/?s={search_term_string}\"},\"query-input\":{\"@type\":\"PropertyValueSpecification\",\"valueRequired\":true,\"valueName\":\"search_term_string\"}}],\"inLanguage\":\"en-GB\"},{\"@type\":[\"Person\",\"Organization\"],\"@id\":\"https:\/\/fiajewels.it\/#\/schema\/person\/2c57907c80620d109c8a7ad1ad6e0c4e\",\"name\":\"FiaJewels\",\"image\":{\"@type\":\"ImageObject\",\"inLanguage\":\"en-GB\",\"@id\":\"https:\/\/fiajewels.it\/#\/schema\/person\/image\/\",\"url\":\"https:\/\/secure.gravatar.com\/avatar\/b9a386afa40b1775488d216d9f973cb34fb853546ac7d5681edead69ac4dfde1?s=96&d=mm&r=g\",\"contentUrl\":\"https:\/\/secure.gravatar.com\/avatar\/b9a386afa40b1775488d216d9f973cb34fb853546ac7d5681edead69ac4dfde1?s=96&d=mm&r=g\",\"caption\":\"FiaJewels\"},\"logo\":{\"@id\":\"https:\/\/fiajewels.it\/#\/schema\/person\/image\/\"}}]}<\/script>\n<!-- \/ Yoast SEO plugin. -->","yoast_head_json":{"title":"Collana D\u00e9collet\u00e9 Angelite Azzurra Filigrana Grappoli - FiaJewels","description":"Collana D\u00e9collet\u00e9 Angelite Azzurra Filigrana Grappoli Collana in angelite da 10 mm, arricchita da un elemento laterale filigranato ammagliato con perline","robots":{"index":"index","follow":"follow","max-snippet":"max-snippet:-1","max-image-preview":"max-image-preview:large","max-video-preview":"max-video-preview:-1"},"canonical":"https:\/\/fiajewels.it\/en\/product\/collana-decollete-angelite-azzurra-filigrana-grappoli\/","og_locale":"en_GB","og_type":"article","og_title":"Collana D\u00e9collet\u00e9 Angelite Azzurra Filigrana Grappoli - FiaJewels","og_description":"Collana D\u00e9collet\u00e9 Angelite Azzurra Filigrana Grappoli Collana in angelite da 10 mm, arricchita da un elemento laterale filigranato ammagliato con perline","og_url":"https:\/\/fiajewels.it\/en\/product\/collana-decollete-angelite-azzurra-filigrana-grappoli\/","og_site_name":"FiaJewels","article_modified_time":"2026-05-15T14:26:50+00:00","og_image":[{"width":2496,"height":1664,"url":"https:\/\/fiajewels.it\/wp-content\/uploads\/2026\/05\/COLLANA-ARTIGIANALE-ANGELITE-PERLE-FILIGRANA-5.jpg","type":"image\/jpeg"}],"twitter_card":"summary_large_image","twitter_misc":{"Estimated reading time":"1 minute"},"schema":{"@context":"https:\/\/schema.org","@graph":[{"@type":"WebPage","@id":"https:\/\/fiajewels.it\/prodotto\/collana-decollete-angelite-azzurra-filigrana-grappoli\/","url":"https:\/\/fiajewels.it\/prodotto\/collana-decollete-angelite-azzurra-filigrana-grappoli\/","name":"Collana D\u00e9collet\u00e9 Angelite Azzurra Filigrana Grappoli - FiaJewels","isPartOf":{"@id":"https:\/\/fiajewels.it\/#website"},"primaryImageOfPage":{"@id":"https:\/\/fiajewels.it\/prodotto\/collana-decollete-angelite-azzurra-filigrana-grappoli\/#primaryimage"},"image":{"@id":"https:\/\/fiajewels.it\/prodotto\/collana-decollete-angelite-azzurra-filigrana-grappoli\/#primaryimage"},"thumbnailUrl":"https:\/\/fiajewels.it\/wp-content\/uploads\/2026\/05\/COLLANA-ARTIGIANALE-ANGELITE-PERLE-FILIGRANA-5.jpg","datePublished":"2026-05-15T13:16:56+00:00","dateModified":"2026-05-15T14:26:50+00:00","description":"Collana D\u00e9collet\u00e9 Angelite Azzurra Filigrana Grappoli Collana in angelite da 10 mm, arricchita da un elemento laterale filigranato ammagliato con perline","breadcrumb":{"@id":"https:\/\/fiajewels.it\/prodotto\/collana-decollete-angelite-azzurra-filigrana-grappoli\/#breadcrumb"},"inLanguage":"en-GB","potentialAction":[{"@type":"ReadAction","target":["https:\/\/fiajewels.it\/prodotto\/collana-decollete-angelite-azzurra-filigrana-grappoli\/"]}]},{"@type":"ImageObject","inLanguage":"en-GB","@id":"https:\/\/fiajewels.it\/prodotto\/collana-decollete-angelite-azzurra-filigrana-grappoli\/#primaryimage","url":"https:\/\/fiajewels.it\/wp-content\/uploads\/2026\/05\/COLLANA-ARTIGIANALE-ANGELITE-PERLE-FILIGRANA-5.jpg","contentUrl":"https:\/\/fiajewels.it\/wp-content\/uploads\/2026\/05\/COLLANA-ARTIGIANALE-ANGELITE-PERLE-FILIGRANA-5.jpg","width":2496,"height":1664},{"@type":"BreadcrumbList","@id":"https:\/\/fiajewels.it\/prodotto\/collana-decollete-angelite-azzurra-filigrana-grappoli\/#breadcrumb","itemListElement":[{"@type":"ListItem","position":1,"name":"Home","item":"https:\/\/fiajewels.it\/"},{"@type":"ListItem","position":2,"name":"Shop","item":"https:\/\/fiajewels.it\/negozio\/"},{"@type":"ListItem","position":3,"name":"Collana D\u00e9collet\u00e9 Angelite Azzurra Filigrana Grappoli"}]},{"@type":"WebSite","@id":"https:\/\/fiajewels.it\/#website","url":"https:\/\/fiajewels.it\/","name":"FiaJewels","description":"","publisher":{"@id":"https:\/\/fiajewels.it\/#\/schema\/person\/2c57907c80620d109c8a7ad1ad6e0c4e"},"potentialAction":[{"@type":"SearchAction","target":{"@type":"EntryPoint","urlTemplate":"https:\/\/fiajewels.it\/?s={search_term_string}"},"query-input":{"@type":"PropertyValueSpecification","valueRequired":true,"valueName":"search_term_string"}}],"inLanguage":"en-GB"},{"@type":["Person","Organization"],"@id":"https:\/\/fiajewels.it\/#\/schema\/person\/2c57907c80620d109c8a7ad1ad6e0c4e","name":"FiaJewels","image":{"@type":"ImageObject","inLanguage":"en-GB","@id":"https:\/\/fiajewels.it\/#\/schema\/person\/image\/","url":"https:\/\/secure.gravatar.com\/avatar\/b9a386afa40b1775488d216d9f973cb34fb853546ac7d5681edead69ac4dfde1?s=96&d=mm&r=g","contentUrl":"https:\/\/secure.gravatar.com\/avatar\/b9a386afa40b1775488d216d9f973cb34fb853546ac7d5681edead69ac4dfde1?s=96&d=mm&r=g","caption":"FiaJewels"},"logo":{"@id":"https:\/\/fiajewels.it\/#\/schema\/person\/image\/"}}]}},"_links":{"self":[{"href":"https:\/\/fiajewels.it\/en\/wp-json\/wp\/v2\/product\/45568","targetHints":{"allow":["GET"]}}],"collection":[{"href":"https:\/\/fiajewels.it\/en\/wp-json\/wp\/v2\/product"}],"about":[{"href":"https:\/\/fiajewels.it\/en\/wp-json\/wp\/v2\/types\/product"}],"wp:featuredmedia":[{"embeddable":true,"href":"https:\/\/fiajewels.it\/en\/wp-json\/wp\/v2\/media\/45569"}],"wp:attachment":[{"href":"https:\/\/fiajewels.it\/en\/wp-json\/wp\/v2\/media?parent=45568"}],"wp:term":[{"taxonomy":"product_brand","embeddable":true,"href":"https:\/\/fiajewels.it\/en\/wp-json\/wp\/v2\/product_brand?post=45568"},{"taxonomy":"product_cat","embeddable":true,"href":"https:\/\/fiajewels.it\/en\/wp-json\/wp\/v2\/product_cat?post=45568"},{"taxonomy":"product_tag","embeddable":true,"href":"https:\/\/fiajewels.it\/en\/wp-json\/wp\/v2\/product_tag?post=45568"}],"curies":[{"name":"wp","href":"https:\/\/api.w.org\/{rel}","templated":true}]}}