{"id":45213,"date":"2026-05-06T21:21:12","date_gmt":"2026-05-06T19:21:12","guid":{"rendered":"https:\/\/fiajewels.it\/?post_type=product&#038;p=45213"},"modified":"2026-05-06T21:29:40","modified_gmt":"2026-05-06T19:29:40","slug":"collana-decollete-2-fili-perle-corallo-giade-arancione","status":"publish","type":"product","link":"https:\/\/fiajewels.it\/en\/product\/collana-decollete-2-fili-perle-corallo-giade-arancione\/","title":{"rendered":"D\u00e9collet\u00e9 Necklace 2 Strands Pearls Coral Jades Orange"},"content":{"rendered":"<p>D\u00e9collet\u00e9 Necklace 2 Strands Pearls Coral Jades Orange<\/p>\n<p>Collana 2 fili bellissima, sui toni dell&#8217;arancione, in perle di Maiorca, corallo bamboo e giade di vari colori, tutto nelle nuances dell&#8217;arancione.<br \/>\nBrass finishes<\/p>\n<p>E&#8217; lunghissima, ben 88 e 98 cm<\/p>","protected":false},"excerpt":{"rendered":"<section class=\"text-token-text-primary w-full focus:outline-none [--shadow-height:45px] has-data-writing-block:pointer-events-none has-data-writing-block:-mt-(--shadow-height) has-data-writing-block:pt-(--shadow-height) [&amp;:has([data-writing-block])&gt;*]:pointer-events-auto [content-visibility:auto] supports-[content-visibility:auto]:[contain-intrinsic-size:auto_100lvh] R6Vx5W_threadScrollVars scroll-mb-[calc(var(--scroll-root-safe-area-inset-bottom,0px)+var(--thread-response-height))] scroll-mt-[calc(var(--header-height)+min(200px,max(70px,20svh)))]\" dir=\"auto\" data-turn-id=\"request-67e31d8a-d214-8005-9b69-3ffd734258b3-3\" data-testid=\"conversation-turn-2\" data-scroll-anchor=\"false\" data-turn=\"assistant\">\n<div class=\"text-base my-auto mx-auto pb-10 [--thread-content-margin:var(--thread-content-margin-xs,calc(var(--spacing)*4))] @w-sm\/main:[--thread-content-margin:var(--thread-content-margin-sm,calc(var(--spacing)*6))] @w-lg\/main:[--thread-content-margin:var(--thread-content-margin-lg,calc(var(--spacing)*16))] px-(--thread-content-margin)\">\n<div class=\"[--thread-content-max-width:40rem] @w-lg\/main:[--thread-content-max-width:48rem] mx-auto max-w-(--thread-content-max-width) flex-1 group\/turn-messages focus-visible:outline-hidden relative flex w-full min-w-0 flex-col agent-turn\">\n<div class=\"flex max-w-full flex-col gap-4 grow\">\n<div class=\"min-h-8 text-message relative flex w-full flex-col items-end gap-2 text-start break-words whitespace-normal outline-none keyboard-focused:focus-ring [.text-message+&amp;]:mt-1\" dir=\"auto\" tabindex=\"0\" data-message-author-role=\"assistant\" data-message-id=\"7e4af192-ac2c-4f7e-aaab-d10072b93ec6\" data-message-model-slug=\"gpt-5-3\" data-turn-start-message=\"true\">\n<div class=\"flex w-full flex-col gap-1 empty:hidden\">\n<div class=\"markdown prose dark:prose-invert w-full wrap-break-word light markdown-new-styling\">\n<p data-start=\"0\" data-end=\"232\">Collana a due fili dai toni caldi e avvolgenti, perfetta per dare carattere anche al look pi\u00f9 semplice \u2728<br data-start=\"104\" data-end=\"107\" \/>Realizzata con perle di Maiorca, corallo bamboo e giade in diverse sfumature arancioni, crea un mix armonioso e luminoso \ud83e\udde1<\/p>\n<p data-start=\"234\" data-end=\"437\" data-is-last-node=\"\" data-is-only-node=\"\">La sua lunghezza generosa (88 e 98 cm) permette di indossarla in pi\u00f9 modi, valorizzando con naturalezza il d\u00e9collet\u00e9 \ud83d\udc57<br data-start=\"353\" data-end=\"356\" \/>Le finiture in ottone completano il design con un tocco elegante e artigianale \ud83d\udcab<\/p>\n<\/div>\n<\/div>\n<\/div>\n<\/div>\n<\/div>\n<\/div>\n<\/section>\n","protected":false},"featured_media":45218,"template":"","meta":{"_joinchat":[]},"product_brand":[],"product_cat":[34,43,1016],"product_tag":[1395,99,464,199,180,188,64,1431,193,98,102,820,343,71,186],"class_list":{"0":"post-45213","1":"product","2":"type-product","3":"status-publish","4":"has-post-thumbnail","6":"product_cat-collane","7":"product_cat-collane-collane","8":"product_cat-novita","9":"product_tag-arancione","10":"product_tag-artigianato-siciliano","11":"product_tag-bamboo","12":"product_tag-collana-artigianale","13":"product_tag-collana-donna","14":"product_tag-collana-fatta-a-mano","15":"product_tag-corallo","16":"product_tag-donna","17":"product_tag-giada","18":"product_tag-gioielli-artigianali","19":"product_tag-gioielli-unici","20":"product_tag-maiorca","21":"product_tag-perla","22":"product_tag-perle","23":"product_tag-regalo-per-lei","24":"product_shipping_class-350-1000g","26":"first","27":"instock","28":"shipping-taxable","29":"purchasable","30":"product-type-simple"},"yoast_head":"<!-- This site is optimized with the Yoast SEO plugin v27.1.1 - https:\/\/yoast.com\/product\/yoast-seo-wordpress\/ -->\n<title>Collana D\u00e9collet\u00e9 2 Fili Perle Corallo Giade Arancione - FiaJewels<\/title>\n<meta name=\"description\" content=\"Collana D\u00e9collet\u00e9 2 Fili Perle Corallo Giade Arancione Collana 2 fili bellissima, sui toni dell&#039;arancione, in perle di Maiorca, corallo bamboo e giade\" \/>\n<meta name=\"robots\" content=\"index, follow, max-snippet:-1, max-image-preview:large, max-video-preview:-1\" \/>\n<link rel=\"canonical\" href=\"https:\/\/fiajewels.it\/en\/product\/collana-decollete-2-fili-perle-corallo-giade-arancione\/\" \/>\n<meta property=\"og:locale\" content=\"en_GB\" \/>\n<meta property=\"og:type\" content=\"article\" \/>\n<meta property=\"og:title\" content=\"Collana D\u00e9collet\u00e9 2 Fili Perle Corallo Giade Arancione - FiaJewels\" \/>\n<meta property=\"og:description\" content=\"Collana D\u00e9collet\u00e9 2 Fili Perle Corallo Giade Arancione Collana 2 fili bellissima, sui toni dell&#039;arancione, in perle di Maiorca, corallo bamboo e giade\" \/>\n<meta property=\"og:url\" content=\"https:\/\/fiajewels.it\/en\/product\/collana-decollete-2-fili-perle-corallo-giade-arancione\/\" \/>\n<meta property=\"og:site_name\" content=\"FiaJewels\" \/>\n<meta property=\"article:modified_time\" content=\"2026-05-06T19:29:40+00:00\" \/>\n<meta property=\"og:image\" content=\"https:\/\/fiajewels.it\/wp-content\/uploads\/2026\/05\/COLLANA-2-FILI-LUNGA-PERLE-CORALLO-GIADA-ARANCIONE-2-683x1024.jpg\" \/>\n\t<meta property=\"og:image:width\" content=\"683\" \/>\n\t<meta property=\"og:image:height\" content=\"1024\" \/>\n\t<meta property=\"og:image:type\" content=\"image\/jpeg\" \/>\n<meta name=\"twitter:card\" content=\"summary_large_image\" \/>\n<meta name=\"twitter:label1\" content=\"Estimated reading time\" \/>\n\t<meta name=\"twitter:data1\" content=\"1 minute\" \/>\n<script type=\"application\/ld+json\" class=\"yoast-schema-graph\">{\"@context\":\"https:\/\/schema.org\",\"@graph\":[{\"@type\":\"WebPage\",\"@id\":\"https:\/\/fiajewels.it\/prodotto\/collana-decollete-2-fili-perle-corallo-giade-arancione\/\",\"url\":\"https:\/\/fiajewels.it\/prodotto\/collana-decollete-2-fili-perle-corallo-giade-arancione\/\",\"name\":\"Collana D\u00e9collet\u00e9 2 Fili Perle Corallo Giade Arancione - FiaJewels\",\"isPartOf\":{\"@id\":\"https:\/\/fiajewels.it\/#website\"},\"primaryImageOfPage\":{\"@id\":\"https:\/\/fiajewels.it\/prodotto\/collana-decollete-2-fili-perle-corallo-giade-arancione\/#primaryimage\"},\"image\":{\"@id\":\"https:\/\/fiajewels.it\/prodotto\/collana-decollete-2-fili-perle-corallo-giade-arancione\/#primaryimage\"},\"thumbnailUrl\":\"https:\/\/fiajewels.it\/wp-content\/uploads\/2026\/05\/COLLANA-2-FILI-LUNGA-PERLE-CORALLO-GIADA-ARANCIONE-2.jpg\",\"datePublished\":\"2026-05-06T19:21:12+00:00\",\"dateModified\":\"2026-05-06T19:29:40+00:00\",\"description\":\"Collana D\u00e9collet\u00e9 2 Fili Perle Corallo Giade Arancione Collana 2 fili bellissima, sui toni dell'arancione, in perle di Maiorca, corallo bamboo e giade\",\"breadcrumb\":{\"@id\":\"https:\/\/fiajewels.it\/prodotto\/collana-decollete-2-fili-perle-corallo-giade-arancione\/#breadcrumb\"},\"inLanguage\":\"en-GB\",\"potentialAction\":[{\"@type\":\"ReadAction\",\"target\":[\"https:\/\/fiajewels.it\/prodotto\/collana-decollete-2-fili-perle-corallo-giade-arancione\/\"]}]},{\"@type\":\"ImageObject\",\"inLanguage\":\"en-GB\",\"@id\":\"https:\/\/fiajewels.it\/prodotto\/collana-decollete-2-fili-perle-corallo-giade-arancione\/#primaryimage\",\"url\":\"https:\/\/fiajewels.it\/wp-content\/uploads\/2026\/05\/COLLANA-2-FILI-LUNGA-PERLE-CORALLO-GIADA-ARANCIONE-2.jpg\",\"contentUrl\":\"https:\/\/fiajewels.it\/wp-content\/uploads\/2026\/05\/COLLANA-2-FILI-LUNGA-PERLE-CORALLO-GIADA-ARANCIONE-2.jpg\",\"width\":1664,\"height\":2496},{\"@type\":\"BreadcrumbList\",\"@id\":\"https:\/\/fiajewels.it\/prodotto\/collana-decollete-2-fili-perle-corallo-giade-arancione\/#breadcrumb\",\"itemListElement\":[{\"@type\":\"ListItem\",\"position\":1,\"name\":\"Home\",\"item\":\"https:\/\/fiajewels.it\/\"},{\"@type\":\"ListItem\",\"position\":2,\"name\":\"Shop\",\"item\":\"https:\/\/fiajewels.it\/negozio\/\"},{\"@type\":\"ListItem\",\"position\":3,\"name\":\"Collana D\u00e9collet\u00e9 2 Fili Perle Corallo Giade Arancione\"}]},{\"@type\":\"WebSite\",\"@id\":\"https:\/\/fiajewels.it\/#website\",\"url\":\"https:\/\/fiajewels.it\/\",\"name\":\"FiaJewels\",\"description\":\"\",\"publisher\":{\"@id\":\"https:\/\/fiajewels.it\/#\/schema\/person\/2c57907c80620d109c8a7ad1ad6e0c4e\"},\"potentialAction\":[{\"@type\":\"SearchAction\",\"target\":{\"@type\":\"EntryPoint\",\"urlTemplate\":\"https:\/\/fiajewels.it\/?s={search_term_string}\"},\"query-input\":{\"@type\":\"PropertyValueSpecification\",\"valueRequired\":true,\"valueName\":\"search_term_string\"}}],\"inLanguage\":\"en-GB\"},{\"@type\":[\"Person\",\"Organization\"],\"@id\":\"https:\/\/fiajewels.it\/#\/schema\/person\/2c57907c80620d109c8a7ad1ad6e0c4e\",\"name\":\"FiaJewels\",\"image\":{\"@type\":\"ImageObject\",\"inLanguage\":\"en-GB\",\"@id\":\"https:\/\/fiajewels.it\/#\/schema\/person\/image\/\",\"url\":\"https:\/\/secure.gravatar.com\/avatar\/b9a386afa40b1775488d216d9f973cb34fb853546ac7d5681edead69ac4dfde1?s=96&d=mm&r=g\",\"contentUrl\":\"https:\/\/secure.gravatar.com\/avatar\/b9a386afa40b1775488d216d9f973cb34fb853546ac7d5681edead69ac4dfde1?s=96&d=mm&r=g\",\"caption\":\"FiaJewels\"},\"logo\":{\"@id\":\"https:\/\/fiajewels.it\/#\/schema\/person\/image\/\"}}]}<\/script>\n<!-- \/ Yoast SEO plugin. -->","yoast_head_json":{"title":"Collana D\u00e9collet\u00e9 2 Fili Perle Corallo Giade Arancione - FiaJewels","description":"Collana D\u00e9collet\u00e9 2 Fili Perle Corallo Giade Arancione Collana 2 fili bellissima, sui toni dell'arancione, in perle di Maiorca, corallo bamboo e giade","robots":{"index":"index","follow":"follow","max-snippet":"max-snippet:-1","max-image-preview":"max-image-preview:large","max-video-preview":"max-video-preview:-1"},"canonical":"https:\/\/fiajewels.it\/en\/product\/collana-decollete-2-fili-perle-corallo-giade-arancione\/","og_locale":"en_GB","og_type":"article","og_title":"Collana D\u00e9collet\u00e9 2 Fili Perle Corallo Giade Arancione - FiaJewels","og_description":"Collana D\u00e9collet\u00e9 2 Fili Perle Corallo Giade Arancione Collana 2 fili bellissima, sui toni dell'arancione, in perle di Maiorca, corallo bamboo e giade","og_url":"https:\/\/fiajewels.it\/en\/product\/collana-decollete-2-fili-perle-corallo-giade-arancione\/","og_site_name":"FiaJewels","article_modified_time":"2026-05-06T19:29:40+00:00","og_image":[{"width":683,"height":1024,"url":"https:\/\/fiajewels.it\/wp-content\/uploads\/2026\/05\/COLLANA-2-FILI-LUNGA-PERLE-CORALLO-GIADA-ARANCIONE-2-683x1024.jpg","type":"image\/jpeg"}],"twitter_card":"summary_large_image","twitter_misc":{"Estimated reading time":"1 minute"},"schema":{"@context":"https:\/\/schema.org","@graph":[{"@type":"WebPage","@id":"https:\/\/fiajewels.it\/prodotto\/collana-decollete-2-fili-perle-corallo-giade-arancione\/","url":"https:\/\/fiajewels.it\/prodotto\/collana-decollete-2-fili-perle-corallo-giade-arancione\/","name":"Collana D\u00e9collet\u00e9 2 Fili Perle Corallo Giade Arancione - FiaJewels","isPartOf":{"@id":"https:\/\/fiajewels.it\/#website"},"primaryImageOfPage":{"@id":"https:\/\/fiajewels.it\/prodotto\/collana-decollete-2-fili-perle-corallo-giade-arancione\/#primaryimage"},"image":{"@id":"https:\/\/fiajewels.it\/prodotto\/collana-decollete-2-fili-perle-corallo-giade-arancione\/#primaryimage"},"thumbnailUrl":"https:\/\/fiajewels.it\/wp-content\/uploads\/2026\/05\/COLLANA-2-FILI-LUNGA-PERLE-CORALLO-GIADA-ARANCIONE-2.jpg","datePublished":"2026-05-06T19:21:12+00:00","dateModified":"2026-05-06T19:29:40+00:00","description":"Collana D\u00e9collet\u00e9 2 Fili Perle Corallo Giade Arancione Collana 2 fili bellissima, sui toni dell'arancione, in perle di Maiorca, corallo bamboo e giade","breadcrumb":{"@id":"https:\/\/fiajewels.it\/prodotto\/collana-decollete-2-fili-perle-corallo-giade-arancione\/#breadcrumb"},"inLanguage":"en-GB","potentialAction":[{"@type":"ReadAction","target":["https:\/\/fiajewels.it\/prodotto\/collana-decollete-2-fili-perle-corallo-giade-arancione\/"]}]},{"@type":"ImageObject","inLanguage":"en-GB","@id":"https:\/\/fiajewels.it\/prodotto\/collana-decollete-2-fili-perle-corallo-giade-arancione\/#primaryimage","url":"https:\/\/fiajewels.it\/wp-content\/uploads\/2026\/05\/COLLANA-2-FILI-LUNGA-PERLE-CORALLO-GIADA-ARANCIONE-2.jpg","contentUrl":"https:\/\/fiajewels.it\/wp-content\/uploads\/2026\/05\/COLLANA-2-FILI-LUNGA-PERLE-CORALLO-GIADA-ARANCIONE-2.jpg","width":1664,"height":2496},{"@type":"BreadcrumbList","@id":"https:\/\/fiajewels.it\/prodotto\/collana-decollete-2-fili-perle-corallo-giade-arancione\/#breadcrumb","itemListElement":[{"@type":"ListItem","position":1,"name":"Home","item":"https:\/\/fiajewels.it\/"},{"@type":"ListItem","position":2,"name":"Shop","item":"https:\/\/fiajewels.it\/negozio\/"},{"@type":"ListItem","position":3,"name":"Collana D\u00e9collet\u00e9 2 Fili Perle Corallo Giade Arancione"}]},{"@type":"WebSite","@id":"https:\/\/fiajewels.it\/#website","url":"https:\/\/fiajewels.it\/","name":"FiaJewels","description":"","publisher":{"@id":"https:\/\/fiajewels.it\/#\/schema\/person\/2c57907c80620d109c8a7ad1ad6e0c4e"},"potentialAction":[{"@type":"SearchAction","target":{"@type":"EntryPoint","urlTemplate":"https:\/\/fiajewels.it\/?s={search_term_string}"},"query-input":{"@type":"PropertyValueSpecification","valueRequired":true,"valueName":"search_term_string"}}],"inLanguage":"en-GB"},{"@type":["Person","Organization"],"@id":"https:\/\/fiajewels.it\/#\/schema\/person\/2c57907c80620d109c8a7ad1ad6e0c4e","name":"FiaJewels","image":{"@type":"ImageObject","inLanguage":"en-GB","@id":"https:\/\/fiajewels.it\/#\/schema\/person\/image\/","url":"https:\/\/secure.gravatar.com\/avatar\/b9a386afa40b1775488d216d9f973cb34fb853546ac7d5681edead69ac4dfde1?s=96&d=mm&r=g","contentUrl":"https:\/\/secure.gravatar.com\/avatar\/b9a386afa40b1775488d216d9f973cb34fb853546ac7d5681edead69ac4dfde1?s=96&d=mm&r=g","caption":"FiaJewels"},"logo":{"@id":"https:\/\/fiajewels.it\/#\/schema\/person\/image\/"}}]}},"_links":{"self":[{"href":"https:\/\/fiajewels.it\/en\/wp-json\/wp\/v2\/product\/45213","targetHints":{"allow":["GET"]}}],"collection":[{"href":"https:\/\/fiajewels.it\/en\/wp-json\/wp\/v2\/product"}],"about":[{"href":"https:\/\/fiajewels.it\/en\/wp-json\/wp\/v2\/types\/product"}],"wp:featuredmedia":[{"embeddable":true,"href":"https:\/\/fiajewels.it\/en\/wp-json\/wp\/v2\/media\/45218"}],"wp:attachment":[{"href":"https:\/\/fiajewels.it\/en\/wp-json\/wp\/v2\/media?parent=45213"}],"wp:term":[{"taxonomy":"product_brand","embeddable":true,"href":"https:\/\/fiajewels.it\/en\/wp-json\/wp\/v2\/product_brand?post=45213"},{"taxonomy":"product_cat","embeddable":true,"href":"https:\/\/fiajewels.it\/en\/wp-json\/wp\/v2\/product_cat?post=45213"},{"taxonomy":"product_tag","embeddable":true,"href":"https:\/\/fiajewels.it\/en\/wp-json\/wp\/v2\/product_tag?post=45213"}],"curies":[{"name":"wp","href":"https:\/\/api.w.org\/{rel}","templated":true}]}}