{"id":45089,"date":"2026-05-04T22:15:30","date_gmt":"2026-05-04T20:15:30","guid":{"rendered":"https:\/\/fiajewels.it\/?post_type=product&#038;p=45089"},"modified":"2026-05-04T22:30:47","modified_gmt":"2026-05-04T20:30:47","slug":"collana-decollete-perle-naturali-grappolo-corallo-mediterraneo","status":"publish","type":"product","link":"https:\/\/fiajewels.it\/en\/product\/collana-decollete-perle-naturali-grappolo-corallo-mediterraneo\/","title":{"rendered":"Natural Pearl D\u00e9collet\u00e9 Necklace with Mediterranean Coral Cluster"},"content":{"rendered":"<p>Natural Pearl D\u00e9collet\u00e9 Necklace with Mediterranean Coral Cluster<\/p>\n<p>Collana in perle naturali con grande pendente formato da un grappolo\u00a0 in corallo naturale del Mediterraneo<br \/>\nFiniture in acciaio e annodatura tra le pietre<\/p>\n<p>E&#8217; lunga 48 cm + 15 cm il pendente<\/p>","protected":false},"excerpt":{"rendered":"<section class=\"text-token-text-primary w-full focus:outline-none [--shadow-height:45px] has-data-writing-block:pointer-events-none has-data-writing-block:-mt-(--shadow-height) has-data-writing-block:pt-(--shadow-height) [&amp;:has([data-writing-block])&gt;*]:pointer-events-auto [content-visibility:auto] supports-[content-visibility:auto]:[contain-intrinsic-size:auto_100lvh] R6Vx5W_threadScrollVars scroll-mb-[calc(var(--scroll-root-safe-area-inset-bottom,0px)+var(--thread-response-height))] scroll-mt-[calc(var(--header-height)+min(200px,max(70px,20svh)))]\" dir=\"auto\" data-turn-id=\"request-67e31d8a-d214-8005-9b69-3ffd734258b3-3\" data-testid=\"conversation-turn-2\" data-scroll-anchor=\"false\" data-turn=\"assistant\">\n<div class=\"text-base my-auto mx-auto pb-10 [--thread-content-margin:var(--thread-content-margin-xs,calc(var(--spacing)*4))] @w-sm\/main:[--thread-content-margin:var(--thread-content-margin-sm,calc(var(--spacing)*6))] @w-lg\/main:[--thread-content-margin:var(--thread-content-margin-lg,calc(var(--spacing)*16))] px-(--thread-content-margin)\">\n<div class=\"[--thread-content-max-width:40rem] @w-lg\/main:[--thread-content-max-width:48rem] mx-auto max-w-(--thread-content-max-width) flex-1 group\/turn-messages focus-visible:outline-hidden relative flex w-full min-w-0 flex-col agent-turn\">\n<div class=\"flex max-w-full flex-col gap-4 grow\">\n<div class=\"min-h-8 text-message relative flex w-full flex-col items-end gap-2 text-start break-words whitespace-normal outline-none keyboard-focused:focus-ring [.text-message+&amp;]:mt-1\" dir=\"auto\" tabindex=\"0\" data-message-author-role=\"assistant\" data-message-id=\"7e4af192-ac2c-4f7e-aaab-d10072b93ec6\" data-message-model-slug=\"gpt-5-3\" data-turn-start-message=\"true\">\n<div class=\"flex w-full flex-col gap-1 empty:hidden\">\n<div class=\"markdown prose dark:prose-invert w-full wrap-break-word light markdown-new-styling\">\n<p data-start=\"0\" data-end=\"267\">Un gioiello che cattura lo sguardo e racconta carattere \ud83d\udcab<br data-start=\"58\" data-end=\"61\" \/>Questa collana in perle naturali \u00e8 impreziosita da un importante pendente a grappolo in corallo del Mediterraneo, per un contrasto elegante e deciso \u2764\ufe0f<\/p>\n<p data-start=\"269\" data-end=\"447\">Le finiture in acciaio e l\u2019annodatura tra le pietre esaltano la lavorazione artigianale, curata in ogni dettaglio. Perfetta per valorizzare il d\u00e9collet\u00e9 con stile e personalit\u00e0.<\/p>\n<p data-start=\"449\" data-end=\"497\" data-is-last-node=\"\" data-is-only-node=\"\">\ud83d\udccf Lunghezza collana: 48 cm<br data-start=\"476\" data-end=\"479\" \/>\ud83d\udccf Pendente: 15 cm<\/p>\n<\/div>\n<\/div>\n<\/div>\n<\/div>\n<\/div>\n<\/div>\n<\/section>\n","protected":false},"featured_media":45090,"template":"","meta":{"_joinchat":[]},"product_brand":[],"product_cat":[34,43,1016],"product_tag":[199,180,188,64,1431,98,214,102,343,71,186,85],"class_list":{"0":"post-45089","1":"product","2":"type-product","3":"status-publish","4":"has-post-thumbnail","6":"product_cat-collane","7":"product_cat-collane-collane","8":"product_cat-novita","9":"product_tag-collana-artigianale","10":"product_tag-collana-donna","11":"product_tag-collana-fatta-a-mano","12":"product_tag-corallo","13":"product_tag-donna","14":"product_tag-gioielli-artigianali","15":"product_tag-gioielli-siciliani","16":"product_tag-gioielli-unici","17":"product_tag-perla","18":"product_tag-perle","19":"product_tag-regalo-per-lei","20":"product_tag-rosso","21":"product_shipping_class-350-1000g","23":"first","24":"instock","25":"shipping-taxable","26":"purchasable","27":"product-type-simple"},"yoast_head":"<!-- This site is optimized with the Yoast SEO plugin v27.1.1 - https:\/\/yoast.com\/product\/yoast-seo-wordpress\/ -->\n<title>Collana D\u00e9collet\u00e9 Perle Naturali Grappolo Corallo Mediterraneo - FiaJewels<\/title>\n<meta name=\"description\" content=\"Collana D\u00e9collet\u00e9 Perle Naturali Grappolo Corallo Mediterraneo Collana in perle naturali con grande pendente formato da un grappolo\u00a0 in corallo naturale\" \/>\n<meta name=\"robots\" content=\"index, follow, max-snippet:-1, max-image-preview:large, max-video-preview:-1\" \/>\n<link rel=\"canonical\" href=\"https:\/\/fiajewels.it\/en\/product\/collana-decollete-perle-naturali-grappolo-corallo-mediterraneo\/\" \/>\n<meta property=\"og:locale\" content=\"en_GB\" \/>\n<meta property=\"og:type\" content=\"article\" \/>\n<meta property=\"og:title\" content=\"Collana D\u00e9collet\u00e9 Perle Naturali Grappolo Corallo Mediterraneo - FiaJewels\" \/>\n<meta property=\"og:description\" content=\"Collana D\u00e9collet\u00e9 Perle Naturali Grappolo Corallo Mediterraneo Collana in perle naturali con grande pendente formato da un grappolo\u00a0 in corallo naturale\" \/>\n<meta property=\"og:url\" content=\"https:\/\/fiajewels.it\/en\/product\/collana-decollete-perle-naturali-grappolo-corallo-mediterraneo\/\" \/>\n<meta property=\"og:site_name\" content=\"FiaJewels\" \/>\n<meta property=\"article:modified_time\" content=\"2026-05-04T20:30:47+00:00\" \/>\n<meta property=\"og:image\" content=\"https:\/\/fiajewels.it\/wp-content\/uploads\/2026\/05\/COLLANA-ARTIGIANALE-PERLE-GRAPPOLO-CORALLO-1.jpg\" \/>\n\t<meta property=\"og:image:width\" content=\"2496\" \/>\n\t<meta property=\"og:image:height\" content=\"1664\" \/>\n\t<meta property=\"og:image:type\" content=\"image\/jpeg\" \/>\n<meta name=\"twitter:card\" content=\"summary_large_image\" \/>\n<meta name=\"twitter:label1\" content=\"Estimated reading time\" \/>\n\t<meta name=\"twitter:data1\" content=\"1 minute\" \/>\n<script type=\"application\/ld+json\" class=\"yoast-schema-graph\">{\"@context\":\"https:\/\/schema.org\",\"@graph\":[{\"@type\":\"WebPage\",\"@id\":\"https:\/\/fiajewels.it\/prodotto\/collana-decollete-perle-naturali-grappolo-corallo-mediterraneo\/\",\"url\":\"https:\/\/fiajewels.it\/prodotto\/collana-decollete-perle-naturali-grappolo-corallo-mediterraneo\/\",\"name\":\"Collana D\u00e9collet\u00e9 Perle Naturali Grappolo Corallo Mediterraneo - FiaJewels\",\"isPartOf\":{\"@id\":\"https:\/\/fiajewels.it\/#website\"},\"primaryImageOfPage\":{\"@id\":\"https:\/\/fiajewels.it\/prodotto\/collana-decollete-perle-naturali-grappolo-corallo-mediterraneo\/#primaryimage\"},\"image\":{\"@id\":\"https:\/\/fiajewels.it\/prodotto\/collana-decollete-perle-naturali-grappolo-corallo-mediterraneo\/#primaryimage\"},\"thumbnailUrl\":\"https:\/\/fiajewels.it\/wp-content\/uploads\/2026\/05\/COLLANA-ARTIGIANALE-PERLE-GRAPPOLO-CORALLO-1.jpg\",\"datePublished\":\"2026-05-04T20:15:30+00:00\",\"dateModified\":\"2026-05-04T20:30:47+00:00\",\"description\":\"Collana D\u00e9collet\u00e9 Perle Naturali Grappolo Corallo Mediterraneo Collana in perle naturali con grande pendente formato da un grappolo\u00a0 in corallo naturale\",\"breadcrumb\":{\"@id\":\"https:\/\/fiajewels.it\/prodotto\/collana-decollete-perle-naturali-grappolo-corallo-mediterraneo\/#breadcrumb\"},\"inLanguage\":\"en-GB\",\"potentialAction\":[{\"@type\":\"ReadAction\",\"target\":[\"https:\/\/fiajewels.it\/prodotto\/collana-decollete-perle-naturali-grappolo-corallo-mediterraneo\/\"]}]},{\"@type\":\"ImageObject\",\"inLanguage\":\"en-GB\",\"@id\":\"https:\/\/fiajewels.it\/prodotto\/collana-decollete-perle-naturali-grappolo-corallo-mediterraneo\/#primaryimage\",\"url\":\"https:\/\/fiajewels.it\/wp-content\/uploads\/2026\/05\/COLLANA-ARTIGIANALE-PERLE-GRAPPOLO-CORALLO-1.jpg\",\"contentUrl\":\"https:\/\/fiajewels.it\/wp-content\/uploads\/2026\/05\/COLLANA-ARTIGIANALE-PERLE-GRAPPOLO-CORALLO-1.jpg\",\"width\":2496,\"height\":1664},{\"@type\":\"BreadcrumbList\",\"@id\":\"https:\/\/fiajewels.it\/prodotto\/collana-decollete-perle-naturali-grappolo-corallo-mediterraneo\/#breadcrumb\",\"itemListElement\":[{\"@type\":\"ListItem\",\"position\":1,\"name\":\"Home\",\"item\":\"https:\/\/fiajewels.it\/\"},{\"@type\":\"ListItem\",\"position\":2,\"name\":\"Shop\",\"item\":\"https:\/\/fiajewels.it\/negozio\/\"},{\"@type\":\"ListItem\",\"position\":3,\"name\":\"Collana D\u00e9collet\u00e9 Perle Naturali Grappolo Corallo Mediterraneo\"}]},{\"@type\":\"WebSite\",\"@id\":\"https:\/\/fiajewels.it\/#website\",\"url\":\"https:\/\/fiajewels.it\/\",\"name\":\"FiaJewels\",\"description\":\"\",\"publisher\":{\"@id\":\"https:\/\/fiajewels.it\/#\/schema\/person\/2c57907c80620d109c8a7ad1ad6e0c4e\"},\"potentialAction\":[{\"@type\":\"SearchAction\",\"target\":{\"@type\":\"EntryPoint\",\"urlTemplate\":\"https:\/\/fiajewels.it\/?s={search_term_string}\"},\"query-input\":{\"@type\":\"PropertyValueSpecification\",\"valueRequired\":true,\"valueName\":\"search_term_string\"}}],\"inLanguage\":\"en-GB\"},{\"@type\":[\"Person\",\"Organization\"],\"@id\":\"https:\/\/fiajewels.it\/#\/schema\/person\/2c57907c80620d109c8a7ad1ad6e0c4e\",\"name\":\"FiaJewels\",\"image\":{\"@type\":\"ImageObject\",\"inLanguage\":\"en-GB\",\"@id\":\"https:\/\/fiajewels.it\/#\/schema\/person\/image\/\",\"url\":\"https:\/\/secure.gravatar.com\/avatar\/b9a386afa40b1775488d216d9f973cb34fb853546ac7d5681edead69ac4dfde1?s=96&d=mm&r=g\",\"contentUrl\":\"https:\/\/secure.gravatar.com\/avatar\/b9a386afa40b1775488d216d9f973cb34fb853546ac7d5681edead69ac4dfde1?s=96&d=mm&r=g\",\"caption\":\"FiaJewels\"},\"logo\":{\"@id\":\"https:\/\/fiajewels.it\/#\/schema\/person\/image\/\"}}]}<\/script>\n<!-- \/ Yoast SEO plugin. -->","yoast_head_json":{"title":"Collana D\u00e9collet\u00e9 Perle Naturali Grappolo Corallo Mediterraneo - FiaJewels","description":"Collana D\u00e9collet\u00e9 Perle Naturali Grappolo Corallo Mediterraneo Collana in perle naturali con grande pendente formato da un grappolo\u00a0 in corallo naturale","robots":{"index":"index","follow":"follow","max-snippet":"max-snippet:-1","max-image-preview":"max-image-preview:large","max-video-preview":"max-video-preview:-1"},"canonical":"https:\/\/fiajewels.it\/en\/product\/collana-decollete-perle-naturali-grappolo-corallo-mediterraneo\/","og_locale":"en_GB","og_type":"article","og_title":"Collana D\u00e9collet\u00e9 Perle Naturali Grappolo Corallo Mediterraneo - FiaJewels","og_description":"Collana D\u00e9collet\u00e9 Perle Naturali Grappolo Corallo Mediterraneo Collana in perle naturali con grande pendente formato da un grappolo\u00a0 in corallo naturale","og_url":"https:\/\/fiajewels.it\/en\/product\/collana-decollete-perle-naturali-grappolo-corallo-mediterraneo\/","og_site_name":"FiaJewels","article_modified_time":"2026-05-04T20:30:47+00:00","og_image":[{"width":2496,"height":1664,"url":"https:\/\/fiajewels.it\/wp-content\/uploads\/2026\/05\/COLLANA-ARTIGIANALE-PERLE-GRAPPOLO-CORALLO-1.jpg","type":"image\/jpeg"}],"twitter_card":"summary_large_image","twitter_misc":{"Estimated reading time":"1 minute"},"schema":{"@context":"https:\/\/schema.org","@graph":[{"@type":"WebPage","@id":"https:\/\/fiajewels.it\/prodotto\/collana-decollete-perle-naturali-grappolo-corallo-mediterraneo\/","url":"https:\/\/fiajewels.it\/prodotto\/collana-decollete-perle-naturali-grappolo-corallo-mediterraneo\/","name":"Collana D\u00e9collet\u00e9 Perle Naturali Grappolo Corallo Mediterraneo - FiaJewels","isPartOf":{"@id":"https:\/\/fiajewels.it\/#website"},"primaryImageOfPage":{"@id":"https:\/\/fiajewels.it\/prodotto\/collana-decollete-perle-naturali-grappolo-corallo-mediterraneo\/#primaryimage"},"image":{"@id":"https:\/\/fiajewels.it\/prodotto\/collana-decollete-perle-naturali-grappolo-corallo-mediterraneo\/#primaryimage"},"thumbnailUrl":"https:\/\/fiajewels.it\/wp-content\/uploads\/2026\/05\/COLLANA-ARTIGIANALE-PERLE-GRAPPOLO-CORALLO-1.jpg","datePublished":"2026-05-04T20:15:30+00:00","dateModified":"2026-05-04T20:30:47+00:00","description":"Collana D\u00e9collet\u00e9 Perle Naturali Grappolo Corallo Mediterraneo Collana in perle naturali con grande pendente formato da un grappolo\u00a0 in corallo naturale","breadcrumb":{"@id":"https:\/\/fiajewels.it\/prodotto\/collana-decollete-perle-naturali-grappolo-corallo-mediterraneo\/#breadcrumb"},"inLanguage":"en-GB","potentialAction":[{"@type":"ReadAction","target":["https:\/\/fiajewels.it\/prodotto\/collana-decollete-perle-naturali-grappolo-corallo-mediterraneo\/"]}]},{"@type":"ImageObject","inLanguage":"en-GB","@id":"https:\/\/fiajewels.it\/prodotto\/collana-decollete-perle-naturali-grappolo-corallo-mediterraneo\/#primaryimage","url":"https:\/\/fiajewels.it\/wp-content\/uploads\/2026\/05\/COLLANA-ARTIGIANALE-PERLE-GRAPPOLO-CORALLO-1.jpg","contentUrl":"https:\/\/fiajewels.it\/wp-content\/uploads\/2026\/05\/COLLANA-ARTIGIANALE-PERLE-GRAPPOLO-CORALLO-1.jpg","width":2496,"height":1664},{"@type":"BreadcrumbList","@id":"https:\/\/fiajewels.it\/prodotto\/collana-decollete-perle-naturali-grappolo-corallo-mediterraneo\/#breadcrumb","itemListElement":[{"@type":"ListItem","position":1,"name":"Home","item":"https:\/\/fiajewels.it\/"},{"@type":"ListItem","position":2,"name":"Shop","item":"https:\/\/fiajewels.it\/negozio\/"},{"@type":"ListItem","position":3,"name":"Collana D\u00e9collet\u00e9 Perle Naturali Grappolo Corallo Mediterraneo"}]},{"@type":"WebSite","@id":"https:\/\/fiajewels.it\/#website","url":"https:\/\/fiajewels.it\/","name":"FiaJewels","description":"","publisher":{"@id":"https:\/\/fiajewels.it\/#\/schema\/person\/2c57907c80620d109c8a7ad1ad6e0c4e"},"potentialAction":[{"@type":"SearchAction","target":{"@type":"EntryPoint","urlTemplate":"https:\/\/fiajewels.it\/?s={search_term_string}"},"query-input":{"@type":"PropertyValueSpecification","valueRequired":true,"valueName":"search_term_string"}}],"inLanguage":"en-GB"},{"@type":["Person","Organization"],"@id":"https:\/\/fiajewels.it\/#\/schema\/person\/2c57907c80620d109c8a7ad1ad6e0c4e","name":"FiaJewels","image":{"@type":"ImageObject","inLanguage":"en-GB","@id":"https:\/\/fiajewels.it\/#\/schema\/person\/image\/","url":"https:\/\/secure.gravatar.com\/avatar\/b9a386afa40b1775488d216d9f973cb34fb853546ac7d5681edead69ac4dfde1?s=96&d=mm&r=g","contentUrl":"https:\/\/secure.gravatar.com\/avatar\/b9a386afa40b1775488d216d9f973cb34fb853546ac7d5681edead69ac4dfde1?s=96&d=mm&r=g","caption":"FiaJewels"},"logo":{"@id":"https:\/\/fiajewels.it\/#\/schema\/person\/image\/"}}]}},"_links":{"self":[{"href":"https:\/\/fiajewels.it\/en\/wp-json\/wp\/v2\/product\/45089","targetHints":{"allow":["GET"]}}],"collection":[{"href":"https:\/\/fiajewels.it\/en\/wp-json\/wp\/v2\/product"}],"about":[{"href":"https:\/\/fiajewels.it\/en\/wp-json\/wp\/v2\/types\/product"}],"wp:featuredmedia":[{"embeddable":true,"href":"https:\/\/fiajewels.it\/en\/wp-json\/wp\/v2\/media\/45090"}],"wp:attachment":[{"href":"https:\/\/fiajewels.it\/en\/wp-json\/wp\/v2\/media?parent=45089"}],"wp:term":[{"taxonomy":"product_brand","embeddable":true,"href":"https:\/\/fiajewels.it\/en\/wp-json\/wp\/v2\/product_brand?post=45089"},{"taxonomy":"product_cat","embeddable":true,"href":"https:\/\/fiajewels.it\/en\/wp-json\/wp\/v2\/product_cat?post=45089"},{"taxonomy":"product_tag","embeddable":true,"href":"https:\/\/fiajewels.it\/en\/wp-json\/wp\/v2\/product_tag?post=45089"}],"curies":[{"name":"wp","href":"https:\/\/api.w.org\/{rel}","templated":true}]}}