{"id":43997,"date":"2026-04-06T22:23:26","date_gmt":"2026-04-06T20:23:26","guid":{"rendered":"https:\/\/fiajewels.it\/?post_type=product&#038;p=43997"},"modified":"2026-04-06T22:31:59","modified_gmt":"2026-04-06T20:31:59","slug":"collana-multifilo-lariat-a-y-zirconi-ruby-perle-amazzonite-argento-925","status":"publish","type":"product","link":"https:\/\/fiajewels.it\/en\/product\/collana-multifilo-lariat-a-y-zirconi-ruby-perle-amazzonite-argento-925\/","title":{"rendered":"Multi-strand Y-shaped Lariat Necklace with Zirconia, Ruby, Amazonite Pearls, 925 Silver"},"content":{"rendered":"<p>Multi-strand Y-shaped Lariat Necklace with Zirconia, Ruby, Amazonite Pearls, 925 Silver<\/p>\n<p>Aggiungi un tocco di eleganza e fascino al tuo look con questa collana Lariat (a Y), per met\u00e0 in zirconi naturali ruby (ben 12 fili) luminosi da togliere il fiato e per met\u00e0 in amazzonite e grandi perle naturali<\/p>\n<p>Le gemme sono alternate a ematite gold che dona dei punti luce molto eleganti. Il pendente, che monta una amazzonite e una perla molto molto grande, non \u00e8 staccabile ma con un supplemento di costo posso aggiungere un moschettone in argento cos\u00ec la vostra collana sar\u00e0 ancora piu versatile.<\/p>\n<p>The finishes are in gold plated 925 silver<\/p>\n<p>Materiale: Zirconi Naturali, Amazzonite, Argento 925<\/p>\n<p>Colore: Ruby oro azzurro<\/p>\n<h4>Length: necklace 46 cm adjustable with chain + 9.5 cm pendant<\/h4>\n<blockquote class=\"wp-embedded-content\" data-secret=\"Le3GoiFtq1\"><p><a href=\"https:\/\/fiajewels.it\/en\/product\/supplemento-per-spedizione-assicurata\/\">Surcharge for insured shipping<\/a><\/p><\/blockquote>\n<p><iframe loading=\"lazy\" class=\"wp-embedded-content\" sandbox=\"allow-scripts\" security=\"restricted\" style=\"position: absolute; visibility: hidden;\" title=\"\u201cInsured Shipping Surcharge\u201d \u2014 FiaJewels\" src=\"https:\/\/fiajewels.it\/prodotto\/supplemento-per-spedizione-assicurata\/embed\/#?secret=P6zcGpnbIx#?secret=Le3GoiFtq1\" data-secret=\"Le3GoiFtq1\" width=\"600\" height=\"338\" frameborder=\"0\" marginwidth=\"0\" marginheight=\"0\" scrolling=\"no\"><\/iframe><\/p>\n<p>&nbsp;<\/p>","protected":false},"excerpt":{"rendered":"<h2 data-start=\"148\" data-end=\"209\"><strong>*Collezione Queen*<\/strong><\/h2>\n<div class=\"min-h-8 text-message relative flex w-full flex-col items-end gap-2 text-start break-words whitespace-normal [.text-message+&amp;]:mt-1\" dir=\"auto\" data-message-author-role=\"assistant\" data-message-id=\"9f13a0ff-8aee-49a9-8621-833e91e01316\" data-message-model-slug=\"gpt-5-2\">\n<div class=\"flex w-full flex-col gap-1 empty:hidden first:pt-[1px]\">\n<div class=\"markdown prose dark:prose-invert w-full break-words light markdown-new-styling\">\n<hr data-start=\"80\" data-end=\"83\" \/>\n<p data-start=\"0\" data-end=\"270\">Raffinata e luminosa, questa collana multifilo Lariat (a Y) \u00e8 pensata per chi ama distinguersi con stile \ud83d\udcab<br data-start=\"107\" data-end=\"110\" \/>Dodici fili di zirconi naturali color ruby si uniscono all\u2019amazzonite e a grandi perle naturali, creando un gioco di colori e volumi che cattura lo sguardo \u2764\ufe0f<\/p>\n<p data-start=\"272\" data-end=\"425\">Le sfere in ematite gold aggiungono delicati punti luce, mentre il pendente con amazzonite e perla importante dona carattere e movimento al d\u00e9collet\u00e9 \u2728<\/p>\n<p data-start=\"427\" data-end=\"558\">Realizzata in argento 925 placcato oro, \u00e8 un gioiello che accompagna con classe sia i look quotidiani che quelli pi\u00f9 ricercati \ud83d\udc8e<\/p>\n<p data-start=\"560\" data-end=\"690\" data-is-last-node=\"\" data-is-only-node=\"\">Lunghezza regolabile per adattarsi perfettamente a ogni esigenza, con possibilit\u00e0 di renderla ancora pi\u00f9 versatile su richiesta \ud83d\udd17<\/p>\n<\/div>\n<\/div>\n<\/div>\n","protected":false},"featured_media":44006,"template":"","meta":{"_joinchat":[]},"product_brand":[],"product_cat":[34,43,1016],"product_tag":[923,1422,191,1390,1405,1274,197,1406,343,71,186,116,1336,115],"class_list":{"0":"post-43997","1":"product","2":"type-product","3":"status-publish","4":"has-post-thumbnail","6":"product_cat-collane","7":"product_cat-collane-collane","8":"product_cat-novita","9":"product_tag-amazzonite","10":"product_tag-barocche","11":"product_tag-collana-di-moda","12":"product_tag-collana-elegante","13":"product_tag-collana-per-lei","14":"product_tag-ematite","15":"product_tag-gioielli-di-moda","16":"product_tag-gioielli-per-lei","17":"product_tag-perla","18":"product_tag-perle","19":"product_tag-regalo-per-lei","20":"product_tag-rubino","21":"product_tag-ruby","22":"product_tag-zirconi","23":"product_shipping_class-350-1000g","25":"first","26":"instock","27":"shipping-taxable","28":"purchasable","29":"product-type-simple"},"yoast_head":"<!-- This site is optimized with the Yoast SEO plugin v27.1.1 - https:\/\/yoast.com\/product\/yoast-seo-wordpress\/ -->\n<title>Collana Multifilo Lariat a Y Zirconi Ruby Perle Amazzonite Argento 925 - FiaJewels<\/title>\n<meta name=\"description\" content=\"Collana Multifilo Lariat a Y Zirconi Ruby Perle Amazzonite Argento 925 Aggiungi un tocco di eleganza e fascino al tuo look con questa collana Lariat (a Y)\" \/>\n<meta name=\"robots\" content=\"index, follow, max-snippet:-1, max-image-preview:large, max-video-preview:-1\" \/>\n<link rel=\"canonical\" href=\"https:\/\/fiajewels.it\/en\/product\/collana-multifilo-lariat-a-y-zirconi-ruby-perle-amazzonite-argento-925\/\" \/>\n<meta property=\"og:locale\" content=\"en_GB\" \/>\n<meta property=\"og:type\" content=\"article\" \/>\n<meta property=\"og:title\" content=\"Collana Multifilo Lariat a Y Zirconi Ruby Perle Amazzonite Argento 925 - FiaJewels\" \/>\n<meta property=\"og:description\" content=\"Collana Multifilo Lariat a Y Zirconi Ruby Perle Amazzonite Argento 925 Aggiungi un tocco di eleganza e fascino al tuo look con questa collana Lariat (a Y)\" \/>\n<meta property=\"og:url\" content=\"https:\/\/fiajewels.it\/en\/product\/collana-multifilo-lariat-a-y-zirconi-ruby-perle-amazzonite-argento-925\/\" \/>\n<meta property=\"og:site_name\" content=\"FiaJewels\" \/>\n<meta property=\"article:modified_time\" content=\"2026-04-06T20:31:59+00:00\" \/>\n<meta property=\"og:image\" content=\"https:\/\/fiajewels.it\/wp-content\/uploads\/2026\/04\/COLLANA-ARTIGIANALE-LARIAT-ZIRCONI-NATURALI-RUBY-AMAZZONITE-PERLE-ARGENTO.jpg\" \/>\n\t<meta property=\"og:image:width\" content=\"842\" \/>\n\t<meta property=\"og:image:height\" content=\"1264\" \/>\n\t<meta property=\"og:image:type\" content=\"image\/jpeg\" \/>\n<meta name=\"twitter:card\" content=\"summary_large_image\" \/>\n<meta name=\"twitter:label1\" content=\"Estimated reading time\" \/>\n\t<meta name=\"twitter:data1\" content=\"1 minute\" \/>\n<script type=\"application\/ld+json\" class=\"yoast-schema-graph\">{\"@context\":\"https:\/\/schema.org\",\"@graph\":[{\"@type\":\"WebPage\",\"@id\":\"https:\/\/fiajewels.it\/prodotto\/collana-multifilo-lariat-a-y-zirconi-ruby-perle-amazzonite-argento-925\/\",\"url\":\"https:\/\/fiajewels.it\/prodotto\/collana-multifilo-lariat-a-y-zirconi-ruby-perle-amazzonite-argento-925\/\",\"name\":\"Collana Multifilo Lariat a Y Zirconi Ruby Perle Amazzonite Argento 925 - FiaJewels\",\"isPartOf\":{\"@id\":\"https:\/\/fiajewels.it\/#website\"},\"primaryImageOfPage\":{\"@id\":\"https:\/\/fiajewels.it\/prodotto\/collana-multifilo-lariat-a-y-zirconi-ruby-perle-amazzonite-argento-925\/#primaryimage\"},\"image\":{\"@id\":\"https:\/\/fiajewels.it\/prodotto\/collana-multifilo-lariat-a-y-zirconi-ruby-perle-amazzonite-argento-925\/#primaryimage\"},\"thumbnailUrl\":\"https:\/\/fiajewels.it\/wp-content\/uploads\/2026\/04\/COLLANA-ARTIGIANALE-LARIAT-ZIRCONI-NATURALI-RUBY-AMAZZONITE-PERLE-ARGENTO.jpg\",\"datePublished\":\"2026-04-06T20:23:26+00:00\",\"dateModified\":\"2026-04-06T20:31:59+00:00\",\"description\":\"Collana Multifilo Lariat a Y Zirconi Ruby Perle Amazzonite Argento 925 Aggiungi un tocco di eleganza e fascino al tuo look con questa collana Lariat (a Y)\",\"breadcrumb\":{\"@id\":\"https:\/\/fiajewels.it\/prodotto\/collana-multifilo-lariat-a-y-zirconi-ruby-perle-amazzonite-argento-925\/#breadcrumb\"},\"inLanguage\":\"en-GB\",\"potentialAction\":[{\"@type\":\"ReadAction\",\"target\":[\"https:\/\/fiajewels.it\/prodotto\/collana-multifilo-lariat-a-y-zirconi-ruby-perle-amazzonite-argento-925\/\"]}]},{\"@type\":\"ImageObject\",\"inLanguage\":\"en-GB\",\"@id\":\"https:\/\/fiajewels.it\/prodotto\/collana-multifilo-lariat-a-y-zirconi-ruby-perle-amazzonite-argento-925\/#primaryimage\",\"url\":\"https:\/\/fiajewels.it\/wp-content\/uploads\/2026\/04\/COLLANA-ARTIGIANALE-LARIAT-ZIRCONI-NATURALI-RUBY-AMAZZONITE-PERLE-ARGENTO.jpg\",\"contentUrl\":\"https:\/\/fiajewels.it\/wp-content\/uploads\/2026\/04\/COLLANA-ARTIGIANALE-LARIAT-ZIRCONI-NATURALI-RUBY-AMAZZONITE-PERLE-ARGENTO.jpg\",\"width\":842,\"height\":1264},{\"@type\":\"BreadcrumbList\",\"@id\":\"https:\/\/fiajewels.it\/prodotto\/collana-multifilo-lariat-a-y-zirconi-ruby-perle-amazzonite-argento-925\/#breadcrumb\",\"itemListElement\":[{\"@type\":\"ListItem\",\"position\":1,\"name\":\"Home\",\"item\":\"https:\/\/fiajewels.it\/\"},{\"@type\":\"ListItem\",\"position\":2,\"name\":\"Shop\",\"item\":\"https:\/\/fiajewels.it\/negozio\/\"},{\"@type\":\"ListItem\",\"position\":3,\"name\":\"Collana Multifilo Lariat a Y Zirconi Ruby Perle Amazzonite Argento 925\"}]},{\"@type\":\"WebSite\",\"@id\":\"https:\/\/fiajewels.it\/#website\",\"url\":\"https:\/\/fiajewels.it\/\",\"name\":\"FiaJewels\",\"description\":\"\",\"publisher\":{\"@id\":\"https:\/\/fiajewels.it\/#\/schema\/person\/2c57907c80620d109c8a7ad1ad6e0c4e\"},\"potentialAction\":[{\"@type\":\"SearchAction\",\"target\":{\"@type\":\"EntryPoint\",\"urlTemplate\":\"https:\/\/fiajewels.it\/?s={search_term_string}\"},\"query-input\":{\"@type\":\"PropertyValueSpecification\",\"valueRequired\":true,\"valueName\":\"search_term_string\"}}],\"inLanguage\":\"en-GB\"},{\"@type\":[\"Person\",\"Organization\"],\"@id\":\"https:\/\/fiajewels.it\/#\/schema\/person\/2c57907c80620d109c8a7ad1ad6e0c4e\",\"name\":\"FiaJewels\",\"image\":{\"@type\":\"ImageObject\",\"inLanguage\":\"en-GB\",\"@id\":\"https:\/\/fiajewels.it\/#\/schema\/person\/image\/\",\"url\":\"https:\/\/secure.gravatar.com\/avatar\/b9a386afa40b1775488d216d9f973cb34fb853546ac7d5681edead69ac4dfde1?s=96&d=mm&r=g\",\"contentUrl\":\"https:\/\/secure.gravatar.com\/avatar\/b9a386afa40b1775488d216d9f973cb34fb853546ac7d5681edead69ac4dfde1?s=96&d=mm&r=g\",\"caption\":\"FiaJewels\"},\"logo\":{\"@id\":\"https:\/\/fiajewels.it\/#\/schema\/person\/image\/\"}}]}<\/script>\n<!-- \/ Yoast SEO plugin. -->","yoast_head_json":{"title":"Collana Multifilo Lariat a Y Zirconi Ruby Perle Amazzonite Argento 925 - FiaJewels","description":"Collana Multifilo Lariat a Y Zirconi Ruby Perle Amazzonite Argento 925 Aggiungi un tocco di eleganza e fascino al tuo look con questa collana Lariat (a Y)","robots":{"index":"index","follow":"follow","max-snippet":"max-snippet:-1","max-image-preview":"max-image-preview:large","max-video-preview":"max-video-preview:-1"},"canonical":"https:\/\/fiajewels.it\/en\/product\/collana-multifilo-lariat-a-y-zirconi-ruby-perle-amazzonite-argento-925\/","og_locale":"en_GB","og_type":"article","og_title":"Collana Multifilo Lariat a Y Zirconi Ruby Perle Amazzonite Argento 925 - FiaJewels","og_description":"Collana Multifilo Lariat a Y Zirconi Ruby Perle Amazzonite Argento 925 Aggiungi un tocco di eleganza e fascino al tuo look con questa collana Lariat (a Y)","og_url":"https:\/\/fiajewels.it\/en\/product\/collana-multifilo-lariat-a-y-zirconi-ruby-perle-amazzonite-argento-925\/","og_site_name":"FiaJewels","article_modified_time":"2026-04-06T20:31:59+00:00","og_image":[{"width":842,"height":1264,"url":"https:\/\/fiajewels.it\/wp-content\/uploads\/2026\/04\/COLLANA-ARTIGIANALE-LARIAT-ZIRCONI-NATURALI-RUBY-AMAZZONITE-PERLE-ARGENTO.jpg","type":"image\/jpeg"}],"twitter_card":"summary_large_image","twitter_misc":{"Estimated reading time":"1 minute"},"schema":{"@context":"https:\/\/schema.org","@graph":[{"@type":"WebPage","@id":"https:\/\/fiajewels.it\/prodotto\/collana-multifilo-lariat-a-y-zirconi-ruby-perle-amazzonite-argento-925\/","url":"https:\/\/fiajewels.it\/prodotto\/collana-multifilo-lariat-a-y-zirconi-ruby-perle-amazzonite-argento-925\/","name":"Collana Multifilo Lariat a Y Zirconi Ruby Perle Amazzonite Argento 925 - FiaJewels","isPartOf":{"@id":"https:\/\/fiajewels.it\/#website"},"primaryImageOfPage":{"@id":"https:\/\/fiajewels.it\/prodotto\/collana-multifilo-lariat-a-y-zirconi-ruby-perle-amazzonite-argento-925\/#primaryimage"},"image":{"@id":"https:\/\/fiajewels.it\/prodotto\/collana-multifilo-lariat-a-y-zirconi-ruby-perle-amazzonite-argento-925\/#primaryimage"},"thumbnailUrl":"https:\/\/fiajewels.it\/wp-content\/uploads\/2026\/04\/COLLANA-ARTIGIANALE-LARIAT-ZIRCONI-NATURALI-RUBY-AMAZZONITE-PERLE-ARGENTO.jpg","datePublished":"2026-04-06T20:23:26+00:00","dateModified":"2026-04-06T20:31:59+00:00","description":"Collana Multifilo Lariat a Y Zirconi Ruby Perle Amazzonite Argento 925 Aggiungi un tocco di eleganza e fascino al tuo look con questa collana Lariat (a Y)","breadcrumb":{"@id":"https:\/\/fiajewels.it\/prodotto\/collana-multifilo-lariat-a-y-zirconi-ruby-perle-amazzonite-argento-925\/#breadcrumb"},"inLanguage":"en-GB","potentialAction":[{"@type":"ReadAction","target":["https:\/\/fiajewels.it\/prodotto\/collana-multifilo-lariat-a-y-zirconi-ruby-perle-amazzonite-argento-925\/"]}]},{"@type":"ImageObject","inLanguage":"en-GB","@id":"https:\/\/fiajewels.it\/prodotto\/collana-multifilo-lariat-a-y-zirconi-ruby-perle-amazzonite-argento-925\/#primaryimage","url":"https:\/\/fiajewels.it\/wp-content\/uploads\/2026\/04\/COLLANA-ARTIGIANALE-LARIAT-ZIRCONI-NATURALI-RUBY-AMAZZONITE-PERLE-ARGENTO.jpg","contentUrl":"https:\/\/fiajewels.it\/wp-content\/uploads\/2026\/04\/COLLANA-ARTIGIANALE-LARIAT-ZIRCONI-NATURALI-RUBY-AMAZZONITE-PERLE-ARGENTO.jpg","width":842,"height":1264},{"@type":"BreadcrumbList","@id":"https:\/\/fiajewels.it\/prodotto\/collana-multifilo-lariat-a-y-zirconi-ruby-perle-amazzonite-argento-925\/#breadcrumb","itemListElement":[{"@type":"ListItem","position":1,"name":"Home","item":"https:\/\/fiajewels.it\/"},{"@type":"ListItem","position":2,"name":"Shop","item":"https:\/\/fiajewels.it\/negozio\/"},{"@type":"ListItem","position":3,"name":"Collana Multifilo Lariat a Y Zirconi Ruby Perle Amazzonite Argento 925"}]},{"@type":"WebSite","@id":"https:\/\/fiajewels.it\/#website","url":"https:\/\/fiajewels.it\/","name":"FiaJewels","description":"","publisher":{"@id":"https:\/\/fiajewels.it\/#\/schema\/person\/2c57907c80620d109c8a7ad1ad6e0c4e"},"potentialAction":[{"@type":"SearchAction","target":{"@type":"EntryPoint","urlTemplate":"https:\/\/fiajewels.it\/?s={search_term_string}"},"query-input":{"@type":"PropertyValueSpecification","valueRequired":true,"valueName":"search_term_string"}}],"inLanguage":"en-GB"},{"@type":["Person","Organization"],"@id":"https:\/\/fiajewels.it\/#\/schema\/person\/2c57907c80620d109c8a7ad1ad6e0c4e","name":"FiaJewels","image":{"@type":"ImageObject","inLanguage":"en-GB","@id":"https:\/\/fiajewels.it\/#\/schema\/person\/image\/","url":"https:\/\/secure.gravatar.com\/avatar\/b9a386afa40b1775488d216d9f973cb34fb853546ac7d5681edead69ac4dfde1?s=96&d=mm&r=g","contentUrl":"https:\/\/secure.gravatar.com\/avatar\/b9a386afa40b1775488d216d9f973cb34fb853546ac7d5681edead69ac4dfde1?s=96&d=mm&r=g","caption":"FiaJewels"},"logo":{"@id":"https:\/\/fiajewels.it\/#\/schema\/person\/image\/"}}]}},"_links":{"self":[{"href":"https:\/\/fiajewels.it\/en\/wp-json\/wp\/v2\/product\/43997","targetHints":{"allow":["GET"]}}],"collection":[{"href":"https:\/\/fiajewels.it\/en\/wp-json\/wp\/v2\/product"}],"about":[{"href":"https:\/\/fiajewels.it\/en\/wp-json\/wp\/v2\/types\/product"}],"wp:featuredmedia":[{"embeddable":true,"href":"https:\/\/fiajewels.it\/en\/wp-json\/wp\/v2\/media\/44006"}],"wp:attachment":[{"href":"https:\/\/fiajewels.it\/en\/wp-json\/wp\/v2\/media?parent=43997"}],"wp:term":[{"taxonomy":"product_brand","embeddable":true,"href":"https:\/\/fiajewels.it\/en\/wp-json\/wp\/v2\/product_brand?post=43997"},{"taxonomy":"product_cat","embeddable":true,"href":"https:\/\/fiajewels.it\/en\/wp-json\/wp\/v2\/product_cat?post=43997"},{"taxonomy":"product_tag","embeddable":true,"href":"https:\/\/fiajewels.it\/en\/wp-json\/wp\/v2\/product_tag?post=43997"}],"curies":[{"name":"wp","href":"https:\/\/api.w.org\/{rel}","templated":true}]}}