{"id":42987,"date":"2026-03-13T22:49:16","date_gmt":"2026-03-13T21:49:16","guid":{"rendered":"https:\/\/fiajewels.it\/?post_type=product&#038;p=42987"},"modified":"2026-03-13T22:53:19","modified_gmt":"2026-03-13T21:53:19","slug":"collana-decollete-piastra-tonda-ceramica-giada-blu-perle-argento","status":"publish","type":"product","link":"https:\/\/fiajewels.it\/en\/product\/collana-decollete-piastra-tonda-ceramica-giada-blu-perle-argento\/","title":{"rendered":"Round Plate D\u00e9collet\u00e9 Necklace, Blue Jade Ceramic, Silver Pearls"},"content":{"rendered":"<p>Round Plate D\u00e9collet\u00e9 Necklace, Blue Jade Ceramic, Silver Pearls<\/p>\n<p>Collana in giada blu da 13mm bellissima mattonella tonda, in ceramica di Caltagirone da 6,2 cm realizzata e decorata a mano con oro zecchino, e arricchita da grappolo\u00a0 in giada e perle naturali.<br \/>\nGold-plated silver finishes and knotting between the stones.<br \/>\nIt has no closure so it is suitable for those with metal allergies.<\/p>\n<p>It is 74 cm long<\/p>","protected":false},"excerpt":{"rendered":"<p data-start=\"0\" data-end=\"187\">Necklace with a refined and feminine character, made with large spheres of <strong data-start=\"76\" data-end=\"99\">giada blu da 13 mm<\/strong>, knotted one by one to enhance their beauty and ensure greater resistance. \ud83c\udf38<\/p>\n<p data-start=\"189\" data-end=\"481\">The focal point is the splendid <strong data-start=\"220\" data-end=\"264\">round ceramic plate from Caltagirone<\/strong>, decorated and finished by hand with <strong data-start=\"297\" data-end=\"313\">pure gold with a woman&#039;s face<\/strong>, a detail that recalls the Sicilian artistic tradition. Completing the design, an elegant <strong data-start=\"412\" data-end=\"450\">cluster of jade and natural pearls<\/strong> that gives movement and light. \u2728<\/p>\n<p data-start=\"483\" data-end=\"659\">The <strong data-start=\"486\" data-end=\"516\">gold-plated silver finishes<\/strong> They add a touch of brightness, while the absence of a clasp makes them practical to wear and perfect even for those with metal sensitivity.<\/p>\n<p data-start=\"661\" data-end=\"695\">\ud83d\udccf Necklace length: <strong data-start=\"683\" data-end=\"692\">74 cm<\/strong>.<\/p>\n<p data-start=\"697\" data-end=\"815\" data-is-last-node=\"\" data-is-only-node=\"\">A statement piece, rich in personality, designed for those who love handcrafted accessories that tell a story. \ud83d\udc97<\/p>","protected":false},"featured_media":42991,"template":"","meta":{"_joinchat":[]},"product_brand":[],"product_cat":[34,43,45,1016],"product_tag":[99,423,103,199,219,220,180,188,194,201,187,1431,193,98,214,102,343,71,186],"class_list":{"0":"post-42987","1":"product","2":"type-product","3":"status-publish","4":"has-post-thumbnail","6":"product_cat-collane","7":"product_cat-collane-collane","8":"product_cat-collane-siciliane","9":"product_cat-novita","10":"product_tag-artigianato-siciliano","11":"product_tag-blu","12":"product_tag-ceramica-di-caltagirone","13":"product_tag-collana-artigianale","14":"product_tag-collana-ceramica","15":"product_tag-collana-ceramica-di-caltagirone","16":"product_tag-collana-donna","17":"product_tag-collana-fatta-a-mano","18":"product_tag-collana-in-giada","19":"product_tag-collana-lunga","20":"product_tag-collana-siciliana","21":"product_tag-donna","22":"product_tag-giada","23":"product_tag-gioielli-artigianali","24":"product_tag-gioielli-siciliani","25":"product_tag-gioielli-unici","26":"product_tag-perla","27":"product_tag-perle","28":"product_tag-regalo-per-lei","29":"product_shipping_class-350-1000g","31":"first","32":"instock","33":"shipping-taxable","34":"purchasable","35":"product-type-simple"},"yoast_head":"<!-- This site is optimized with the Yoast SEO plugin v27.1.1 - https:\/\/yoast.com\/product\/yoast-seo-wordpress\/ -->\n<title>Collana D\u00e9collet\u00e9 Piastra Tonda Ceramica Giada Blu Perle Argento - FiaJewels<\/title>\n<meta name=\"description\" content=\"Collana D\u00e9collet\u00e9 Piastra Tonda Ceramica Giada Blu Perle Argento Collana in giada blu da 13mm bellissima mattonella tonda, in ceramica di Caltagirone\" \/>\n<meta name=\"robots\" content=\"index, follow, max-snippet:-1, max-image-preview:large, max-video-preview:-1\" \/>\n<link rel=\"canonical\" href=\"https:\/\/fiajewels.it\/en\/product\/collana-decollete-piastra-tonda-ceramica-giada-blu-perle-argento\/\" \/>\n<meta property=\"og:locale\" content=\"en_GB\" \/>\n<meta property=\"og:type\" content=\"article\" \/>\n<meta property=\"og:title\" content=\"Collana D\u00e9collet\u00e9 Piastra Tonda Ceramica Giada Blu Perle Argento - FiaJewels\" \/>\n<meta property=\"og:description\" content=\"Collana D\u00e9collet\u00e9 Piastra Tonda Ceramica Giada Blu Perle Argento Collana in giada blu da 13mm bellissima mattonella tonda, in ceramica di Caltagirone\" \/>\n<meta property=\"og:url\" content=\"https:\/\/fiajewels.it\/en\/product\/collana-decollete-piastra-tonda-ceramica-giada-blu-perle-argento\/\" \/>\n<meta property=\"og:site_name\" content=\"FiaJewels\" \/>\n<meta property=\"article:modified_time\" content=\"2026-03-13T21:53:19+00:00\" \/>\n<meta property=\"og:image\" content=\"https:\/\/fiajewels.it\/wp-content\/uploads\/2026\/03\/COLLANA-GIADA-BLU-ARTIGIANALE-PIASTRA-CERAMICA-SICILIA-DI-CALTAGIRONE-ARGENTO-682x1024.png\" \/>\n\t<meta property=\"og:image:width\" content=\"682\" \/>\n\t<meta property=\"og:image:height\" content=\"1024\" \/>\n\t<meta property=\"og:image:type\" content=\"image\/png\" \/>\n<meta name=\"twitter:card\" content=\"summary_large_image\" \/>\n<meta name=\"twitter:label1\" content=\"Estimated reading time\" \/>\n\t<meta name=\"twitter:data1\" content=\"1 minute\" \/>\n<script type=\"application\/ld+json\" class=\"yoast-schema-graph\">{\"@context\":\"https:\/\/schema.org\",\"@graph\":[{\"@type\":\"WebPage\",\"@id\":\"https:\/\/fiajewels.it\/prodotto\/collana-decollete-piastra-tonda-ceramica-giada-blu-perle-argento\/\",\"url\":\"https:\/\/fiajewels.it\/prodotto\/collana-decollete-piastra-tonda-ceramica-giada-blu-perle-argento\/\",\"name\":\"Collana D\u00e9collet\u00e9 Piastra Tonda Ceramica Giada Blu Perle Argento - FiaJewels\",\"isPartOf\":{\"@id\":\"https:\/\/fiajewels.it\/#website\"},\"primaryImageOfPage\":{\"@id\":\"https:\/\/fiajewels.it\/prodotto\/collana-decollete-piastra-tonda-ceramica-giada-blu-perle-argento\/#primaryimage\"},\"image\":{\"@id\":\"https:\/\/fiajewels.it\/prodotto\/collana-decollete-piastra-tonda-ceramica-giada-blu-perle-argento\/#primaryimage\"},\"thumbnailUrl\":\"https:\/\/fiajewels.it\/wp-content\/uploads\/2026\/03\/COLLANA-GIADA-BLU-ARTIGIANALE-PIASTRA-CERAMICA-SICILIA-DI-CALTAGIRONE-ARGENTO.png\",\"datePublished\":\"2026-03-13T21:49:16+00:00\",\"dateModified\":\"2026-03-13T21:53:19+00:00\",\"description\":\"Collana D\u00e9collet\u00e9 Piastra Tonda Ceramica Giada Blu Perle Argento Collana in giada blu da 13mm bellissima mattonella tonda, in ceramica di Caltagirone\",\"breadcrumb\":{\"@id\":\"https:\/\/fiajewels.it\/prodotto\/collana-decollete-piastra-tonda-ceramica-giada-blu-perle-argento\/#breadcrumb\"},\"inLanguage\":\"en-GB\",\"potentialAction\":[{\"@type\":\"ReadAction\",\"target\":[\"https:\/\/fiajewels.it\/prodotto\/collana-decollete-piastra-tonda-ceramica-giada-blu-perle-argento\/\"]}]},{\"@type\":\"ImageObject\",\"inLanguage\":\"en-GB\",\"@id\":\"https:\/\/fiajewels.it\/prodotto\/collana-decollete-piastra-tonda-ceramica-giada-blu-perle-argento\/#primaryimage\",\"url\":\"https:\/\/fiajewels.it\/wp-content\/uploads\/2026\/03\/COLLANA-GIADA-BLU-ARTIGIANALE-PIASTRA-CERAMICA-SICILIA-DI-CALTAGIRONE-ARGENTO.png\",\"contentUrl\":\"https:\/\/fiajewels.it\/wp-content\/uploads\/2026\/03\/COLLANA-GIADA-BLU-ARTIGIANALE-PIASTRA-CERAMICA-SICILIA-DI-CALTAGIRONE-ARGENTO.png\",\"width\":842,\"height\":1264},{\"@type\":\"BreadcrumbList\",\"@id\":\"https:\/\/fiajewels.it\/prodotto\/collana-decollete-piastra-tonda-ceramica-giada-blu-perle-argento\/#breadcrumb\",\"itemListElement\":[{\"@type\":\"ListItem\",\"position\":1,\"name\":\"Home\",\"item\":\"https:\/\/fiajewels.it\/\"},{\"@type\":\"ListItem\",\"position\":2,\"name\":\"Shop\",\"item\":\"https:\/\/fiajewels.it\/negozio\/\"},{\"@type\":\"ListItem\",\"position\":3,\"name\":\"Collana D\u00e9collet\u00e9 Piastra Tonda Ceramica Giada Blu Perle Argento\"}]},{\"@type\":\"WebSite\",\"@id\":\"https:\/\/fiajewels.it\/#website\",\"url\":\"https:\/\/fiajewels.it\/\",\"name\":\"FiaJewels\",\"description\":\"\",\"publisher\":{\"@id\":\"https:\/\/fiajewels.it\/#\/schema\/person\/2c57907c80620d109c8a7ad1ad6e0c4e\"},\"potentialAction\":[{\"@type\":\"SearchAction\",\"target\":{\"@type\":\"EntryPoint\",\"urlTemplate\":\"https:\/\/fiajewels.it\/?s={search_term_string}\"},\"query-input\":{\"@type\":\"PropertyValueSpecification\",\"valueRequired\":true,\"valueName\":\"search_term_string\"}}],\"inLanguage\":\"en-GB\"},{\"@type\":[\"Person\",\"Organization\"],\"@id\":\"https:\/\/fiajewels.it\/#\/schema\/person\/2c57907c80620d109c8a7ad1ad6e0c4e\",\"name\":\"FiaJewels\",\"image\":{\"@type\":\"ImageObject\",\"inLanguage\":\"en-GB\",\"@id\":\"https:\/\/fiajewels.it\/#\/schema\/person\/image\/\",\"url\":\"https:\/\/secure.gravatar.com\/avatar\/b9a386afa40b1775488d216d9f973cb34fb853546ac7d5681edead69ac4dfde1?s=96&d=mm&r=g\",\"contentUrl\":\"https:\/\/secure.gravatar.com\/avatar\/b9a386afa40b1775488d216d9f973cb34fb853546ac7d5681edead69ac4dfde1?s=96&d=mm&r=g\",\"caption\":\"FiaJewels\"},\"logo\":{\"@id\":\"https:\/\/fiajewels.it\/#\/schema\/person\/image\/\"}}]}<\/script>\n<!-- \/ Yoast SEO plugin. -->","yoast_head_json":{"title":"Collana D\u00e9collet\u00e9 Piastra Tonda Ceramica Giada Blu Perle Argento - FiaJewels","description":"Collana D\u00e9collet\u00e9 Piastra Tonda Ceramica Giada Blu Perle Argento Collana in giada blu da 13mm bellissima mattonella tonda, in ceramica di Caltagirone","robots":{"index":"index","follow":"follow","max-snippet":"max-snippet:-1","max-image-preview":"max-image-preview:large","max-video-preview":"max-video-preview:-1"},"canonical":"https:\/\/fiajewels.it\/en\/product\/collana-decollete-piastra-tonda-ceramica-giada-blu-perle-argento\/","og_locale":"en_GB","og_type":"article","og_title":"Collana D\u00e9collet\u00e9 Piastra Tonda Ceramica Giada Blu Perle Argento - FiaJewels","og_description":"Collana D\u00e9collet\u00e9 Piastra Tonda Ceramica Giada Blu Perle Argento Collana in giada blu da 13mm bellissima mattonella tonda, in ceramica di Caltagirone","og_url":"https:\/\/fiajewels.it\/en\/product\/collana-decollete-piastra-tonda-ceramica-giada-blu-perle-argento\/","og_site_name":"FiaJewels","article_modified_time":"2026-03-13T21:53:19+00:00","og_image":[{"width":682,"height":1024,"url":"https:\/\/fiajewels.it\/wp-content\/uploads\/2026\/03\/COLLANA-GIADA-BLU-ARTIGIANALE-PIASTRA-CERAMICA-SICILIA-DI-CALTAGIRONE-ARGENTO-682x1024.png","type":"image\/png"}],"twitter_card":"summary_large_image","twitter_misc":{"Estimated reading time":"1 minute"},"schema":{"@context":"https:\/\/schema.org","@graph":[{"@type":"WebPage","@id":"https:\/\/fiajewels.it\/prodotto\/collana-decollete-piastra-tonda-ceramica-giada-blu-perle-argento\/","url":"https:\/\/fiajewels.it\/prodotto\/collana-decollete-piastra-tonda-ceramica-giada-blu-perle-argento\/","name":"Collana D\u00e9collet\u00e9 Piastra Tonda Ceramica Giada Blu Perle Argento - FiaJewels","isPartOf":{"@id":"https:\/\/fiajewels.it\/#website"},"primaryImageOfPage":{"@id":"https:\/\/fiajewels.it\/prodotto\/collana-decollete-piastra-tonda-ceramica-giada-blu-perle-argento\/#primaryimage"},"image":{"@id":"https:\/\/fiajewels.it\/prodotto\/collana-decollete-piastra-tonda-ceramica-giada-blu-perle-argento\/#primaryimage"},"thumbnailUrl":"https:\/\/fiajewels.it\/wp-content\/uploads\/2026\/03\/COLLANA-GIADA-BLU-ARTIGIANALE-PIASTRA-CERAMICA-SICILIA-DI-CALTAGIRONE-ARGENTO.png","datePublished":"2026-03-13T21:49:16+00:00","dateModified":"2026-03-13T21:53:19+00:00","description":"Collana D\u00e9collet\u00e9 Piastra Tonda Ceramica Giada Blu Perle Argento Collana in giada blu da 13mm bellissima mattonella tonda, in ceramica di Caltagirone","breadcrumb":{"@id":"https:\/\/fiajewels.it\/prodotto\/collana-decollete-piastra-tonda-ceramica-giada-blu-perle-argento\/#breadcrumb"},"inLanguage":"en-GB","potentialAction":[{"@type":"ReadAction","target":["https:\/\/fiajewels.it\/prodotto\/collana-decollete-piastra-tonda-ceramica-giada-blu-perle-argento\/"]}]},{"@type":"ImageObject","inLanguage":"en-GB","@id":"https:\/\/fiajewels.it\/prodotto\/collana-decollete-piastra-tonda-ceramica-giada-blu-perle-argento\/#primaryimage","url":"https:\/\/fiajewels.it\/wp-content\/uploads\/2026\/03\/COLLANA-GIADA-BLU-ARTIGIANALE-PIASTRA-CERAMICA-SICILIA-DI-CALTAGIRONE-ARGENTO.png","contentUrl":"https:\/\/fiajewels.it\/wp-content\/uploads\/2026\/03\/COLLANA-GIADA-BLU-ARTIGIANALE-PIASTRA-CERAMICA-SICILIA-DI-CALTAGIRONE-ARGENTO.png","width":842,"height":1264},{"@type":"BreadcrumbList","@id":"https:\/\/fiajewels.it\/prodotto\/collana-decollete-piastra-tonda-ceramica-giada-blu-perle-argento\/#breadcrumb","itemListElement":[{"@type":"ListItem","position":1,"name":"Home","item":"https:\/\/fiajewels.it\/"},{"@type":"ListItem","position":2,"name":"Shop","item":"https:\/\/fiajewels.it\/negozio\/"},{"@type":"ListItem","position":3,"name":"Collana D\u00e9collet\u00e9 Piastra Tonda Ceramica Giada Blu Perle Argento"}]},{"@type":"WebSite","@id":"https:\/\/fiajewels.it\/#website","url":"https:\/\/fiajewels.it\/","name":"FiaJewels","description":"","publisher":{"@id":"https:\/\/fiajewels.it\/#\/schema\/person\/2c57907c80620d109c8a7ad1ad6e0c4e"},"potentialAction":[{"@type":"SearchAction","target":{"@type":"EntryPoint","urlTemplate":"https:\/\/fiajewels.it\/?s={search_term_string}"},"query-input":{"@type":"PropertyValueSpecification","valueRequired":true,"valueName":"search_term_string"}}],"inLanguage":"en-GB"},{"@type":["Person","Organization"],"@id":"https:\/\/fiajewels.it\/#\/schema\/person\/2c57907c80620d109c8a7ad1ad6e0c4e","name":"FiaJewels","image":{"@type":"ImageObject","inLanguage":"en-GB","@id":"https:\/\/fiajewels.it\/#\/schema\/person\/image\/","url":"https:\/\/secure.gravatar.com\/avatar\/b9a386afa40b1775488d216d9f973cb34fb853546ac7d5681edead69ac4dfde1?s=96&d=mm&r=g","contentUrl":"https:\/\/secure.gravatar.com\/avatar\/b9a386afa40b1775488d216d9f973cb34fb853546ac7d5681edead69ac4dfde1?s=96&d=mm&r=g","caption":"FiaJewels"},"logo":{"@id":"https:\/\/fiajewels.it\/#\/schema\/person\/image\/"}}]}},"_links":{"self":[{"href":"https:\/\/fiajewels.it\/en\/wp-json\/wp\/v2\/product\/42987","targetHints":{"allow":["GET"]}}],"collection":[{"href":"https:\/\/fiajewels.it\/en\/wp-json\/wp\/v2\/product"}],"about":[{"href":"https:\/\/fiajewels.it\/en\/wp-json\/wp\/v2\/types\/product"}],"wp:featuredmedia":[{"embeddable":true,"href":"https:\/\/fiajewels.it\/en\/wp-json\/wp\/v2\/media\/42991"}],"wp:attachment":[{"href":"https:\/\/fiajewels.it\/en\/wp-json\/wp\/v2\/media?parent=42987"}],"wp:term":[{"taxonomy":"product_brand","embeddable":true,"href":"https:\/\/fiajewels.it\/en\/wp-json\/wp\/v2\/product_brand?post=42987"},{"taxonomy":"product_cat","embeddable":true,"href":"https:\/\/fiajewels.it\/en\/wp-json\/wp\/v2\/product_cat?post=42987"},{"taxonomy":"product_tag","embeddable":true,"href":"https:\/\/fiajewels.it\/en\/wp-json\/wp\/v2\/product_tag?post=42987"}],"curies":[{"name":"wp","href":"https:\/\/api.w.org\/{rel}","templated":true}]}}