{"id":42905,"date":"2026-03-13T17:14:20","date_gmt":"2026-03-13T16:14:20","guid":{"rendered":"https:\/\/fiajewels.it\/?post_type=product&#038;p=42905"},"modified":"2026-03-14T18:23:55","modified_gmt":"2026-03-14T17:23:55","slug":"collana-decolte-microperle-onice-zirconi-ciondolo-nappa-argento-925","status":"publish","type":"product","link":"https:\/\/fiajewels.it\/en\/product\/collana-decolte-microperle-onice-zirconi-ciondolo-nappa-argento-925\/","title":{"rendered":"Micropearl Onyx Zirconia Decolt\u00e8 Necklace with 925 Silver Tassel Pendant"},"content":{"rendered":"<p>Micropearl Onyx Zirconia Decolt\u00e8 Necklace with 925 Silver Tassel Pendant<\/p>\n<p>Aggiungi un tocco di eleganza e fascino al tuo look con questa collana decolt\u00e8, per met\u00e0 in luminose naturali di alta qualit\u00e0 da 7 mm e per met\u00e0 in onice sfaccettata<\/p>\n<p>Il pendente staccabile a motivo di nappa, monta una grande perla naturale e fili di zirconi naturali neri finiti da microperle naturali<\/p>\n<p>The finishes are in gold plated 925 silver<\/p>\n<p>Materiale: Perle, Onice, Zirconi, Argento 925<\/p>\n<p>Colore: nero oro bioanco<\/p>\n<h4>Lunghezza:collana 70 cm regolabile mediante catenina + 15 cm il pendente, potrete usare sia la collana che il pendente anche separatamente<\/h4>\n<p>&nbsp;<\/p>","protected":false},"excerpt":{"rendered":"<p data-start=\"182\" data-end=\"271\">Una collana decollet\u00e9 raffinata e originale, pensata per dare carattere al tuo stile. \u2728<\/p>\n<p data-start=\"273\" data-end=\"437\">\u00c8 composta per met\u00e0 da luminose perle naturali di alta qualit\u00e0 da 7 mm e per met\u00e0 da onice nera sfaccettata, creando un piacevole contrasto tra luce e profondit\u00e0.<\/p>\n<p data-start=\"439\" data-end=\"645\">Il pendente a nappa staccabile mediante gancetto zirconato, \u00e8 impreziosito da una grande perla naturale e da sottili fili di zirconi neri, rifiniti da delicate microperle naturali. Un dettaglio scenografico che cattura lo sguardo. \ud83d\udda4<\/p>\n<p data-start=\"647\" data-end=\"869\">Le finiture sono in argento 925 placcato oro. La collana misura 70 cm ed \u00e8 regolabile con catenina, mentre il pendente misura 15 cm. Puoi indossarla con il pendente oppure separare i due elementi per creare look diversi.<\/p>\n<p data-start=\"871\" data-end=\"941\">Materiali: perle naturali, onice, zirconi, argento 925 placcato oro.<\/p>\n<p data-start=\"943\" data-end=\"1048\">Un gioiello versatile, perfetto per completare con personalit\u00e0 sia outfit quotidiani che pi\u00f9 ricercati. \u2728<\/p>","protected":false},"featured_media":42917,"template":"","meta":{"_joinchat":[]},"product_brand":[],"product_cat":[34,43,1016],"product_tag":[191,1390,1405,1274,197,1406,365,75,73,71,186,115],"class_list":{"0":"post-42905","1":"product","2":"type-product","3":"status-publish","4":"has-post-thumbnail","6":"product_cat-collane","7":"product_cat-collane-collane","8":"product_cat-novita","9":"product_tag-collana-di-moda","10":"product_tag-collana-elegante","11":"product_tag-collana-per-lei","12":"product_tag-ematite","13":"product_tag-gioielli-di-moda","14":"product_tag-gioielli-per-lei","15":"product_tag-microperle","16":"product_tag-nero","17":"product_tag-onice","18":"product_tag-perle","19":"product_tag-regalo-per-lei","20":"product_tag-zirconi","21":"product_shipping_class-350-1000g","23":"first","24":"outofstock","25":"shipping-taxable","26":"purchasable","27":"product-type-simple"},"yoast_head":"<!-- This site is optimized with the Yoast SEO plugin v27.1.1 - https:\/\/yoast.com\/product\/yoast-seo-wordpress\/ -->\n<title>Collana Decolt\u00e8 Microperle Onice Zirconi Ciondolo Nappa Argento 925 - FiaJewels<\/title>\n<meta name=\"description\" content=\"Collana Decolt\u00e8 Microperle Onice Zirconi Ciondolo Nappa Argento 925 Aggiungi un tocco di eleganza e fascino al tuo look con questa collana decolt\u00e8, per\" \/>\n<meta name=\"robots\" content=\"index, follow, max-snippet:-1, max-image-preview:large, max-video-preview:-1\" \/>\n<link rel=\"canonical\" href=\"https:\/\/fiajewels.it\/en\/product\/collana-decolte-microperle-onice-zirconi-ciondolo-nappa-argento-925\/\" \/>\n<meta property=\"og:locale\" content=\"en_GB\" \/>\n<meta property=\"og:type\" content=\"article\" \/>\n<meta property=\"og:title\" content=\"Collana Decolt\u00e8 Microperle Onice Zirconi Ciondolo Nappa Argento 925 - FiaJewels\" \/>\n<meta property=\"og:description\" content=\"Collana Decolt\u00e8 Microperle Onice Zirconi Ciondolo Nappa Argento 925 Aggiungi un tocco di eleganza e fascino al tuo look con questa collana decolt\u00e8, per\" \/>\n<meta property=\"og:url\" content=\"https:\/\/fiajewels.it\/en\/product\/collana-decolte-microperle-onice-zirconi-ciondolo-nappa-argento-925\/\" \/>\n<meta property=\"og:site_name\" content=\"FiaJewels\" \/>\n<meta property=\"article:modified_time\" content=\"2026-03-14T17:23:55+00:00\" \/>\n<meta property=\"og:image\" content=\"https:\/\/fiajewels.it\/wp-content\/uploads\/2026\/03\/COLLANA-ARTIGIANALE-PERLE-ONICE-ZIRCONI-b-682x1024.png\" \/>\n\t<meta property=\"og:image:width\" content=\"682\" \/>\n\t<meta property=\"og:image:height\" content=\"1024\" \/>\n\t<meta property=\"og:image:type\" content=\"image\/png\" \/>\n<meta name=\"twitter:card\" content=\"summary_large_image\" \/>\n<meta name=\"twitter:label1\" content=\"Estimated reading time\" \/>\n\t<meta name=\"twitter:data1\" content=\"1 minute\" \/>\n<script type=\"application\/ld+json\" class=\"yoast-schema-graph\">{\"@context\":\"https:\/\/schema.org\",\"@graph\":[{\"@type\":\"WebPage\",\"@id\":\"https:\/\/fiajewels.it\/prodotto\/collana-decolte-microperle-onice-zirconi-ciondolo-nappa-argento-925\/\",\"url\":\"https:\/\/fiajewels.it\/prodotto\/collana-decolte-microperle-onice-zirconi-ciondolo-nappa-argento-925\/\",\"name\":\"Collana Decolt\u00e8 Microperle Onice Zirconi Ciondolo Nappa Argento 925 - FiaJewels\",\"isPartOf\":{\"@id\":\"https:\/\/fiajewels.it\/#website\"},\"primaryImageOfPage\":{\"@id\":\"https:\/\/fiajewels.it\/prodotto\/collana-decolte-microperle-onice-zirconi-ciondolo-nappa-argento-925\/#primaryimage\"},\"image\":{\"@id\":\"https:\/\/fiajewels.it\/prodotto\/collana-decolte-microperle-onice-zirconi-ciondolo-nappa-argento-925\/#primaryimage\"},\"thumbnailUrl\":\"https:\/\/fiajewels.it\/wp-content\/uploads\/2026\/03\/COLLANA-ARTIGIANALE-PERLE-ONICE-ZIRCONI-b.png\",\"datePublished\":\"2026-03-13T16:14:20+00:00\",\"dateModified\":\"2026-03-14T17:23:55+00:00\",\"description\":\"Collana Decolt\u00e8 Microperle Onice Zirconi Ciondolo Nappa Argento 925 Aggiungi un tocco di eleganza e fascino al tuo look con questa collana decolt\u00e8, per\",\"breadcrumb\":{\"@id\":\"https:\/\/fiajewels.it\/prodotto\/collana-decolte-microperle-onice-zirconi-ciondolo-nappa-argento-925\/#breadcrumb\"},\"inLanguage\":\"en-GB\",\"potentialAction\":[{\"@type\":\"ReadAction\",\"target\":[\"https:\/\/fiajewels.it\/prodotto\/collana-decolte-microperle-onice-zirconi-ciondolo-nappa-argento-925\/\"]}]},{\"@type\":\"ImageObject\",\"inLanguage\":\"en-GB\",\"@id\":\"https:\/\/fiajewels.it\/prodotto\/collana-decolte-microperle-onice-zirconi-ciondolo-nappa-argento-925\/#primaryimage\",\"url\":\"https:\/\/fiajewels.it\/wp-content\/uploads\/2026\/03\/COLLANA-ARTIGIANALE-PERLE-ONICE-ZIRCONI-b.png\",\"contentUrl\":\"https:\/\/fiajewels.it\/wp-content\/uploads\/2026\/03\/COLLANA-ARTIGIANALE-PERLE-ONICE-ZIRCONI-b.png\",\"width\":842,\"height\":1264},{\"@type\":\"BreadcrumbList\",\"@id\":\"https:\/\/fiajewels.it\/prodotto\/collana-decolte-microperle-onice-zirconi-ciondolo-nappa-argento-925\/#breadcrumb\",\"itemListElement\":[{\"@type\":\"ListItem\",\"position\":1,\"name\":\"Home\",\"item\":\"https:\/\/fiajewels.it\/\"},{\"@type\":\"ListItem\",\"position\":2,\"name\":\"Shop\",\"item\":\"https:\/\/fiajewels.it\/negozio\/\"},{\"@type\":\"ListItem\",\"position\":3,\"name\":\"Collana Decolt\u00e8 Microperle Onice Zirconi Ciondolo Nappa Argento 925\"}]},{\"@type\":\"WebSite\",\"@id\":\"https:\/\/fiajewels.it\/#website\",\"url\":\"https:\/\/fiajewels.it\/\",\"name\":\"FiaJewels\",\"description\":\"\",\"publisher\":{\"@id\":\"https:\/\/fiajewels.it\/#\/schema\/person\/2c57907c80620d109c8a7ad1ad6e0c4e\"},\"potentialAction\":[{\"@type\":\"SearchAction\",\"target\":{\"@type\":\"EntryPoint\",\"urlTemplate\":\"https:\/\/fiajewels.it\/?s={search_term_string}\"},\"query-input\":{\"@type\":\"PropertyValueSpecification\",\"valueRequired\":true,\"valueName\":\"search_term_string\"}}],\"inLanguage\":\"en-GB\"},{\"@type\":[\"Person\",\"Organization\"],\"@id\":\"https:\/\/fiajewels.it\/#\/schema\/person\/2c57907c80620d109c8a7ad1ad6e0c4e\",\"name\":\"FiaJewels\",\"image\":{\"@type\":\"ImageObject\",\"inLanguage\":\"en-GB\",\"@id\":\"https:\/\/fiajewels.it\/#\/schema\/person\/image\/\",\"url\":\"https:\/\/secure.gravatar.com\/avatar\/b9a386afa40b1775488d216d9f973cb34fb853546ac7d5681edead69ac4dfde1?s=96&d=mm&r=g\",\"contentUrl\":\"https:\/\/secure.gravatar.com\/avatar\/b9a386afa40b1775488d216d9f973cb34fb853546ac7d5681edead69ac4dfde1?s=96&d=mm&r=g\",\"caption\":\"FiaJewels\"},\"logo\":{\"@id\":\"https:\/\/fiajewels.it\/#\/schema\/person\/image\/\"}}]}<\/script>\n<!-- \/ Yoast SEO plugin. -->","yoast_head_json":{"title":"Collana Decolt\u00e8 Microperle Onice Zirconi Ciondolo Nappa Argento 925 - FiaJewels","description":"Collana Decolt\u00e8 Microperle Onice Zirconi Ciondolo Nappa Argento 925 Aggiungi un tocco di eleganza e fascino al tuo look con questa collana decolt\u00e8, per","robots":{"index":"index","follow":"follow","max-snippet":"max-snippet:-1","max-image-preview":"max-image-preview:large","max-video-preview":"max-video-preview:-1"},"canonical":"https:\/\/fiajewels.it\/en\/product\/collana-decolte-microperle-onice-zirconi-ciondolo-nappa-argento-925\/","og_locale":"en_GB","og_type":"article","og_title":"Collana Decolt\u00e8 Microperle Onice Zirconi Ciondolo Nappa Argento 925 - FiaJewels","og_description":"Collana Decolt\u00e8 Microperle Onice Zirconi Ciondolo Nappa Argento 925 Aggiungi un tocco di eleganza e fascino al tuo look con questa collana decolt\u00e8, per","og_url":"https:\/\/fiajewels.it\/en\/product\/collana-decolte-microperle-onice-zirconi-ciondolo-nappa-argento-925\/","og_site_name":"FiaJewels","article_modified_time":"2026-03-14T17:23:55+00:00","og_image":[{"width":682,"height":1024,"url":"https:\/\/fiajewels.it\/wp-content\/uploads\/2026\/03\/COLLANA-ARTIGIANALE-PERLE-ONICE-ZIRCONI-b-682x1024.png","type":"image\/png"}],"twitter_card":"summary_large_image","twitter_misc":{"Estimated reading time":"1 minute"},"schema":{"@context":"https:\/\/schema.org","@graph":[{"@type":"WebPage","@id":"https:\/\/fiajewels.it\/prodotto\/collana-decolte-microperle-onice-zirconi-ciondolo-nappa-argento-925\/","url":"https:\/\/fiajewels.it\/prodotto\/collana-decolte-microperle-onice-zirconi-ciondolo-nappa-argento-925\/","name":"Collana Decolt\u00e8 Microperle Onice Zirconi Ciondolo Nappa Argento 925 - FiaJewels","isPartOf":{"@id":"https:\/\/fiajewels.it\/#website"},"primaryImageOfPage":{"@id":"https:\/\/fiajewels.it\/prodotto\/collana-decolte-microperle-onice-zirconi-ciondolo-nappa-argento-925\/#primaryimage"},"image":{"@id":"https:\/\/fiajewels.it\/prodotto\/collana-decolte-microperle-onice-zirconi-ciondolo-nappa-argento-925\/#primaryimage"},"thumbnailUrl":"https:\/\/fiajewels.it\/wp-content\/uploads\/2026\/03\/COLLANA-ARTIGIANALE-PERLE-ONICE-ZIRCONI-b.png","datePublished":"2026-03-13T16:14:20+00:00","dateModified":"2026-03-14T17:23:55+00:00","description":"Collana Decolt\u00e8 Microperle Onice Zirconi Ciondolo Nappa Argento 925 Aggiungi un tocco di eleganza e fascino al tuo look con questa collana decolt\u00e8, per","breadcrumb":{"@id":"https:\/\/fiajewels.it\/prodotto\/collana-decolte-microperle-onice-zirconi-ciondolo-nappa-argento-925\/#breadcrumb"},"inLanguage":"en-GB","potentialAction":[{"@type":"ReadAction","target":["https:\/\/fiajewels.it\/prodotto\/collana-decolte-microperle-onice-zirconi-ciondolo-nappa-argento-925\/"]}]},{"@type":"ImageObject","inLanguage":"en-GB","@id":"https:\/\/fiajewels.it\/prodotto\/collana-decolte-microperle-onice-zirconi-ciondolo-nappa-argento-925\/#primaryimage","url":"https:\/\/fiajewels.it\/wp-content\/uploads\/2026\/03\/COLLANA-ARTIGIANALE-PERLE-ONICE-ZIRCONI-b.png","contentUrl":"https:\/\/fiajewels.it\/wp-content\/uploads\/2026\/03\/COLLANA-ARTIGIANALE-PERLE-ONICE-ZIRCONI-b.png","width":842,"height":1264},{"@type":"BreadcrumbList","@id":"https:\/\/fiajewels.it\/prodotto\/collana-decolte-microperle-onice-zirconi-ciondolo-nappa-argento-925\/#breadcrumb","itemListElement":[{"@type":"ListItem","position":1,"name":"Home","item":"https:\/\/fiajewels.it\/"},{"@type":"ListItem","position":2,"name":"Shop","item":"https:\/\/fiajewels.it\/negozio\/"},{"@type":"ListItem","position":3,"name":"Collana Decolt\u00e8 Microperle Onice Zirconi Ciondolo Nappa Argento 925"}]},{"@type":"WebSite","@id":"https:\/\/fiajewels.it\/#website","url":"https:\/\/fiajewels.it\/","name":"FiaJewels","description":"","publisher":{"@id":"https:\/\/fiajewels.it\/#\/schema\/person\/2c57907c80620d109c8a7ad1ad6e0c4e"},"potentialAction":[{"@type":"SearchAction","target":{"@type":"EntryPoint","urlTemplate":"https:\/\/fiajewels.it\/?s={search_term_string}"},"query-input":{"@type":"PropertyValueSpecification","valueRequired":true,"valueName":"search_term_string"}}],"inLanguage":"en-GB"},{"@type":["Person","Organization"],"@id":"https:\/\/fiajewels.it\/#\/schema\/person\/2c57907c80620d109c8a7ad1ad6e0c4e","name":"FiaJewels","image":{"@type":"ImageObject","inLanguage":"en-GB","@id":"https:\/\/fiajewels.it\/#\/schema\/person\/image\/","url":"https:\/\/secure.gravatar.com\/avatar\/b9a386afa40b1775488d216d9f973cb34fb853546ac7d5681edead69ac4dfde1?s=96&d=mm&r=g","contentUrl":"https:\/\/secure.gravatar.com\/avatar\/b9a386afa40b1775488d216d9f973cb34fb853546ac7d5681edead69ac4dfde1?s=96&d=mm&r=g","caption":"FiaJewels"},"logo":{"@id":"https:\/\/fiajewels.it\/#\/schema\/person\/image\/"}}]}},"_links":{"self":[{"href":"https:\/\/fiajewels.it\/en\/wp-json\/wp\/v2\/product\/42905","targetHints":{"allow":["GET"]}}],"collection":[{"href":"https:\/\/fiajewels.it\/en\/wp-json\/wp\/v2\/product"}],"about":[{"href":"https:\/\/fiajewels.it\/en\/wp-json\/wp\/v2\/types\/product"}],"wp:featuredmedia":[{"embeddable":true,"href":"https:\/\/fiajewels.it\/en\/wp-json\/wp\/v2\/media\/42917"}],"wp:attachment":[{"href":"https:\/\/fiajewels.it\/en\/wp-json\/wp\/v2\/media?parent=42905"}],"wp:term":[{"taxonomy":"product_brand","embeddable":true,"href":"https:\/\/fiajewels.it\/en\/wp-json\/wp\/v2\/product_brand?post=42905"},{"taxonomy":"product_cat","embeddable":true,"href":"https:\/\/fiajewels.it\/en\/wp-json\/wp\/v2\/product_cat?post=42905"},{"taxonomy":"product_tag","embeddable":true,"href":"https:\/\/fiajewels.it\/en\/wp-json\/wp\/v2\/product_tag?post=42905"}],"curies":[{"name":"wp","href":"https:\/\/api.w.org\/{rel}","templated":true}]}}