{"id":42880,"date":"2026-03-13T13:18:32","date_gmt":"2026-03-13T12:18:32","guid":{"rendered":"https:\/\/fiajewels.it\/?post_type=product&#038;p=42880"},"modified":"2026-04-06T16:46:11","modified_gmt":"2026-04-06T14:46:11","slug":"collana-decollete-testa-di-moro-ceramica-onice-perle-corallo","status":"publish","type":"product","link":"https:\/\/fiajewels.it\/en\/product\/collana-decollete-testa-di-moro-ceramica-onice-perle-corallo\/","title":{"rendered":"Moor&#039;s Head D\u00e9collet\u00e9 Necklace, Onyx Ceramic, Coral Pearls"},"content":{"rendered":"<p>Moor&#039;s Head D\u00e9collet\u00e9 Necklace, Onyx Ceramic, Coral Pearls<\/p>\n<p>12mm faceted black onyx necklace, 12mm natural pearls, Mediterranean coral and a beautiful element, decorated on both sides with a Moor&#039;s head (man and woman together), in Caltagirone ceramic made and decorated by hand with pure gold<br \/>\nFinishes in gold-plated 925 silver and knotting between the stones.<br \/>\nIt has no closure so it is suitable for those with metal allergies.<\/p>\n<p>It is 70 cm long<\/p>","protected":false},"excerpt":{"rendered":"<p>Moor&#039;s Head D\u00e9collet\u00e9 Necklace, Onyx Ceramic, Coral Pearls<\/p>\n<p>12mm faceted black onyx necklace, 12mm natural pearls, Mediterranean coral and a beautiful element, decorated on both sides with a Moor&#039;s head (man and woman together), in Caltagirone ceramic made and decorated by hand with pure gold<br \/>\nFinishes in gold-plated 925 silver and knotting between the stones.<br \/>\nIt has no closure so it is suitable for those with metal allergies.<\/p>\n<p>It is 70 cm long<\/p>","protected":false},"featured_media":42888,"template":"","meta":{"_joinchat":[]},"product_brand":[],"product_cat":[34,43,45,1016],"product_tag":[99,103,199,219,220,180,188,194,201,187,64,98,214,102,1292,75,73,343,71,186,85,208,263],"class_list":{"0":"post-42880","1":"product","2":"type-product","3":"status-publish","4":"has-post-thumbnail","6":"product_cat-collane","7":"product_cat-collane-collane","8":"product_cat-collane-siciliane","9":"product_cat-novita","10":"product_tag-artigianato-siciliano","11":"product_tag-ceramica-di-caltagirone","12":"product_tag-collana-artigianale","13":"product_tag-collana-ceramica","14":"product_tag-collana-ceramica-di-caltagirone","15":"product_tag-collana-donna","16":"product_tag-collana-fatta-a-mano","17":"product_tag-collana-in-giada","18":"product_tag-collana-lunga","19":"product_tag-collana-siciliana","20":"product_tag-corallo","21":"product_tag-gioielli-artigianali","22":"product_tag-gioielli-siciliani","23":"product_tag-gioielli-unici","24":"product_tag-mediterraneo","25":"product_tag-nero","26":"product_tag-onice","27":"product_tag-perla","28":"product_tag-perle","29":"product_tag-regalo-per-lei","30":"product_tag-rosso","31":"product_tag-testa-di-moro","32":"product_tag-teste-di-moro","33":"product_shipping_class-350-1000g","35":"first","36":"outofstock","37":"shipping-taxable","38":"purchasable","39":"product-type-simple"},"yoast_head":"<!-- This site is optimized with the Yoast SEO plugin v27.1.1 - https:\/\/yoast.com\/product\/yoast-seo-wordpress\/ -->\n<title>Collana D\u00e9collet\u00e9 Testa di Moro Ceramica Onice Perle Corallo - FiaJewels<\/title>\n<meta name=\"description\" content=\"Collana D\u00e9collet\u00e9 Testa di Moro Ceramica Onice Perle Corallo Collana in onice nero sfaccettato da 12mm, Perle naturali da 12 mm, corallo del\" \/>\n<meta name=\"robots\" content=\"index, follow, max-snippet:-1, max-image-preview:large, max-video-preview:-1\" \/>\n<link rel=\"canonical\" href=\"https:\/\/fiajewels.it\/en\/product\/collana-decollete-testa-di-moro-ceramica-onice-perle-corallo\/\" \/>\n<meta property=\"og:locale\" content=\"en_GB\" \/>\n<meta property=\"og:type\" content=\"article\" \/>\n<meta property=\"og:title\" content=\"Collana D\u00e9collet\u00e9 Testa di Moro Ceramica Onice Perle Corallo - FiaJewels\" \/>\n<meta property=\"og:description\" content=\"Collana D\u00e9collet\u00e9 Testa di Moro Ceramica Onice Perle Corallo Collana in onice nero sfaccettato da 12mm, Perle naturali da 12 mm, corallo del\" \/>\n<meta property=\"og:url\" content=\"https:\/\/fiajewels.it\/en\/product\/collana-decollete-testa-di-moro-ceramica-onice-perle-corallo\/\" \/>\n<meta property=\"og:site_name\" content=\"FiaJewels\" \/>\n<meta property=\"article:modified_time\" content=\"2026-04-06T14:46:11+00:00\" \/>\n<meta property=\"og:image\" content=\"https:\/\/fiajewels.it\/wp-content\/uploads\/2026\/03\/COLLANA-ARTIGIANALE-SICILIANA-ONICE-CORALLO-PERLE-TESTA-DI-MORO-SICILIA-SICILIANA-CERAMICA-DI-CALTAGIRONE-5-683x1024.png\" \/>\n\t<meta property=\"og:image:width\" content=\"683\" \/>\n\t<meta property=\"og:image:height\" content=\"1024\" \/>\n\t<meta property=\"og:image:type\" content=\"image\/png\" \/>\n<meta name=\"twitter:card\" content=\"summary_large_image\" \/>\n<meta name=\"twitter:label1\" content=\"Estimated reading time\" \/>\n\t<meta name=\"twitter:data1\" content=\"1 minute\" \/>\n<script type=\"application\/ld+json\" class=\"yoast-schema-graph\">{\"@context\":\"https:\/\/schema.org\",\"@graph\":[{\"@type\":\"WebPage\",\"@id\":\"https:\/\/fiajewels.it\/prodotto\/collana-decollete-testa-di-moro-ceramica-onice-perle-corallo\/\",\"url\":\"https:\/\/fiajewels.it\/prodotto\/collana-decollete-testa-di-moro-ceramica-onice-perle-corallo\/\",\"name\":\"Collana D\u00e9collet\u00e9 Testa di Moro Ceramica Onice Perle Corallo - FiaJewels\",\"isPartOf\":{\"@id\":\"https:\/\/fiajewels.it\/#website\"},\"primaryImageOfPage\":{\"@id\":\"https:\/\/fiajewels.it\/prodotto\/collana-decollete-testa-di-moro-ceramica-onice-perle-corallo\/#primaryimage\"},\"image\":{\"@id\":\"https:\/\/fiajewels.it\/prodotto\/collana-decollete-testa-di-moro-ceramica-onice-perle-corallo\/#primaryimage\"},\"thumbnailUrl\":\"https:\/\/fiajewels.it\/wp-content\/uploads\/2026\/03\/COLLANA-ARTIGIANALE-SICILIANA-ONICE-CORALLO-PERLE-TESTA-DI-MORO-SICILIA-SICILIANA-CERAMICA-DI-CALTAGIRONE-5.png\",\"datePublished\":\"2026-03-13T12:18:32+00:00\",\"dateModified\":\"2026-04-06T14:46:11+00:00\",\"description\":\"Collana D\u00e9collet\u00e9 Testa di Moro Ceramica Onice Perle Corallo Collana in onice nero sfaccettato da 12mm, Perle naturali da 12 mm, corallo del\",\"breadcrumb\":{\"@id\":\"https:\/\/fiajewels.it\/prodotto\/collana-decollete-testa-di-moro-ceramica-onice-perle-corallo\/#breadcrumb\"},\"inLanguage\":\"en-GB\",\"potentialAction\":[{\"@type\":\"ReadAction\",\"target\":[\"https:\/\/fiajewels.it\/prodotto\/collana-decollete-testa-di-moro-ceramica-onice-perle-corallo\/\"]}]},{\"@type\":\"ImageObject\",\"inLanguage\":\"en-GB\",\"@id\":\"https:\/\/fiajewels.it\/prodotto\/collana-decollete-testa-di-moro-ceramica-onice-perle-corallo\/#primaryimage\",\"url\":\"https:\/\/fiajewels.it\/wp-content\/uploads\/2026\/03\/COLLANA-ARTIGIANALE-SICILIANA-ONICE-CORALLO-PERLE-TESTA-DI-MORO-SICILIA-SICILIANA-CERAMICA-DI-CALTAGIRONE-5.png\",\"contentUrl\":\"https:\/\/fiajewels.it\/wp-content\/uploads\/2026\/03\/COLLANA-ARTIGIANALE-SICILIANA-ONICE-CORALLO-PERLE-TESTA-DI-MORO-SICILIA-SICILIANA-CERAMICA-DI-CALTAGIRONE-5.png\",\"width\":1024,\"height\":1536},{\"@type\":\"BreadcrumbList\",\"@id\":\"https:\/\/fiajewels.it\/prodotto\/collana-decollete-testa-di-moro-ceramica-onice-perle-corallo\/#breadcrumb\",\"itemListElement\":[{\"@type\":\"ListItem\",\"position\":1,\"name\":\"Home\",\"item\":\"https:\/\/fiajewels.it\/\"},{\"@type\":\"ListItem\",\"position\":2,\"name\":\"Shop\",\"item\":\"https:\/\/fiajewels.it\/negozio\/\"},{\"@type\":\"ListItem\",\"position\":3,\"name\":\"Collana D\u00e9collet\u00e9 Testa di Moro Ceramica Onice Perle Corallo\"}]},{\"@type\":\"WebSite\",\"@id\":\"https:\/\/fiajewels.it\/#website\",\"url\":\"https:\/\/fiajewels.it\/\",\"name\":\"FiaJewels\",\"description\":\"\",\"publisher\":{\"@id\":\"https:\/\/fiajewels.it\/#\/schema\/person\/2c57907c80620d109c8a7ad1ad6e0c4e\"},\"potentialAction\":[{\"@type\":\"SearchAction\",\"target\":{\"@type\":\"EntryPoint\",\"urlTemplate\":\"https:\/\/fiajewels.it\/?s={search_term_string}\"},\"query-input\":{\"@type\":\"PropertyValueSpecification\",\"valueRequired\":true,\"valueName\":\"search_term_string\"}}],\"inLanguage\":\"en-GB\"},{\"@type\":[\"Person\",\"Organization\"],\"@id\":\"https:\/\/fiajewels.it\/#\/schema\/person\/2c57907c80620d109c8a7ad1ad6e0c4e\",\"name\":\"FiaJewels\",\"image\":{\"@type\":\"ImageObject\",\"inLanguage\":\"en-GB\",\"@id\":\"https:\/\/fiajewels.it\/#\/schema\/person\/image\/\",\"url\":\"https:\/\/secure.gravatar.com\/avatar\/b9a386afa40b1775488d216d9f973cb34fb853546ac7d5681edead69ac4dfde1?s=96&d=mm&r=g\",\"contentUrl\":\"https:\/\/secure.gravatar.com\/avatar\/b9a386afa40b1775488d216d9f973cb34fb853546ac7d5681edead69ac4dfde1?s=96&d=mm&r=g\",\"caption\":\"FiaJewels\"},\"logo\":{\"@id\":\"https:\/\/fiajewels.it\/#\/schema\/person\/image\/\"}}]}<\/script>\n<!-- \/ Yoast SEO plugin. -->","yoast_head_json":{"title":"Collana D\u00e9collet\u00e9 Testa di Moro Ceramica Onice Perle Corallo - FiaJewels","description":"Collana D\u00e9collet\u00e9 Testa di Moro Ceramica Onice Perle Corallo Collana in onice nero sfaccettato da 12mm, Perle naturali da 12 mm, corallo del","robots":{"index":"index","follow":"follow","max-snippet":"max-snippet:-1","max-image-preview":"max-image-preview:large","max-video-preview":"max-video-preview:-1"},"canonical":"https:\/\/fiajewels.it\/en\/product\/collana-decollete-testa-di-moro-ceramica-onice-perle-corallo\/","og_locale":"en_GB","og_type":"article","og_title":"Collana D\u00e9collet\u00e9 Testa di Moro Ceramica Onice Perle Corallo - FiaJewels","og_description":"Collana D\u00e9collet\u00e9 Testa di Moro Ceramica Onice Perle Corallo Collana in onice nero sfaccettato da 12mm, Perle naturali da 12 mm, corallo del","og_url":"https:\/\/fiajewels.it\/en\/product\/collana-decollete-testa-di-moro-ceramica-onice-perle-corallo\/","og_site_name":"FiaJewels","article_modified_time":"2026-04-06T14:46:11+00:00","og_image":[{"width":683,"height":1024,"url":"https:\/\/fiajewels.it\/wp-content\/uploads\/2026\/03\/COLLANA-ARTIGIANALE-SICILIANA-ONICE-CORALLO-PERLE-TESTA-DI-MORO-SICILIA-SICILIANA-CERAMICA-DI-CALTAGIRONE-5-683x1024.png","type":"image\/png"}],"twitter_card":"summary_large_image","twitter_misc":{"Estimated reading time":"1 minute"},"schema":{"@context":"https:\/\/schema.org","@graph":[{"@type":"WebPage","@id":"https:\/\/fiajewels.it\/prodotto\/collana-decollete-testa-di-moro-ceramica-onice-perle-corallo\/","url":"https:\/\/fiajewels.it\/prodotto\/collana-decollete-testa-di-moro-ceramica-onice-perle-corallo\/","name":"Collana D\u00e9collet\u00e9 Testa di Moro Ceramica Onice Perle Corallo - FiaJewels","isPartOf":{"@id":"https:\/\/fiajewels.it\/#website"},"primaryImageOfPage":{"@id":"https:\/\/fiajewels.it\/prodotto\/collana-decollete-testa-di-moro-ceramica-onice-perle-corallo\/#primaryimage"},"image":{"@id":"https:\/\/fiajewels.it\/prodotto\/collana-decollete-testa-di-moro-ceramica-onice-perle-corallo\/#primaryimage"},"thumbnailUrl":"https:\/\/fiajewels.it\/wp-content\/uploads\/2026\/03\/COLLANA-ARTIGIANALE-SICILIANA-ONICE-CORALLO-PERLE-TESTA-DI-MORO-SICILIA-SICILIANA-CERAMICA-DI-CALTAGIRONE-5.png","datePublished":"2026-03-13T12:18:32+00:00","dateModified":"2026-04-06T14:46:11+00:00","description":"Collana D\u00e9collet\u00e9 Testa di Moro Ceramica Onice Perle Corallo Collana in onice nero sfaccettato da 12mm, Perle naturali da 12 mm, corallo del","breadcrumb":{"@id":"https:\/\/fiajewels.it\/prodotto\/collana-decollete-testa-di-moro-ceramica-onice-perle-corallo\/#breadcrumb"},"inLanguage":"en-GB","potentialAction":[{"@type":"ReadAction","target":["https:\/\/fiajewels.it\/prodotto\/collana-decollete-testa-di-moro-ceramica-onice-perle-corallo\/"]}]},{"@type":"ImageObject","inLanguage":"en-GB","@id":"https:\/\/fiajewels.it\/prodotto\/collana-decollete-testa-di-moro-ceramica-onice-perle-corallo\/#primaryimage","url":"https:\/\/fiajewels.it\/wp-content\/uploads\/2026\/03\/COLLANA-ARTIGIANALE-SICILIANA-ONICE-CORALLO-PERLE-TESTA-DI-MORO-SICILIA-SICILIANA-CERAMICA-DI-CALTAGIRONE-5.png","contentUrl":"https:\/\/fiajewels.it\/wp-content\/uploads\/2026\/03\/COLLANA-ARTIGIANALE-SICILIANA-ONICE-CORALLO-PERLE-TESTA-DI-MORO-SICILIA-SICILIANA-CERAMICA-DI-CALTAGIRONE-5.png","width":1024,"height":1536},{"@type":"BreadcrumbList","@id":"https:\/\/fiajewels.it\/prodotto\/collana-decollete-testa-di-moro-ceramica-onice-perle-corallo\/#breadcrumb","itemListElement":[{"@type":"ListItem","position":1,"name":"Home","item":"https:\/\/fiajewels.it\/"},{"@type":"ListItem","position":2,"name":"Shop","item":"https:\/\/fiajewels.it\/negozio\/"},{"@type":"ListItem","position":3,"name":"Collana D\u00e9collet\u00e9 Testa di Moro Ceramica Onice Perle Corallo"}]},{"@type":"WebSite","@id":"https:\/\/fiajewels.it\/#website","url":"https:\/\/fiajewels.it\/","name":"FiaJewels","description":"","publisher":{"@id":"https:\/\/fiajewels.it\/#\/schema\/person\/2c57907c80620d109c8a7ad1ad6e0c4e"},"potentialAction":[{"@type":"SearchAction","target":{"@type":"EntryPoint","urlTemplate":"https:\/\/fiajewels.it\/?s={search_term_string}"},"query-input":{"@type":"PropertyValueSpecification","valueRequired":true,"valueName":"search_term_string"}}],"inLanguage":"en-GB"},{"@type":["Person","Organization"],"@id":"https:\/\/fiajewels.it\/#\/schema\/person\/2c57907c80620d109c8a7ad1ad6e0c4e","name":"FiaJewels","image":{"@type":"ImageObject","inLanguage":"en-GB","@id":"https:\/\/fiajewels.it\/#\/schema\/person\/image\/","url":"https:\/\/secure.gravatar.com\/avatar\/b9a386afa40b1775488d216d9f973cb34fb853546ac7d5681edead69ac4dfde1?s=96&d=mm&r=g","contentUrl":"https:\/\/secure.gravatar.com\/avatar\/b9a386afa40b1775488d216d9f973cb34fb853546ac7d5681edead69ac4dfde1?s=96&d=mm&r=g","caption":"FiaJewels"},"logo":{"@id":"https:\/\/fiajewels.it\/#\/schema\/person\/image\/"}}]}},"_links":{"self":[{"href":"https:\/\/fiajewels.it\/en\/wp-json\/wp\/v2\/product\/42880","targetHints":{"allow":["GET"]}}],"collection":[{"href":"https:\/\/fiajewels.it\/en\/wp-json\/wp\/v2\/product"}],"about":[{"href":"https:\/\/fiajewels.it\/en\/wp-json\/wp\/v2\/types\/product"}],"wp:featuredmedia":[{"embeddable":true,"href":"https:\/\/fiajewels.it\/en\/wp-json\/wp\/v2\/media\/42888"}],"wp:attachment":[{"href":"https:\/\/fiajewels.it\/en\/wp-json\/wp\/v2\/media?parent=42880"}],"wp:term":[{"taxonomy":"product_brand","embeddable":true,"href":"https:\/\/fiajewels.it\/en\/wp-json\/wp\/v2\/product_brand?post=42880"},{"taxonomy":"product_cat","embeddable":true,"href":"https:\/\/fiajewels.it\/en\/wp-json\/wp\/v2\/product_cat?post=42880"},{"taxonomy":"product_tag","embeddable":true,"href":"https:\/\/fiajewels.it\/en\/wp-json\/wp\/v2\/product_tag?post=42880"}],"curies":[{"name":"wp","href":"https:\/\/api.w.org\/{rel}","templated":true}]}}