{"id":42367,"date":"2026-02-27T13:24:20","date_gmt":"2026-02-27T12:24:20","guid":{"rendered":"https:\/\/fiajewels.it\/?post_type=product&#038;p=42367"},"modified":"2026-03-11T23:04:35","modified_gmt":"2026-03-11T22:04:35","slug":"collana-ciondolo-ceramica-di-caltagirone-doppia-mattonella-giada-verde-fico","status":"publish","type":"product","link":"https:\/\/fiajewels.it\/en\/product\/collana-ciondolo-ceramica-di-caltagirone-doppia-mattonella-giada-verde-fico\/","title":{"rendered":"Caltagirone Ceramic Pendant Necklace Double Fig Green Jade Tile"},"content":{"rendered":"<p>Caltagirone Ceramic Pendant Necklace Double Fig Green Jade Tile<\/p>\n<p>Versatile and high-impact necklace<\/p>\n<p>entirely handmade, with a pendant in a double tile with sautache workmanship with trimmings and micro stones, detachable, in Caltagirone ceramic, finely hand-decorated on both sides and a necklace in green jade<\/p>\n<p>Round clasp in gold-plated 925 silver<\/p>\n<p>The necklace is 44 cm long and can be worn alone or with other pendants and is all knotted with silk thread.<\/p>\n<p>The pendant measures 9 x 3.5 cm and can also be worn with other necklaces.<\/p>\n<p>&nbsp;<\/p>\n<p>&nbsp;<\/p>","protected":false},"excerpt":{"rendered":"<article class=\"text-token-text-primary w-full focus:outline-none [--shadow-height:45px] has-data-writing-block:pointer-events-none has-data-writing-block:-mt-(--shadow-height) has-data-writing-block:pt-(--shadow-height) [&amp;:has([data-writing-block])&gt;*]:pointer-events-auto scroll-mt-[calc(var(--header-height)+min(200px,max(70px,20svh)))]\" dir=\"auto\" tabindex=\"-1\" data-turn-id=\"request-67e31d8a-d214-8005-9b69-3ffd734258b3-0\" data-testid=\"conversation-turn-2\" data-scroll-anchor=\"true\" data-turn=\"assistant\">\n<div class=\"text-base my-auto mx-auto pb-10 [--thread-content-margin:--spacing(4)] @w-sm\/main:[--thread-content-margin:--spacing(6)] @w-lg\/main:[--thread-content-margin:--spacing(16)] px-(--thread-content-margin)\">\n<div class=\"[--thread-content-max-width:40rem] @w-lg\/main:[--thread-content-max-width:48rem] mx-auto max-w-(--thread-content-max-width) flex-1 group\/turn-messages focus-visible:outline-hidden relative flex w-full min-w-0 flex-col agent-turn\" tabindex=\"-1\">\n<div class=\"flex max-w-full flex-col grow\">\n<div class=\"min-h-8 text-message relative flex w-full flex-col items-end gap-2 text-start break-words whitespace-normal [.text-message+&amp;]:mt-1\" dir=\"auto\" data-message-author-role=\"assistant\" data-message-id=\"98013267-56e3-44a1-8d66-2d9cf1146601\" data-message-model-slug=\"gpt-5-2\">\n<div class=\"flex w-full flex-col gap-1 empty:hidden first:pt-[1px]\">\n<div class=\"markdown prose dark:prose-invert w-full wrap-break-word light markdown-new-styling\">\n<p data-start=\"0\" data-end=\"79\">Collana Ciondolo Ceramica di Caltagirone Doppia Mattonella Giada Verde \ud83d\udc9c\u2728<\/p>\n<p data-start=\"81\" data-end=\"210\">Una collana versatile e di grande impatto, pensata per donne che amano distinguersi con dettagli autentici e ricchi di carattere.<\/p>\n<p data-start=\"212\" data-end=\"493\">Realizzata interamente a mano, presenta un pendente staccabile in doppia mattonella, decorata in entrabe le facce, in ceramica di Caltagirone, finemente decorata a mano \ud83c\udfa8 e impreziosita da lavorazione soutache con passamaneria e micropietre. Un incontro armonioso tra tradizione siciliana e gusto contemporaneo.<\/p>\n<p data-start=\"495\" data-end=\"699\">La collana in giada Verde da 8 mm, \u00e8 annodata a mano con filo di seta e misura 44 cm: pu\u00f2 essere indossata da sola per un effetto deciso oppure abbinata ad altri pendenti per creare combinazioni sempre nuove.<\/p>\n<p data-start=\"701\" data-end=\"747\">Chiusura tonda in argento 925 placcato oro \u2728<\/p>\n<p data-start=\"749\" data-end=\"871\" data-is-last-node=\"\" data-is-only-node=\"\">Il pendente (9 x 3,5 cm) \u00e8 staccabile e pu\u00f2 essere indossato anche con altre collane, per cambiare stile con semplicit\u00e0 \ud83d\udcab<\/p>\n<\/div>\n<\/div>\n<\/div>\n<\/div>\n<\/div>\n<\/div>\n<\/article>\n","protected":false},"featured_media":42832,"template":"","meta":{"_joinchat":[]},"product_brand":[],"product_cat":[34,43,45,1016],"product_tag":[1696,1150,103,202,206,187,212,213,316,1038,390,193,98,214,255,343,71,211,215,357],"class_list":{"0":"post-42367","1":"product","2":"type-product","3":"status-publish","4":"has-post-thumbnail","6":"product_cat-collane","7":"product_cat-collane-collane","8":"product_cat-collane-siciliane","9":"product_cat-novita","10":"product_tag-cactus","11":"product_tag-carretto","12":"product_tag-ceramica-di-caltagirone","13":"product_tag-collana-in-ceramica","14":"product_tag-collana-per-regalo","15":"product_tag-collana-siciliana","16":"product_tag-collane-artigianali","17":"product_tag-collane-siciliane","18":"product_tag-etna","19":"product_tag-fico","20":"product_tag-ficodindia","21":"product_tag-giada","22":"product_tag-gioielli-artigianali","23":"product_tag-gioielli-siciliani","24":"product_tag-limoni","25":"product_tag-perla","26":"product_tag-perle","27":"product_tag-sicilia","28":"product_tag-stile-siciliano","29":"product_tag-verde","30":"product_shipping_class-100-350g","32":"first","33":"instock","34":"shipping-taxable","35":"purchasable","36":"product-type-simple"},"yoast_head":"<!-- This site is optimized with the Yoast SEO plugin v27.1.1 - https:\/\/yoast.com\/product\/yoast-seo-wordpress\/ -->\n<title>Collana Ciondolo Ceramica di Caltagirone Doppia Mattonella Giada Verde Fico - FiaJewels<\/title>\n<meta name=\"description\" content=\"Collana Ciondolo Ceramica di Caltagirone Doppia Mattonella Giada Verde Fico Collana versatile e di grande impattofatta interamente a mano, con pendente\" \/>\n<meta name=\"robots\" content=\"index, follow, max-snippet:-1, max-image-preview:large, max-video-preview:-1\" \/>\n<link rel=\"canonical\" href=\"https:\/\/fiajewels.it\/en\/product\/collana-ciondolo-ceramica-di-caltagirone-doppia-mattonella-giada-verde-fico\/\" \/>\n<meta property=\"og:locale\" content=\"en_GB\" \/>\n<meta property=\"og:type\" content=\"article\" \/>\n<meta property=\"og:title\" content=\"Collana Ciondolo Ceramica di Caltagirone Doppia Mattonella Giada Verde Fico - FiaJewels\" \/>\n<meta property=\"og:description\" content=\"Collana Ciondolo Ceramica di Caltagirone Doppia Mattonella Giada Verde Fico Collana versatile e di grande impattofatta interamente a mano, con pendente\" \/>\n<meta property=\"og:url\" content=\"https:\/\/fiajewels.it\/en\/product\/collana-ciondolo-ceramica-di-caltagirone-doppia-mattonella-giada-verde-fico\/\" \/>\n<meta property=\"og:site_name\" content=\"FiaJewels\" \/>\n<meta property=\"article:modified_time\" content=\"2026-03-11T22:04:35+00:00\" \/>\n<meta property=\"og:image\" content=\"https:\/\/fiajewels.it\/wp-content\/uploads\/2026\/02\/COLLANA-ARTIGIANALE-SICILIANA-DOPPIA-MATTONELLA-STACCABILE-GIADA-VERDE-PERLE-CERAMICA-DI-CALTAGIRONE-FICO-682x1024.png\" \/>\n\t<meta property=\"og:image:width\" content=\"682\" \/>\n\t<meta property=\"og:image:height\" content=\"1024\" \/>\n\t<meta property=\"og:image:type\" content=\"image\/png\" \/>\n<meta name=\"twitter:card\" content=\"summary_large_image\" \/>\n<meta name=\"twitter:label1\" content=\"Estimated reading time\" \/>\n\t<meta name=\"twitter:data1\" content=\"1 minute\" \/>\n<script type=\"application\/ld+json\" class=\"yoast-schema-graph\">{\"@context\":\"https:\/\/schema.org\",\"@graph\":[{\"@type\":\"WebPage\",\"@id\":\"https:\/\/fiajewels.it\/prodotto\/collana-ciondolo-ceramica-di-caltagirone-doppia-mattonella-giada-verde-fico\/\",\"url\":\"https:\/\/fiajewels.it\/prodotto\/collana-ciondolo-ceramica-di-caltagirone-doppia-mattonella-giada-verde-fico\/\",\"name\":\"Collana Ciondolo Ceramica di Caltagirone Doppia Mattonella Giada Verde Fico - FiaJewels\",\"isPartOf\":{\"@id\":\"https:\/\/fiajewels.it\/#website\"},\"primaryImageOfPage\":{\"@id\":\"https:\/\/fiajewels.it\/prodotto\/collana-ciondolo-ceramica-di-caltagirone-doppia-mattonella-giada-verde-fico\/#primaryimage\"},\"image\":{\"@id\":\"https:\/\/fiajewels.it\/prodotto\/collana-ciondolo-ceramica-di-caltagirone-doppia-mattonella-giada-verde-fico\/#primaryimage\"},\"thumbnailUrl\":\"https:\/\/fiajewels.it\/wp-content\/uploads\/2026\/02\/COLLANA-ARTIGIANALE-SICILIANA-DOPPIA-MATTONELLA-STACCABILE-GIADA-VERDE-PERLE-CERAMICA-DI-CALTAGIRONE-FICO.png\",\"datePublished\":\"2026-02-27T12:24:20+00:00\",\"dateModified\":\"2026-03-11T22:04:35+00:00\",\"description\":\"Collana Ciondolo Ceramica di Caltagirone Doppia Mattonella Giada Verde Fico Collana versatile e di grande impattofatta interamente a mano, con pendente\",\"breadcrumb\":{\"@id\":\"https:\/\/fiajewels.it\/prodotto\/collana-ciondolo-ceramica-di-caltagirone-doppia-mattonella-giada-verde-fico\/#breadcrumb\"},\"inLanguage\":\"en-GB\",\"potentialAction\":[{\"@type\":\"ReadAction\",\"target\":[\"https:\/\/fiajewels.it\/prodotto\/collana-ciondolo-ceramica-di-caltagirone-doppia-mattonella-giada-verde-fico\/\"]}]},{\"@type\":\"ImageObject\",\"inLanguage\":\"en-GB\",\"@id\":\"https:\/\/fiajewels.it\/prodotto\/collana-ciondolo-ceramica-di-caltagirone-doppia-mattonella-giada-verde-fico\/#primaryimage\",\"url\":\"https:\/\/fiajewels.it\/wp-content\/uploads\/2026\/02\/COLLANA-ARTIGIANALE-SICILIANA-DOPPIA-MATTONELLA-STACCABILE-GIADA-VERDE-PERLE-CERAMICA-DI-CALTAGIRONE-FICO.png\",\"contentUrl\":\"https:\/\/fiajewels.it\/wp-content\/uploads\/2026\/02\/COLLANA-ARTIGIANALE-SICILIANA-DOPPIA-MATTONELLA-STACCABILE-GIADA-VERDE-PERLE-CERAMICA-DI-CALTAGIRONE-FICO.png\",\"width\":842,\"height\":1264},{\"@type\":\"BreadcrumbList\",\"@id\":\"https:\/\/fiajewels.it\/prodotto\/collana-ciondolo-ceramica-di-caltagirone-doppia-mattonella-giada-verde-fico\/#breadcrumb\",\"itemListElement\":[{\"@type\":\"ListItem\",\"position\":1,\"name\":\"Home\",\"item\":\"https:\/\/fiajewels.it\/\"},{\"@type\":\"ListItem\",\"position\":2,\"name\":\"Shop\",\"item\":\"https:\/\/fiajewels.it\/negozio\/\"},{\"@type\":\"ListItem\",\"position\":3,\"name\":\"Collana Ciondolo Ceramica di Caltagirone Doppia Mattonella Giada Verde Fico\"}]},{\"@type\":\"WebSite\",\"@id\":\"https:\/\/fiajewels.it\/#website\",\"url\":\"https:\/\/fiajewels.it\/\",\"name\":\"FiaJewels\",\"description\":\"\",\"publisher\":{\"@id\":\"https:\/\/fiajewels.it\/#\/schema\/person\/2c57907c80620d109c8a7ad1ad6e0c4e\"},\"potentialAction\":[{\"@type\":\"SearchAction\",\"target\":{\"@type\":\"EntryPoint\",\"urlTemplate\":\"https:\/\/fiajewels.it\/?s={search_term_string}\"},\"query-input\":{\"@type\":\"PropertyValueSpecification\",\"valueRequired\":true,\"valueName\":\"search_term_string\"}}],\"inLanguage\":\"en-GB\"},{\"@type\":[\"Person\",\"Organization\"],\"@id\":\"https:\/\/fiajewels.it\/#\/schema\/person\/2c57907c80620d109c8a7ad1ad6e0c4e\",\"name\":\"FiaJewels\",\"image\":{\"@type\":\"ImageObject\",\"inLanguage\":\"en-GB\",\"@id\":\"https:\/\/fiajewels.it\/#\/schema\/person\/image\/\",\"url\":\"https:\/\/secure.gravatar.com\/avatar\/b9a386afa40b1775488d216d9f973cb34fb853546ac7d5681edead69ac4dfde1?s=96&d=mm&r=g\",\"contentUrl\":\"https:\/\/secure.gravatar.com\/avatar\/b9a386afa40b1775488d216d9f973cb34fb853546ac7d5681edead69ac4dfde1?s=96&d=mm&r=g\",\"caption\":\"FiaJewels\"},\"logo\":{\"@id\":\"https:\/\/fiajewels.it\/#\/schema\/person\/image\/\"}}]}<\/script>\n<!-- \/ Yoast SEO plugin. -->","yoast_head_json":{"title":"Collana Ciondolo Ceramica di Caltagirone Doppia Mattonella Giada Verde Fico - FiaJewels","description":"Collana Ciondolo Ceramica di Caltagirone Doppia Mattonella Giada Verde Fico Collana versatile e di grande impattofatta interamente a mano, con pendente","robots":{"index":"index","follow":"follow","max-snippet":"max-snippet:-1","max-image-preview":"max-image-preview:large","max-video-preview":"max-video-preview:-1"},"canonical":"https:\/\/fiajewels.it\/en\/product\/collana-ciondolo-ceramica-di-caltagirone-doppia-mattonella-giada-verde-fico\/","og_locale":"en_GB","og_type":"article","og_title":"Collana Ciondolo Ceramica di Caltagirone Doppia Mattonella Giada Verde Fico - FiaJewels","og_description":"Collana Ciondolo Ceramica di Caltagirone Doppia Mattonella Giada Verde Fico Collana versatile e di grande impattofatta interamente a mano, con pendente","og_url":"https:\/\/fiajewels.it\/en\/product\/collana-ciondolo-ceramica-di-caltagirone-doppia-mattonella-giada-verde-fico\/","og_site_name":"FiaJewels","article_modified_time":"2026-03-11T22:04:35+00:00","og_image":[{"width":682,"height":1024,"url":"https:\/\/fiajewels.it\/wp-content\/uploads\/2026\/02\/COLLANA-ARTIGIANALE-SICILIANA-DOPPIA-MATTONELLA-STACCABILE-GIADA-VERDE-PERLE-CERAMICA-DI-CALTAGIRONE-FICO-682x1024.png","type":"image\/png"}],"twitter_card":"summary_large_image","twitter_misc":{"Estimated reading time":"1 minute"},"schema":{"@context":"https:\/\/schema.org","@graph":[{"@type":"WebPage","@id":"https:\/\/fiajewels.it\/prodotto\/collana-ciondolo-ceramica-di-caltagirone-doppia-mattonella-giada-verde-fico\/","url":"https:\/\/fiajewels.it\/prodotto\/collana-ciondolo-ceramica-di-caltagirone-doppia-mattonella-giada-verde-fico\/","name":"Collana Ciondolo Ceramica di Caltagirone Doppia Mattonella Giada Verde Fico - FiaJewels","isPartOf":{"@id":"https:\/\/fiajewels.it\/#website"},"primaryImageOfPage":{"@id":"https:\/\/fiajewels.it\/prodotto\/collana-ciondolo-ceramica-di-caltagirone-doppia-mattonella-giada-verde-fico\/#primaryimage"},"image":{"@id":"https:\/\/fiajewels.it\/prodotto\/collana-ciondolo-ceramica-di-caltagirone-doppia-mattonella-giada-verde-fico\/#primaryimage"},"thumbnailUrl":"https:\/\/fiajewels.it\/wp-content\/uploads\/2026\/02\/COLLANA-ARTIGIANALE-SICILIANA-DOPPIA-MATTONELLA-STACCABILE-GIADA-VERDE-PERLE-CERAMICA-DI-CALTAGIRONE-FICO.png","datePublished":"2026-02-27T12:24:20+00:00","dateModified":"2026-03-11T22:04:35+00:00","description":"Collana Ciondolo Ceramica di Caltagirone Doppia Mattonella Giada Verde Fico Collana versatile e di grande impattofatta interamente a mano, con pendente","breadcrumb":{"@id":"https:\/\/fiajewels.it\/prodotto\/collana-ciondolo-ceramica-di-caltagirone-doppia-mattonella-giada-verde-fico\/#breadcrumb"},"inLanguage":"en-GB","potentialAction":[{"@type":"ReadAction","target":["https:\/\/fiajewels.it\/prodotto\/collana-ciondolo-ceramica-di-caltagirone-doppia-mattonella-giada-verde-fico\/"]}]},{"@type":"ImageObject","inLanguage":"en-GB","@id":"https:\/\/fiajewels.it\/prodotto\/collana-ciondolo-ceramica-di-caltagirone-doppia-mattonella-giada-verde-fico\/#primaryimage","url":"https:\/\/fiajewels.it\/wp-content\/uploads\/2026\/02\/COLLANA-ARTIGIANALE-SICILIANA-DOPPIA-MATTONELLA-STACCABILE-GIADA-VERDE-PERLE-CERAMICA-DI-CALTAGIRONE-FICO.png","contentUrl":"https:\/\/fiajewels.it\/wp-content\/uploads\/2026\/02\/COLLANA-ARTIGIANALE-SICILIANA-DOPPIA-MATTONELLA-STACCABILE-GIADA-VERDE-PERLE-CERAMICA-DI-CALTAGIRONE-FICO.png","width":842,"height":1264},{"@type":"BreadcrumbList","@id":"https:\/\/fiajewels.it\/prodotto\/collana-ciondolo-ceramica-di-caltagirone-doppia-mattonella-giada-verde-fico\/#breadcrumb","itemListElement":[{"@type":"ListItem","position":1,"name":"Home","item":"https:\/\/fiajewels.it\/"},{"@type":"ListItem","position":2,"name":"Shop","item":"https:\/\/fiajewels.it\/negozio\/"},{"@type":"ListItem","position":3,"name":"Collana Ciondolo Ceramica di Caltagirone Doppia Mattonella Giada Verde Fico"}]},{"@type":"WebSite","@id":"https:\/\/fiajewels.it\/#website","url":"https:\/\/fiajewels.it\/","name":"FiaJewels","description":"","publisher":{"@id":"https:\/\/fiajewels.it\/#\/schema\/person\/2c57907c80620d109c8a7ad1ad6e0c4e"},"potentialAction":[{"@type":"SearchAction","target":{"@type":"EntryPoint","urlTemplate":"https:\/\/fiajewels.it\/?s={search_term_string}"},"query-input":{"@type":"PropertyValueSpecification","valueRequired":true,"valueName":"search_term_string"}}],"inLanguage":"en-GB"},{"@type":["Person","Organization"],"@id":"https:\/\/fiajewels.it\/#\/schema\/person\/2c57907c80620d109c8a7ad1ad6e0c4e","name":"FiaJewels","image":{"@type":"ImageObject","inLanguage":"en-GB","@id":"https:\/\/fiajewels.it\/#\/schema\/person\/image\/","url":"https:\/\/secure.gravatar.com\/avatar\/b9a386afa40b1775488d216d9f973cb34fb853546ac7d5681edead69ac4dfde1?s=96&d=mm&r=g","contentUrl":"https:\/\/secure.gravatar.com\/avatar\/b9a386afa40b1775488d216d9f973cb34fb853546ac7d5681edead69ac4dfde1?s=96&d=mm&r=g","caption":"FiaJewels"},"logo":{"@id":"https:\/\/fiajewels.it\/#\/schema\/person\/image\/"}}]}},"_links":{"self":[{"href":"https:\/\/fiajewels.it\/en\/wp-json\/wp\/v2\/product\/42367","targetHints":{"allow":["GET"]}}],"collection":[{"href":"https:\/\/fiajewels.it\/en\/wp-json\/wp\/v2\/product"}],"about":[{"href":"https:\/\/fiajewels.it\/en\/wp-json\/wp\/v2\/types\/product"}],"wp:featuredmedia":[{"embeddable":true,"href":"https:\/\/fiajewels.it\/en\/wp-json\/wp\/v2\/media\/42832"}],"wp:attachment":[{"href":"https:\/\/fiajewels.it\/en\/wp-json\/wp\/v2\/media?parent=42367"}],"wp:term":[{"taxonomy":"product_brand","embeddable":true,"href":"https:\/\/fiajewels.it\/en\/wp-json\/wp\/v2\/product_brand?post=42367"},{"taxonomy":"product_cat","embeddable":true,"href":"https:\/\/fiajewels.it\/en\/wp-json\/wp\/v2\/product_cat?post=42367"},{"taxonomy":"product_tag","embeddable":true,"href":"https:\/\/fiajewels.it\/en\/wp-json\/wp\/v2\/product_tag?post=42367"}],"curies":[{"name":"wp","href":"https:\/\/api.w.org\/{rel}","templated":true}]}}