{"id":41843,"date":"2026-02-20T16:00:01","date_gmt":"2026-02-20T15:00:01","guid":{"rendered":"https:\/\/fiajewels.it\/?post_type=product&#038;p=41843"},"modified":"2026-04-17T16:30:52","modified_gmt":"2026-04-17T14:30:52","slug":"collana-charleston-chanel-onice-perle-charms-libellula","status":"publish","type":"product","link":"https:\/\/fiajewels.it\/en\/product\/collana-charleston-chanel-onice-perle-charms-libellula\/","title":{"rendered":"Charleston Chanel Necklace Onyx Pearls Dragonfly Charms"},"content":{"rendered":"<p>Charleston Chanel Necklace Onyx Pearls Dragonfly Charms<\/p>\n<p>Add a touch of elegance and charm to your look with this elegant Chanel (or Charleston) style necklace in faceted onyx, ruby root interludes and natural pearl and dragonfly charms in brass.<\/p>\n<p>Material: Onyx, ruby, pearls<\/p>\n<p>Color: multi<\/p>\n<p>It has no metal parts and has no closure<\/p>\n<h4>Length: 150 cm You can wear it with 2 or 3 turns and\/or with a knot<\/h4>\n<p>&nbsp;<\/p>\n<p>&nbsp;<\/p>","protected":false},"excerpt":{"rendered":"<article class=\"text-token-text-primary w-full focus:outline-none [--shadow-height:45px] has-data-writing-block:pointer-events-none has-data-writing-block:-mt-(--shadow-height) has-data-writing-block:pt-(--shadow-height) [&amp;:has([data-writing-block])&gt;*]:pointer-events-auto [content-visibility:auto] supports-[content-visibility:auto]:[contain-intrinsic-size:auto_100lvh] scroll-mt-[calc(var(--header-height)+min(200px,max(70px,20svh)))]\" dir=\"auto\" tabindex=\"-1\" data-turn-id=\"6fbde81a-9d5a-4b98-84de-c7d0e17d49a4\" data-testid=\"conversation-turn-2\" data-scroll-anchor=\"true\" data-turn=\"assistant\">\n<p data-start=\"139\" data-end=\"200\"><strong data-start=\"139\" data-end=\"200\">Collana Charleston Chanel Onice, Perle e Charms Libellula<\/strong><\/p>\n<p data-start=\"202\" data-end=\"468\">Una collana lunga e scenografica che avvolge il d\u00e9collet\u00e9 con carattere e femminilit\u00e0 \u2728<br data-start=\"289\" data-end=\"292\" \/>Realizzata in onice sfaccettata con intermezzi di radice di rubino, \u00e8 arricchita da perle naturali e delicate libellule in ottone che donano movimento e luce ad ogni passo \ud83d\udda4\ud83e\udd8b<\/p>\n<p data-start=\"470\" data-end=\"682\">Con i suoi 150 cm di lunghezza puoi indossarla a due o tre giri oppure annodata, per uno stile pi\u00f9 creativo e personale. Non ha chiusura n\u00e9 parti metalliche a contatto, per una vestibilit\u00e0 pratica e confortevole.<\/p>\n<p data-start=\"684\" data-end=\"810\">Perfetta su un abito elegante ma splendida anche su un look essenziale: una collana che si fa notare con classe e personalit\u00e0.<\/p>\n<p data-start=\"812\" data-end=\"917\"><strong data-start=\"812\" data-end=\"826\">Materiali:<\/strong> onice, radice di rubino, perle naturali<br data-start=\"866\" data-end=\"869\" \/><strong data-start=\"869\" data-end=\"880\">Colore:<\/strong> multicolor<br data-start=\"891\" data-end=\"894\" \/><strong data-start=\"894\" data-end=\"908\">Lunghezza:<\/strong> 150 cm<\/p>\n<p data-start=\"919\" data-end=\"972\" data-is-last-node=\"\" data-is-only-node=\"\">Un gioiello che racconta gusto e cura nei dettagli \ud83d\udcabATTENZIONE La collana \u00e8 piu lunga di come appare nella foto indossata<\/p>\n<\/article>\n","protected":false},"featured_media":42012,"template":"","meta":{"_joinchat":[]},"product_brand":[],"product_cat":[34,43,703,1016],"product_tag":[1331,1630,1407,191,1390,201,1405,197,1406,770,73,343,71,186,116],"class_list":{"0":"post-41843","1":"product","2":"type-product","3":"status-publish","4":"has-post-thumbnail","6":"product_cat-collane","7":"product_cat-collane-collane","8":"product_cat-collane-minimal-chic","9":"product_cat-novita","10":"product_tag-borgogna","11":"product_tag-chanel","12":"product_tag-collana-charleston","13":"product_tag-collana-di-moda","14":"product_tag-collana-elegante","15":"product_tag-collana-lunga","16":"product_tag-collana-per-lei","17":"product_tag-gioielli-di-moda","18":"product_tag-gioielli-per-lei","19":"product_tag-libellula","20":"product_tag-onice","21":"product_tag-perla","22":"product_tag-perle","23":"product_tag-regalo-per-lei","24":"product_tag-rubino","25":"product_shipping_class-100-350g","27":"first","28":"outofstock","29":"shipping-taxable","30":"purchasable","31":"product-type-simple"},"yoast_head":"<!-- This site is optimized with the Yoast SEO plugin v27.1.1 - https:\/\/yoast.com\/product\/yoast-seo-wordpress\/ -->\n<title>Collana Charleston Chanel Onice Perle Charms Libellula - FiaJewels<\/title>\n<meta name=\"description\" content=\"Collana Charleston Chanel Onice Perle Charms Libellula Aggiungi un tocco di eleganza e fascino al tuo look con questa elegante collana stile Chanel (o char\" \/>\n<meta name=\"robots\" content=\"index, follow, max-snippet:-1, max-image-preview:large, max-video-preview:-1\" \/>\n<link rel=\"canonical\" href=\"https:\/\/fiajewels.it\/en\/product\/collana-charleston-chanel-onice-perle-charms-libellula\/\" \/>\n<meta property=\"og:locale\" content=\"en_GB\" \/>\n<meta property=\"og:type\" content=\"article\" \/>\n<meta property=\"og:title\" content=\"Collana Charleston Chanel Onice Perle Charms Libellula - FiaJewels\" \/>\n<meta property=\"og:description\" content=\"Collana Charleston Chanel Onice Perle Charms Libellula Aggiungi un tocco di eleganza e fascino al tuo look con questa elegante collana stile Chanel (o char\" \/>\n<meta property=\"og:url\" content=\"https:\/\/fiajewels.it\/en\/product\/collana-charleston-chanel-onice-perle-charms-libellula\/\" \/>\n<meta property=\"og:site_name\" content=\"FiaJewels\" \/>\n<meta property=\"article:modified_time\" content=\"2026-04-17T14:30:52+00:00\" \/>\n<meta property=\"og:image\" content=\"https:\/\/fiajewels.it\/wp-content\/uploads\/2026\/02\/COLLANA-ARTIGIANALE-LUNGA-CHARLESTON-CHANEL-PERLE-ONICE-RUBINO-LIBELLULE.png\" \/>\n\t<meta property=\"og:image:width\" content=\"832\" \/>\n\t<meta property=\"og:image:height\" content=\"1248\" \/>\n\t<meta property=\"og:image:type\" content=\"image\/png\" \/>\n<meta name=\"twitter:card\" content=\"summary_large_image\" \/>\n<meta name=\"twitter:label1\" content=\"Estimated reading time\" \/>\n\t<meta name=\"twitter:data1\" content=\"1 minute\" \/>\n<script type=\"application\/ld+json\" class=\"yoast-schema-graph\">{\"@context\":\"https:\/\/schema.org\",\"@graph\":[{\"@type\":\"WebPage\",\"@id\":\"https:\/\/fiajewels.it\/prodotto\/collana-charleston-chanel-onice-perle-charms-libellula\/\",\"url\":\"https:\/\/fiajewels.it\/prodotto\/collana-charleston-chanel-onice-perle-charms-libellula\/\",\"name\":\"Collana Charleston Chanel Onice Perle Charms Libellula - FiaJewels\",\"isPartOf\":{\"@id\":\"https:\/\/fiajewels.it\/#website\"},\"primaryImageOfPage\":{\"@id\":\"https:\/\/fiajewels.it\/prodotto\/collana-charleston-chanel-onice-perle-charms-libellula\/#primaryimage\"},\"image\":{\"@id\":\"https:\/\/fiajewels.it\/prodotto\/collana-charleston-chanel-onice-perle-charms-libellula\/#primaryimage\"},\"thumbnailUrl\":\"https:\/\/fiajewels.it\/wp-content\/uploads\/2026\/02\/COLLANA-ARTIGIANALE-LUNGA-CHARLESTON-CHANEL-PERLE-ONICE-RUBINO-LIBELLULE.png\",\"datePublished\":\"2026-02-20T15:00:01+00:00\",\"dateModified\":\"2026-04-17T14:30:52+00:00\",\"description\":\"Collana Charleston Chanel Onice Perle Charms Libellula Aggiungi un tocco di eleganza e fascino al tuo look con questa elegante collana stile Chanel (o char\",\"breadcrumb\":{\"@id\":\"https:\/\/fiajewels.it\/prodotto\/collana-charleston-chanel-onice-perle-charms-libellula\/#breadcrumb\"},\"inLanguage\":\"en-GB\",\"potentialAction\":[{\"@type\":\"ReadAction\",\"target\":[\"https:\/\/fiajewels.it\/prodotto\/collana-charleston-chanel-onice-perle-charms-libellula\/\"]}]},{\"@type\":\"ImageObject\",\"inLanguage\":\"en-GB\",\"@id\":\"https:\/\/fiajewels.it\/prodotto\/collana-charleston-chanel-onice-perle-charms-libellula\/#primaryimage\",\"url\":\"https:\/\/fiajewels.it\/wp-content\/uploads\/2026\/02\/COLLANA-ARTIGIANALE-LUNGA-CHARLESTON-CHANEL-PERLE-ONICE-RUBINO-LIBELLULE.png\",\"contentUrl\":\"https:\/\/fiajewels.it\/wp-content\/uploads\/2026\/02\/COLLANA-ARTIGIANALE-LUNGA-CHARLESTON-CHANEL-PERLE-ONICE-RUBINO-LIBELLULE.png\",\"width\":832,\"height\":1248},{\"@type\":\"BreadcrumbList\",\"@id\":\"https:\/\/fiajewels.it\/prodotto\/collana-charleston-chanel-onice-perle-charms-libellula\/#breadcrumb\",\"itemListElement\":[{\"@type\":\"ListItem\",\"position\":1,\"name\":\"Home\",\"item\":\"https:\/\/fiajewels.it\/\"},{\"@type\":\"ListItem\",\"position\":2,\"name\":\"Shop\",\"item\":\"https:\/\/fiajewels.it\/negozio\/\"},{\"@type\":\"ListItem\",\"position\":3,\"name\":\"Collana Charleston Chanel Onice Perle Charms Libellula\"}]},{\"@type\":\"WebSite\",\"@id\":\"https:\/\/fiajewels.it\/#website\",\"url\":\"https:\/\/fiajewels.it\/\",\"name\":\"FiaJewels\",\"description\":\"\",\"publisher\":{\"@id\":\"https:\/\/fiajewels.it\/#\/schema\/person\/2c57907c80620d109c8a7ad1ad6e0c4e\"},\"potentialAction\":[{\"@type\":\"SearchAction\",\"target\":{\"@type\":\"EntryPoint\",\"urlTemplate\":\"https:\/\/fiajewels.it\/?s={search_term_string}\"},\"query-input\":{\"@type\":\"PropertyValueSpecification\",\"valueRequired\":true,\"valueName\":\"search_term_string\"}}],\"inLanguage\":\"en-GB\"},{\"@type\":[\"Person\",\"Organization\"],\"@id\":\"https:\/\/fiajewels.it\/#\/schema\/person\/2c57907c80620d109c8a7ad1ad6e0c4e\",\"name\":\"FiaJewels\",\"image\":{\"@type\":\"ImageObject\",\"inLanguage\":\"en-GB\",\"@id\":\"https:\/\/fiajewels.it\/#\/schema\/person\/image\/\",\"url\":\"https:\/\/secure.gravatar.com\/avatar\/b9a386afa40b1775488d216d9f973cb34fb853546ac7d5681edead69ac4dfde1?s=96&d=mm&r=g\",\"contentUrl\":\"https:\/\/secure.gravatar.com\/avatar\/b9a386afa40b1775488d216d9f973cb34fb853546ac7d5681edead69ac4dfde1?s=96&d=mm&r=g\",\"caption\":\"FiaJewels\"},\"logo\":{\"@id\":\"https:\/\/fiajewels.it\/#\/schema\/person\/image\/\"}}]}<\/script>\n<!-- \/ Yoast SEO plugin. -->","yoast_head_json":{"title":"Collana Charleston Chanel Onice Perle Charms Libellula - FiaJewels","description":"Collana Charleston Chanel Onice Perle Charms Libellula Aggiungi un tocco di eleganza e fascino al tuo look con questa elegante collana stile Chanel (o char","robots":{"index":"index","follow":"follow","max-snippet":"max-snippet:-1","max-image-preview":"max-image-preview:large","max-video-preview":"max-video-preview:-1"},"canonical":"https:\/\/fiajewels.it\/en\/product\/collana-charleston-chanel-onice-perle-charms-libellula\/","og_locale":"en_GB","og_type":"article","og_title":"Collana Charleston Chanel Onice Perle Charms Libellula - FiaJewels","og_description":"Collana Charleston Chanel Onice Perle Charms Libellula Aggiungi un tocco di eleganza e fascino al tuo look con questa elegante collana stile Chanel (o char","og_url":"https:\/\/fiajewels.it\/en\/product\/collana-charleston-chanel-onice-perle-charms-libellula\/","og_site_name":"FiaJewels","article_modified_time":"2026-04-17T14:30:52+00:00","og_image":[{"width":832,"height":1248,"url":"https:\/\/fiajewels.it\/wp-content\/uploads\/2026\/02\/COLLANA-ARTIGIANALE-LUNGA-CHARLESTON-CHANEL-PERLE-ONICE-RUBINO-LIBELLULE.png","type":"image\/png"}],"twitter_card":"summary_large_image","twitter_misc":{"Estimated reading time":"1 minute"},"schema":{"@context":"https:\/\/schema.org","@graph":[{"@type":"WebPage","@id":"https:\/\/fiajewels.it\/prodotto\/collana-charleston-chanel-onice-perle-charms-libellula\/","url":"https:\/\/fiajewels.it\/prodotto\/collana-charleston-chanel-onice-perle-charms-libellula\/","name":"Collana Charleston Chanel Onice Perle Charms Libellula - FiaJewels","isPartOf":{"@id":"https:\/\/fiajewels.it\/#website"},"primaryImageOfPage":{"@id":"https:\/\/fiajewels.it\/prodotto\/collana-charleston-chanel-onice-perle-charms-libellula\/#primaryimage"},"image":{"@id":"https:\/\/fiajewels.it\/prodotto\/collana-charleston-chanel-onice-perle-charms-libellula\/#primaryimage"},"thumbnailUrl":"https:\/\/fiajewels.it\/wp-content\/uploads\/2026\/02\/COLLANA-ARTIGIANALE-LUNGA-CHARLESTON-CHANEL-PERLE-ONICE-RUBINO-LIBELLULE.png","datePublished":"2026-02-20T15:00:01+00:00","dateModified":"2026-04-17T14:30:52+00:00","description":"Collana Charleston Chanel Onice Perle Charms Libellula Aggiungi un tocco di eleganza e fascino al tuo look con questa elegante collana stile Chanel (o char","breadcrumb":{"@id":"https:\/\/fiajewels.it\/prodotto\/collana-charleston-chanel-onice-perle-charms-libellula\/#breadcrumb"},"inLanguage":"en-GB","potentialAction":[{"@type":"ReadAction","target":["https:\/\/fiajewels.it\/prodotto\/collana-charleston-chanel-onice-perle-charms-libellula\/"]}]},{"@type":"ImageObject","inLanguage":"en-GB","@id":"https:\/\/fiajewels.it\/prodotto\/collana-charleston-chanel-onice-perle-charms-libellula\/#primaryimage","url":"https:\/\/fiajewels.it\/wp-content\/uploads\/2026\/02\/COLLANA-ARTIGIANALE-LUNGA-CHARLESTON-CHANEL-PERLE-ONICE-RUBINO-LIBELLULE.png","contentUrl":"https:\/\/fiajewels.it\/wp-content\/uploads\/2026\/02\/COLLANA-ARTIGIANALE-LUNGA-CHARLESTON-CHANEL-PERLE-ONICE-RUBINO-LIBELLULE.png","width":832,"height":1248},{"@type":"BreadcrumbList","@id":"https:\/\/fiajewels.it\/prodotto\/collana-charleston-chanel-onice-perle-charms-libellula\/#breadcrumb","itemListElement":[{"@type":"ListItem","position":1,"name":"Home","item":"https:\/\/fiajewels.it\/"},{"@type":"ListItem","position":2,"name":"Shop","item":"https:\/\/fiajewels.it\/negozio\/"},{"@type":"ListItem","position":3,"name":"Collana Charleston Chanel Onice Perle Charms Libellula"}]},{"@type":"WebSite","@id":"https:\/\/fiajewels.it\/#website","url":"https:\/\/fiajewels.it\/","name":"FiaJewels","description":"","publisher":{"@id":"https:\/\/fiajewels.it\/#\/schema\/person\/2c57907c80620d109c8a7ad1ad6e0c4e"},"potentialAction":[{"@type":"SearchAction","target":{"@type":"EntryPoint","urlTemplate":"https:\/\/fiajewels.it\/?s={search_term_string}"},"query-input":{"@type":"PropertyValueSpecification","valueRequired":true,"valueName":"search_term_string"}}],"inLanguage":"en-GB"},{"@type":["Person","Organization"],"@id":"https:\/\/fiajewels.it\/#\/schema\/person\/2c57907c80620d109c8a7ad1ad6e0c4e","name":"FiaJewels","image":{"@type":"ImageObject","inLanguage":"en-GB","@id":"https:\/\/fiajewels.it\/#\/schema\/person\/image\/","url":"https:\/\/secure.gravatar.com\/avatar\/b9a386afa40b1775488d216d9f973cb34fb853546ac7d5681edead69ac4dfde1?s=96&d=mm&r=g","contentUrl":"https:\/\/secure.gravatar.com\/avatar\/b9a386afa40b1775488d216d9f973cb34fb853546ac7d5681edead69ac4dfde1?s=96&d=mm&r=g","caption":"FiaJewels"},"logo":{"@id":"https:\/\/fiajewels.it\/#\/schema\/person\/image\/"}}]}},"_links":{"self":[{"href":"https:\/\/fiajewels.it\/en\/wp-json\/wp\/v2\/product\/41843","targetHints":{"allow":["GET"]}}],"collection":[{"href":"https:\/\/fiajewels.it\/en\/wp-json\/wp\/v2\/product"}],"about":[{"href":"https:\/\/fiajewels.it\/en\/wp-json\/wp\/v2\/types\/product"}],"wp:featuredmedia":[{"embeddable":true,"href":"https:\/\/fiajewels.it\/en\/wp-json\/wp\/v2\/media\/42012"}],"wp:attachment":[{"href":"https:\/\/fiajewels.it\/en\/wp-json\/wp\/v2\/media?parent=41843"}],"wp:term":[{"taxonomy":"product_brand","embeddable":true,"href":"https:\/\/fiajewels.it\/en\/wp-json\/wp\/v2\/product_brand?post=41843"},{"taxonomy":"product_cat","embeddable":true,"href":"https:\/\/fiajewels.it\/en\/wp-json\/wp\/v2\/product_cat?post=41843"},{"taxonomy":"product_tag","embeddable":true,"href":"https:\/\/fiajewels.it\/en\/wp-json\/wp\/v2\/product_tag?post=41843"}],"curies":[{"name":"wp","href":"https:\/\/api.w.org\/{rel}","templated":true}]}}