{"id":41823,"date":"2026-02-20T15:36:47","date_gmt":"2026-02-20T14:36:47","guid":{"rendered":"https:\/\/fiajewels.it\/?post_type=product&#038;p=41823"},"modified":"2026-02-21T11:48:01","modified_gmt":"2026-02-21T10:48:01","slug":"collana-decollete-teste-ceramica-di-caltagirone-perle-pasta-di-corallo","status":"publish","type":"product","link":"https:\/\/fiajewels.it\/en\/product\/collana-decollete-teste-ceramica-di-caltagirone-perle-pasta-di-corallo\/","title":{"rendered":"Caltagirone Ceramic Heads D\u00e9collet\u00e9 Necklace with Coral Paste Pearls"},"content":{"rendered":"<p>Caltagirone Ceramic Heads D\u00e9collet\u00e9 Necklace with Coral Paste Pearls<\/p>\n<p>12mm coral paste necklace, a beautiful piece, decorated on both sides with a Moor&#039;s head, a man and a woman on the same Caltagirone ceramic piece, handcrafted and decorated with pure gold, and enriched with 2 natural pearls.<br \/>\nSilver finishes and knotting between the stones. Gold-plated 925 silver clasp.<\/p>\n<p>It is 65 cm long<\/p>","protected":false},"excerpt":{"rendered":"<p data-start=\"0\" data-end=\"271\">Important and characterful necklace, made in <strong data-start=\"55\" data-end=\"84\">12mm coral paste<\/strong> with precious central element in <strong data-start=\"119\" data-end=\"146\">Caltagirone ceramics<\/strong>, hand decorated with <strong data-start=\"168\" data-end=\"220\">Moorish heads \u2013 man and woman \u2013 on the same side<\/strong> and embellished with details in <strong data-start=\"251\" data-end=\"267\">pure gold<\/strong> \u2728<\/p>\n<p data-start=\"273\" data-end=\"494\">Two <strong data-start=\"277\" data-end=\"295\">natural pearls<\/strong> They frame the decoration, giving light and harmony to the design. The stones are knotted one by one to ensure resistance and quality, with finishes in <strong data-start=\"441\" data-end=\"469\">925 silver gold plated<\/strong> and coordinated closing.<\/p>\n<p data-start=\"496\" data-end=\"600\">Length 65 cm: perfect on the d\u00e9collet\u00e9, ideal to wear with linear dresses or soft necklines \ud83c\udf3a<\/p>\n<p data-start=\"602\" data-end=\"744\" data-is-last-node=\"\" data-is-only-node=\"\">A handcrafted jewel that speaks of tradition, femininity, and personality, designed for women who love to stand out with authentic details \ud83d\udc9b<\/p>","protected":false},"featured_media":42015,"template":"","meta":{"_joinchat":[]},"product_brand":[],"product_cat":[34,43,45,707,1016],"product_tag":[99,103,199,219,220,180,188,1559,194,201,187,98,214,102,941,65,343,71,186,85,208,263],"class_list":{"0":"post-41823","1":"product","2":"type-product","3":"status-publish","4":"has-post-thumbnail","6":"product_cat-collane","7":"product_cat-collane-collane","8":"product_cat-collane-siciliane","9":"product_cat-collane-testa-di-moro","10":"product_cat-novita","11":"product_tag-artigianato-siciliano","12":"product_tag-ceramica-di-caltagirone","13":"product_tag-collana-artigianale","14":"product_tag-collana-ceramica","15":"product_tag-collana-ceramica-di-caltagirone","16":"product_tag-collana-donna","17":"product_tag-collana-fatta-a-mano","18":"product_tag-collana-in-angelite","19":"product_tag-collana-in-giada","20":"product_tag-collana-lunga","21":"product_tag-collana-siciliana","22":"product_tag-gioielli-artigianali","23":"product_tag-gioielli-siciliani","24":"product_tag-gioielli-unici","25":"product_tag-melograno","26":"product_tag-pasta-di-corallo","27":"product_tag-perla","28":"product_tag-perle","29":"product_tag-regalo-per-lei","30":"product_tag-rosso","31":"product_tag-testa-di-moro","32":"product_tag-teste-di-moro","33":"product_shipping_class-350-1000g","35":"first","36":"instock","37":"sale","38":"shipping-taxable","39":"purchasable","40":"product-type-simple"},"yoast_head":"<!-- This site is optimized with the Yoast SEO plugin v27.1.1 - https:\/\/yoast.com\/product\/yoast-seo-wordpress\/ -->\n<title>Collana D\u00e9collet\u00e9 Teste Ceramica di Caltagirone Perle Pasta di Corallo - FiaJewels<\/title>\n<meta name=\"description\" content=\"Collana D\u00e9collet\u00e9 Teste Ceramica di Caltagirone Perle Pasta di Corallo Collana in pasta di corallo da 12mm, bellissimo elemento, decorato da entrambi i lati\" \/>\n<meta name=\"robots\" content=\"index, follow, max-snippet:-1, max-image-preview:large, max-video-preview:-1\" \/>\n<link rel=\"canonical\" href=\"https:\/\/fiajewels.it\/en\/product\/collana-decollete-teste-ceramica-di-caltagirone-perle-pasta-di-corallo\/\" \/>\n<meta property=\"og:locale\" content=\"en_GB\" \/>\n<meta property=\"og:type\" content=\"article\" \/>\n<meta property=\"og:title\" content=\"Collana D\u00e9collet\u00e9 Teste Ceramica di Caltagirone Perle Pasta di Corallo - FiaJewels\" \/>\n<meta property=\"og:description\" content=\"Collana D\u00e9collet\u00e9 Teste Ceramica di Caltagirone Perle Pasta di Corallo Collana in pasta di corallo da 12mm, bellissimo elemento, decorato da entrambi i lati\" \/>\n<meta property=\"og:url\" content=\"https:\/\/fiajewels.it\/en\/product\/collana-decollete-teste-ceramica-di-caltagirone-perle-pasta-di-corallo\/\" \/>\n<meta property=\"og:site_name\" content=\"FiaJewels\" \/>\n<meta property=\"article:modified_time\" content=\"2026-02-21T10:48:01+00:00\" \/>\n<meta property=\"og:image\" content=\"https:\/\/fiajewels.it\/wp-content\/uploads\/2026\/02\/COLLANA-TESTA-DI-MORO-CERAMICA-DI-CALTAGIRONE-PERLA-PERLE-ARTIGIANALE-ORO-ZECCHINO-ARGENTO.png\" \/>\n\t<meta property=\"og:image:width\" content=\"832\" \/>\n\t<meta property=\"og:image:height\" content=\"1248\" \/>\n\t<meta property=\"og:image:type\" content=\"image\/png\" \/>\n<meta name=\"twitter:card\" content=\"summary_large_image\" \/>\n<meta name=\"twitter:label1\" content=\"Estimated reading time\" \/>\n\t<meta name=\"twitter:data1\" content=\"1 minute\" \/>\n<script type=\"application\/ld+json\" class=\"yoast-schema-graph\">{\"@context\":\"https:\/\/schema.org\",\"@graph\":[{\"@type\":\"WebPage\",\"@id\":\"https:\/\/fiajewels.it\/prodotto\/collana-decollete-teste-ceramica-di-caltagirone-perle-pasta-di-corallo\/\",\"url\":\"https:\/\/fiajewels.it\/prodotto\/collana-decollete-teste-ceramica-di-caltagirone-perle-pasta-di-corallo\/\",\"name\":\"Collana D\u00e9collet\u00e9 Teste Ceramica di Caltagirone Perle Pasta di Corallo - FiaJewels\",\"isPartOf\":{\"@id\":\"https:\/\/fiajewels.it\/#website\"},\"primaryImageOfPage\":{\"@id\":\"https:\/\/fiajewels.it\/prodotto\/collana-decollete-teste-ceramica-di-caltagirone-perle-pasta-di-corallo\/#primaryimage\"},\"image\":{\"@id\":\"https:\/\/fiajewels.it\/prodotto\/collana-decollete-teste-ceramica-di-caltagirone-perle-pasta-di-corallo\/#primaryimage\"},\"thumbnailUrl\":\"https:\/\/fiajewels.it\/wp-content\/uploads\/2026\/02\/COLLANA-TESTA-DI-MORO-CERAMICA-DI-CALTAGIRONE-PERLA-PERLE-ARTIGIANALE-ORO-ZECCHINO-ARGENTO.png\",\"datePublished\":\"2026-02-20T14:36:47+00:00\",\"dateModified\":\"2026-02-21T10:48:01+00:00\",\"description\":\"Collana D\u00e9collet\u00e9 Teste Ceramica di Caltagirone Perle Pasta di Corallo Collana in pasta di corallo da 12mm, bellissimo elemento, decorato da entrambi i lati\",\"breadcrumb\":{\"@id\":\"https:\/\/fiajewels.it\/prodotto\/collana-decollete-teste-ceramica-di-caltagirone-perle-pasta-di-corallo\/#breadcrumb\"},\"inLanguage\":\"en-GB\",\"potentialAction\":[{\"@type\":\"ReadAction\",\"target\":[\"https:\/\/fiajewels.it\/prodotto\/collana-decollete-teste-ceramica-di-caltagirone-perle-pasta-di-corallo\/\"]}]},{\"@type\":\"ImageObject\",\"inLanguage\":\"en-GB\",\"@id\":\"https:\/\/fiajewels.it\/prodotto\/collana-decollete-teste-ceramica-di-caltagirone-perle-pasta-di-corallo\/#primaryimage\",\"url\":\"https:\/\/fiajewels.it\/wp-content\/uploads\/2026\/02\/COLLANA-TESTA-DI-MORO-CERAMICA-DI-CALTAGIRONE-PERLA-PERLE-ARTIGIANALE-ORO-ZECCHINO-ARGENTO.png\",\"contentUrl\":\"https:\/\/fiajewels.it\/wp-content\/uploads\/2026\/02\/COLLANA-TESTA-DI-MORO-CERAMICA-DI-CALTAGIRONE-PERLA-PERLE-ARTIGIANALE-ORO-ZECCHINO-ARGENTO.png\",\"width\":832,\"height\":1248},{\"@type\":\"BreadcrumbList\",\"@id\":\"https:\/\/fiajewels.it\/prodotto\/collana-decollete-teste-ceramica-di-caltagirone-perle-pasta-di-corallo\/#breadcrumb\",\"itemListElement\":[{\"@type\":\"ListItem\",\"position\":1,\"name\":\"Home\",\"item\":\"https:\/\/fiajewels.it\/\"},{\"@type\":\"ListItem\",\"position\":2,\"name\":\"Shop\",\"item\":\"https:\/\/fiajewels.it\/negozio\/\"},{\"@type\":\"ListItem\",\"position\":3,\"name\":\"Collana D\u00e9collet\u00e9 Teste Ceramica di Caltagirone Perle Pasta di Corallo\"}]},{\"@type\":\"WebSite\",\"@id\":\"https:\/\/fiajewels.it\/#website\",\"url\":\"https:\/\/fiajewels.it\/\",\"name\":\"FiaJewels\",\"description\":\"\",\"publisher\":{\"@id\":\"https:\/\/fiajewels.it\/#\/schema\/person\/2c57907c80620d109c8a7ad1ad6e0c4e\"},\"potentialAction\":[{\"@type\":\"SearchAction\",\"target\":{\"@type\":\"EntryPoint\",\"urlTemplate\":\"https:\/\/fiajewels.it\/?s={search_term_string}\"},\"query-input\":{\"@type\":\"PropertyValueSpecification\",\"valueRequired\":true,\"valueName\":\"search_term_string\"}}],\"inLanguage\":\"en-GB\"},{\"@type\":[\"Person\",\"Organization\"],\"@id\":\"https:\/\/fiajewels.it\/#\/schema\/person\/2c57907c80620d109c8a7ad1ad6e0c4e\",\"name\":\"FiaJewels\",\"image\":{\"@type\":\"ImageObject\",\"inLanguage\":\"en-GB\",\"@id\":\"https:\/\/fiajewels.it\/#\/schema\/person\/image\/\",\"url\":\"https:\/\/secure.gravatar.com\/avatar\/b9a386afa40b1775488d216d9f973cb34fb853546ac7d5681edead69ac4dfde1?s=96&d=mm&r=g\",\"contentUrl\":\"https:\/\/secure.gravatar.com\/avatar\/b9a386afa40b1775488d216d9f973cb34fb853546ac7d5681edead69ac4dfde1?s=96&d=mm&r=g\",\"caption\":\"FiaJewels\"},\"logo\":{\"@id\":\"https:\/\/fiajewels.it\/#\/schema\/person\/image\/\"}}]}<\/script>\n<!-- \/ Yoast SEO plugin. -->","yoast_head_json":{"title":"Collana D\u00e9collet\u00e9 Teste Ceramica di Caltagirone Perle Pasta di Corallo - FiaJewels","description":"Collana D\u00e9collet\u00e9 Teste Ceramica di Caltagirone Perle Pasta di Corallo Collana in pasta di corallo da 12mm, bellissimo elemento, decorato da entrambi i lati","robots":{"index":"index","follow":"follow","max-snippet":"max-snippet:-1","max-image-preview":"max-image-preview:large","max-video-preview":"max-video-preview:-1"},"canonical":"https:\/\/fiajewels.it\/en\/product\/collana-decollete-teste-ceramica-di-caltagirone-perle-pasta-di-corallo\/","og_locale":"en_GB","og_type":"article","og_title":"Collana D\u00e9collet\u00e9 Teste Ceramica di Caltagirone Perle Pasta di Corallo - FiaJewels","og_description":"Collana D\u00e9collet\u00e9 Teste Ceramica di Caltagirone Perle Pasta di Corallo Collana in pasta di corallo da 12mm, bellissimo elemento, decorato da entrambi i lati","og_url":"https:\/\/fiajewels.it\/en\/product\/collana-decollete-teste-ceramica-di-caltagirone-perle-pasta-di-corallo\/","og_site_name":"FiaJewels","article_modified_time":"2026-02-21T10:48:01+00:00","og_image":[{"width":832,"height":1248,"url":"https:\/\/fiajewels.it\/wp-content\/uploads\/2026\/02\/COLLANA-TESTA-DI-MORO-CERAMICA-DI-CALTAGIRONE-PERLA-PERLE-ARTIGIANALE-ORO-ZECCHINO-ARGENTO.png","type":"image\/png"}],"twitter_card":"summary_large_image","twitter_misc":{"Estimated reading time":"1 minute"},"schema":{"@context":"https:\/\/schema.org","@graph":[{"@type":"WebPage","@id":"https:\/\/fiajewels.it\/prodotto\/collana-decollete-teste-ceramica-di-caltagirone-perle-pasta-di-corallo\/","url":"https:\/\/fiajewels.it\/prodotto\/collana-decollete-teste-ceramica-di-caltagirone-perle-pasta-di-corallo\/","name":"Collana D\u00e9collet\u00e9 Teste Ceramica di Caltagirone Perle Pasta di Corallo - FiaJewels","isPartOf":{"@id":"https:\/\/fiajewels.it\/#website"},"primaryImageOfPage":{"@id":"https:\/\/fiajewels.it\/prodotto\/collana-decollete-teste-ceramica-di-caltagirone-perle-pasta-di-corallo\/#primaryimage"},"image":{"@id":"https:\/\/fiajewels.it\/prodotto\/collana-decollete-teste-ceramica-di-caltagirone-perle-pasta-di-corallo\/#primaryimage"},"thumbnailUrl":"https:\/\/fiajewels.it\/wp-content\/uploads\/2026\/02\/COLLANA-TESTA-DI-MORO-CERAMICA-DI-CALTAGIRONE-PERLA-PERLE-ARTIGIANALE-ORO-ZECCHINO-ARGENTO.png","datePublished":"2026-02-20T14:36:47+00:00","dateModified":"2026-02-21T10:48:01+00:00","description":"Collana D\u00e9collet\u00e9 Teste Ceramica di Caltagirone Perle Pasta di Corallo Collana in pasta di corallo da 12mm, bellissimo elemento, decorato da entrambi i lati","breadcrumb":{"@id":"https:\/\/fiajewels.it\/prodotto\/collana-decollete-teste-ceramica-di-caltagirone-perle-pasta-di-corallo\/#breadcrumb"},"inLanguage":"en-GB","potentialAction":[{"@type":"ReadAction","target":["https:\/\/fiajewels.it\/prodotto\/collana-decollete-teste-ceramica-di-caltagirone-perle-pasta-di-corallo\/"]}]},{"@type":"ImageObject","inLanguage":"en-GB","@id":"https:\/\/fiajewels.it\/prodotto\/collana-decollete-teste-ceramica-di-caltagirone-perle-pasta-di-corallo\/#primaryimage","url":"https:\/\/fiajewels.it\/wp-content\/uploads\/2026\/02\/COLLANA-TESTA-DI-MORO-CERAMICA-DI-CALTAGIRONE-PERLA-PERLE-ARTIGIANALE-ORO-ZECCHINO-ARGENTO.png","contentUrl":"https:\/\/fiajewels.it\/wp-content\/uploads\/2026\/02\/COLLANA-TESTA-DI-MORO-CERAMICA-DI-CALTAGIRONE-PERLA-PERLE-ARTIGIANALE-ORO-ZECCHINO-ARGENTO.png","width":832,"height":1248},{"@type":"BreadcrumbList","@id":"https:\/\/fiajewels.it\/prodotto\/collana-decollete-teste-ceramica-di-caltagirone-perle-pasta-di-corallo\/#breadcrumb","itemListElement":[{"@type":"ListItem","position":1,"name":"Home","item":"https:\/\/fiajewels.it\/"},{"@type":"ListItem","position":2,"name":"Shop","item":"https:\/\/fiajewels.it\/negozio\/"},{"@type":"ListItem","position":3,"name":"Collana D\u00e9collet\u00e9 Teste Ceramica di Caltagirone Perle Pasta di Corallo"}]},{"@type":"WebSite","@id":"https:\/\/fiajewels.it\/#website","url":"https:\/\/fiajewels.it\/","name":"FiaJewels","description":"","publisher":{"@id":"https:\/\/fiajewels.it\/#\/schema\/person\/2c57907c80620d109c8a7ad1ad6e0c4e"},"potentialAction":[{"@type":"SearchAction","target":{"@type":"EntryPoint","urlTemplate":"https:\/\/fiajewels.it\/?s={search_term_string}"},"query-input":{"@type":"PropertyValueSpecification","valueRequired":true,"valueName":"search_term_string"}}],"inLanguage":"en-GB"},{"@type":["Person","Organization"],"@id":"https:\/\/fiajewels.it\/#\/schema\/person\/2c57907c80620d109c8a7ad1ad6e0c4e","name":"FiaJewels","image":{"@type":"ImageObject","inLanguage":"en-GB","@id":"https:\/\/fiajewels.it\/#\/schema\/person\/image\/","url":"https:\/\/secure.gravatar.com\/avatar\/b9a386afa40b1775488d216d9f973cb34fb853546ac7d5681edead69ac4dfde1?s=96&d=mm&r=g","contentUrl":"https:\/\/secure.gravatar.com\/avatar\/b9a386afa40b1775488d216d9f973cb34fb853546ac7d5681edead69ac4dfde1?s=96&d=mm&r=g","caption":"FiaJewels"},"logo":{"@id":"https:\/\/fiajewels.it\/#\/schema\/person\/image\/"}}]}},"_links":{"self":[{"href":"https:\/\/fiajewels.it\/en\/wp-json\/wp\/v2\/product\/41823","targetHints":{"allow":["GET"]}}],"collection":[{"href":"https:\/\/fiajewels.it\/en\/wp-json\/wp\/v2\/product"}],"about":[{"href":"https:\/\/fiajewels.it\/en\/wp-json\/wp\/v2\/types\/product"}],"wp:featuredmedia":[{"embeddable":true,"href":"https:\/\/fiajewels.it\/en\/wp-json\/wp\/v2\/media\/42015"}],"wp:attachment":[{"href":"https:\/\/fiajewels.it\/en\/wp-json\/wp\/v2\/media?parent=41823"}],"wp:term":[{"taxonomy":"product_brand","embeddable":true,"href":"https:\/\/fiajewels.it\/en\/wp-json\/wp\/v2\/product_brand?post=41823"},{"taxonomy":"product_cat","embeddable":true,"href":"https:\/\/fiajewels.it\/en\/wp-json\/wp\/v2\/product_cat?post=41823"},{"taxonomy":"product_tag","embeddable":true,"href":"https:\/\/fiajewels.it\/en\/wp-json\/wp\/v2\/product_tag?post=41823"}],"curies":[{"name":"wp","href":"https:\/\/api.w.org\/{rel}","templated":true}]}}