{"id":41500,"date":"2026-02-13T11:55:35","date_gmt":"2026-02-13T10:55:35","guid":{"rendered":"https:\/\/fiajewels.it\/?post_type=product&#038;p=41500"},"modified":"2026-02-13T12:11:06","modified_gmt":"2026-02-13T11:11:06","slug":"collana-ciondolo-ceramica-di-caltagirone-doppia-mattonella-tormaline-rosa-intenso","status":"publish","type":"product","link":"https:\/\/fiajewels.it\/en\/product\/collana-ciondolo-ceramica-di-caltagirone-doppia-mattonella-tormaline-rosa-intenso\/","title":{"rendered":"Caltagirone Ceramic Pendant Necklace with Double Tile and Deep Pink Tourmalines"},"content":{"rendered":"<p>Caltagirone Ceramic Pendant Necklace with Double Tile and Intense Pink Tourmalines<\/p>\n<p>Versatile and high-impact necklace<\/p>\n<p>entirely handmade, with a double tile pendant in sautache workmanship with trimmings and burgundy zircons, detachable, in Caltagirone ceramic, finely hand-decorated and a necklace in deep pink tourmalines<\/p>\n<p>Round clasp in gold-plated 925 silver<\/p>\n<p>The necklace is 46 cm long and can be worn alone or with other pendants and is all knotted with silk thread.<\/p>\n<p>The pendant measures 15 x 3.6 cm and can also be worn with other necklaces.<\/p>\n<p>&nbsp;<\/p>\n<p>&nbsp;<\/p>","protected":false},"excerpt":{"rendered":"<article class=\"text-token-text-primary w-full focus:outline-none [--shadow-height:45px] has-data-writing-block:pointer-events-none has-data-writing-block:-mt-(--shadow-height) has-data-writing-block:pt-(--shadow-height) [&amp;:has([data-writing-block])&gt;*]:pointer-events-auto scroll-mt-(--header-height)\" dir=\"auto\" tabindex=\"-1\" data-turn-id=\"7aeda9e0-04b0-4105-99dc-0bdf4f090ad7\" data-testid=\"conversation-turn-1\" data-scroll-anchor=\"false\" data-turn=\"user\">\n<div class=\"text-base my-auto mx-auto pt-3 [--thread-content-margin:--spacing(4)] @w-sm\/main:[--thread-content-margin:--spacing(6)] @w-lg\/main:[--thread-content-margin:--spacing(16)] px-(--thread-content-margin)\">\n<div class=\"[--thread-content-max-width:40rem] @w-lg\/main:[--thread-content-max-width:48rem] mx-auto max-w-(--thread-content-max-width) flex-1 group\/turn-messages focus-visible:outline-hidden relative flex w-full min-w-0 flex-col\" tabindex=\"-1\">\n<div class=\"z-0 flex justify-end\"><\/div>\n<\/div>\n<\/div>\n<\/article>\n<article class=\"text-token-text-primary w-full focus:outline-none [--shadow-height:45px] has-data-writing-block:pointer-events-none has-data-writing-block:-mt-(--shadow-height) has-data-writing-block:pt-(--shadow-height) [&amp;:has([data-writing-block])&gt;*]:pointer-events-auto scroll-mt-[calc(var(--header-height)+min(200px,max(70px,20svh)))]\" dir=\"auto\" tabindex=\"-1\" data-turn-id=\"request-67e31d8a-d214-8005-9b69-3ffd734258b3-0\" data-testid=\"conversation-turn-2\" data-scroll-anchor=\"true\" data-turn=\"assistant\">\n<div class=\"text-base my-auto mx-auto pb-10 [--thread-content-margin:--spacing(4)] @w-sm\/main:[--thread-content-margin:--spacing(6)] @w-lg\/main:[--thread-content-margin:--spacing(16)] px-(--thread-content-margin)\">\n<div class=\"[--thread-content-max-width:40rem] @w-lg\/main:[--thread-content-max-width:48rem] mx-auto max-w-(--thread-content-max-width) flex-1 group\/turn-messages focus-visible:outline-hidden relative flex w-full min-w-0 flex-col agent-turn\" tabindex=\"-1\">\n<div class=\"flex max-w-full flex-col grow\">\n<div class=\"min-h-8 text-message relative flex w-full flex-col items-end gap-2 text-start break-words whitespace-normal [.text-message+&amp;]:mt-1\" dir=\"auto\" data-message-author-role=\"assistant\" data-message-id=\"98013267-56e3-44a1-8d66-2d9cf1146601\" data-message-model-slug=\"gpt-5-2\">\n<div class=\"flex w-full flex-col gap-1 empty:hidden first:pt-[1px]\">\n<div class=\"markdown prose dark:prose-invert w-full wrap-break-word light markdown-new-styling\">\n<p data-start=\"0\" data-end=\"55\">Collana artigianale dal carattere deciso e femminile \ud83d\udc97<\/p>\n<p data-start=\"57\" data-end=\"411\">Realizzata interamente a mano, unisce la preziosa <strong data-start=\"107\" data-end=\"134\">ceramica di Caltagirone<\/strong> finemente decorata a mano con la profondit\u00e0 delle <strong data-start=\"185\" data-end=\"211\">tormaline rosa intenso<\/strong>. Il pendente a doppia mattonella, lavorato in tecnica <em data-start=\"266\" data-end=\"276\">soutache<\/em> con passamaneria e zirconi borgogna, \u00e8 staccabile e pu\u00f2 essere indossato anche con altre collane per creare abbinamenti sempre nuovi \u2728<\/p>\n<p data-start=\"413\" data-end=\"635\">La collana misura 46 cm, \u00e8 annodata a mano con filo di seta e si chiude con una raffinata chiusura tonda in argento 925 placcato oro. Pu\u00f2 essere indossata da sola per un look ricercato oppure arricchita con altri pendenti.<\/p>\n<p data-start=\"637\" data-end=\"773\">Il pendente (15 x 3,6 cm) \u00e8 importante e scenografico, perfetto per dare personalit\u00e0 sia a un outfit elegante che a uno pi\u00f9 informale \ud83c\udf3a<\/p>\n<p data-start=\"775\" data-end=\"866\" data-is-last-node=\"\" data-is-only-node=\"\">Un gioiello versatile, pensato per donne che amano dettagli autentici e lavorazioni curate.<\/p>\n<\/div>\n<\/div>\n<\/div>\n<\/div>\n<\/div>\n<\/div>\n<\/article>\n","protected":false},"featured_media":41526,"template":"","meta":{"_joinchat":[]},"product_brand":[],"product_cat":[34,43,45,1016],"product_tag":[103,202,206,187,212,213,98,214,336,211,215,669],"class_list":{"0":"post-41500","1":"product","2":"type-product","3":"status-publish","4":"has-post-thumbnail","6":"product_cat-collane","7":"product_cat-collane-collane","8":"product_cat-collane-siciliane","9":"product_cat-novita","10":"product_tag-ceramica-di-caltagirone","11":"product_tag-collana-in-ceramica","12":"product_tag-collana-per-regalo","13":"product_tag-collana-siciliana","14":"product_tag-collane-artigianali","15":"product_tag-collane-siciliane","16":"product_tag-gioielli-artigianali","17":"product_tag-gioielli-siciliani","18":"product_tag-rosa","19":"product_tag-sicilia","20":"product_tag-stile-siciliano","21":"product_tag-tormaline","22":"product_shipping_class-100-350g","24":"first","25":"instock","26":"shipping-taxable","27":"purchasable","28":"product-type-simple"},"yoast_head":"<!-- This site is optimized with the Yoast SEO plugin v27.1.1 - https:\/\/yoast.com\/product\/yoast-seo-wordpress\/ -->\n<title>Collana Ciondolo Ceramica di Caltagirone Doppia Mattonella Tormaline Rosa Intenso - FiaJewels<\/title>\n<meta name=\"description\" content=\"Collana Ciondolo Ceramica di Caltagirone Doppia Mattonella Tormaline Rosa intenso Collana versatile e di grande impattofatta interamente a mano, con\" \/>\n<meta name=\"robots\" content=\"index, follow, max-snippet:-1, max-image-preview:large, max-video-preview:-1\" \/>\n<link rel=\"canonical\" href=\"https:\/\/fiajewels.it\/en\/product\/collana-ciondolo-ceramica-di-caltagirone-doppia-mattonella-tormaline-rosa-intenso\/\" \/>\n<meta property=\"og:locale\" content=\"en_GB\" \/>\n<meta property=\"og:type\" content=\"article\" \/>\n<meta property=\"og:title\" content=\"Collana Ciondolo Ceramica di Caltagirone Doppia Mattonella Tormaline Rosa Intenso - FiaJewels\" \/>\n<meta property=\"og:description\" content=\"Collana Ciondolo Ceramica di Caltagirone Doppia Mattonella Tormaline Rosa intenso Collana versatile e di grande impattofatta interamente a mano, con\" \/>\n<meta property=\"og:url\" content=\"https:\/\/fiajewels.it\/en\/product\/collana-ciondolo-ceramica-di-caltagirone-doppia-mattonella-tormaline-rosa-intenso\/\" \/>\n<meta property=\"og:site_name\" content=\"FiaJewels\" \/>\n<meta property=\"article:modified_time\" content=\"2026-02-13T11:11:06+00:00\" \/>\n<meta property=\"og:image\" content=\"https:\/\/fiajewels.it\/wp-content\/uploads\/2026\/02\/COLLANA-ARTIGIANALE-SICILIANA-DOPPIA-MATTONELLA-STACCABILE-TORMALINE-ROSA-CERAMICA-DI-CALTAGIRONE.jpg\" \/>\n\t<meta property=\"og:image:width\" content=\"550\" \/>\n\t<meta property=\"og:image:height\" content=\"824\" \/>\n\t<meta property=\"og:image:type\" content=\"image\/jpeg\" \/>\n<meta name=\"twitter:card\" content=\"summary_large_image\" \/>\n<meta name=\"twitter:label1\" content=\"Estimated reading time\" \/>\n\t<meta name=\"twitter:data1\" content=\"1 minute\" \/>\n<script type=\"application\/ld+json\" class=\"yoast-schema-graph\">{\"@context\":\"https:\/\/schema.org\",\"@graph\":[{\"@type\":\"WebPage\",\"@id\":\"https:\/\/fiajewels.it\/prodotto\/collana-ciondolo-ceramica-di-caltagirone-doppia-mattonella-tormaline-rosa-intenso\/\",\"url\":\"https:\/\/fiajewels.it\/prodotto\/collana-ciondolo-ceramica-di-caltagirone-doppia-mattonella-tormaline-rosa-intenso\/\",\"name\":\"Collana Ciondolo Ceramica di Caltagirone Doppia Mattonella Tormaline Rosa Intenso - FiaJewels\",\"isPartOf\":{\"@id\":\"https:\/\/fiajewels.it\/#website\"},\"primaryImageOfPage\":{\"@id\":\"https:\/\/fiajewels.it\/prodotto\/collana-ciondolo-ceramica-di-caltagirone-doppia-mattonella-tormaline-rosa-intenso\/#primaryimage\"},\"image\":{\"@id\":\"https:\/\/fiajewels.it\/prodotto\/collana-ciondolo-ceramica-di-caltagirone-doppia-mattonella-tormaline-rosa-intenso\/#primaryimage\"},\"thumbnailUrl\":\"https:\/\/fiajewels.it\/wp-content\/uploads\/2026\/02\/COLLANA-ARTIGIANALE-SICILIANA-DOPPIA-MATTONELLA-STACCABILE-TORMALINE-ROSA-CERAMICA-DI-CALTAGIRONE.jpg\",\"datePublished\":\"2026-02-13T10:55:35+00:00\",\"dateModified\":\"2026-02-13T11:11:06+00:00\",\"description\":\"Collana Ciondolo Ceramica di Caltagirone Doppia Mattonella Tormaline Rosa intenso Collana versatile e di grande impattofatta interamente a mano, con\",\"breadcrumb\":{\"@id\":\"https:\/\/fiajewels.it\/prodotto\/collana-ciondolo-ceramica-di-caltagirone-doppia-mattonella-tormaline-rosa-intenso\/#breadcrumb\"},\"inLanguage\":\"en-GB\",\"potentialAction\":[{\"@type\":\"ReadAction\",\"target\":[\"https:\/\/fiajewels.it\/prodotto\/collana-ciondolo-ceramica-di-caltagirone-doppia-mattonella-tormaline-rosa-intenso\/\"]}]},{\"@type\":\"ImageObject\",\"inLanguage\":\"en-GB\",\"@id\":\"https:\/\/fiajewels.it\/prodotto\/collana-ciondolo-ceramica-di-caltagirone-doppia-mattonella-tormaline-rosa-intenso\/#primaryimage\",\"url\":\"https:\/\/fiajewels.it\/wp-content\/uploads\/2026\/02\/COLLANA-ARTIGIANALE-SICILIANA-DOPPIA-MATTONELLA-STACCABILE-TORMALINE-ROSA-CERAMICA-DI-CALTAGIRONE.jpg\",\"contentUrl\":\"https:\/\/fiajewels.it\/wp-content\/uploads\/2026\/02\/COLLANA-ARTIGIANALE-SICILIANA-DOPPIA-MATTONELLA-STACCABILE-TORMALINE-ROSA-CERAMICA-DI-CALTAGIRONE.jpg\",\"width\":550,\"height\":824},{\"@type\":\"BreadcrumbList\",\"@id\":\"https:\/\/fiajewels.it\/prodotto\/collana-ciondolo-ceramica-di-caltagirone-doppia-mattonella-tormaline-rosa-intenso\/#breadcrumb\",\"itemListElement\":[{\"@type\":\"ListItem\",\"position\":1,\"name\":\"Home\",\"item\":\"https:\/\/fiajewels.it\/\"},{\"@type\":\"ListItem\",\"position\":2,\"name\":\"Shop\",\"item\":\"https:\/\/fiajewels.it\/negozio\/\"},{\"@type\":\"ListItem\",\"position\":3,\"name\":\"Collana Ciondolo Ceramica di Caltagirone Doppia Mattonella Tormaline Rosa Intenso\"}]},{\"@type\":\"WebSite\",\"@id\":\"https:\/\/fiajewels.it\/#website\",\"url\":\"https:\/\/fiajewels.it\/\",\"name\":\"FiaJewels\",\"description\":\"\",\"publisher\":{\"@id\":\"https:\/\/fiajewels.it\/#\/schema\/person\/2c57907c80620d109c8a7ad1ad6e0c4e\"},\"potentialAction\":[{\"@type\":\"SearchAction\",\"target\":{\"@type\":\"EntryPoint\",\"urlTemplate\":\"https:\/\/fiajewels.it\/?s={search_term_string}\"},\"query-input\":{\"@type\":\"PropertyValueSpecification\",\"valueRequired\":true,\"valueName\":\"search_term_string\"}}],\"inLanguage\":\"en-GB\"},{\"@type\":[\"Person\",\"Organization\"],\"@id\":\"https:\/\/fiajewels.it\/#\/schema\/person\/2c57907c80620d109c8a7ad1ad6e0c4e\",\"name\":\"FiaJewels\",\"image\":{\"@type\":\"ImageObject\",\"inLanguage\":\"en-GB\",\"@id\":\"https:\/\/fiajewels.it\/#\/schema\/person\/image\/\",\"url\":\"https:\/\/secure.gravatar.com\/avatar\/b9a386afa40b1775488d216d9f973cb34fb853546ac7d5681edead69ac4dfde1?s=96&d=mm&r=g\",\"contentUrl\":\"https:\/\/secure.gravatar.com\/avatar\/b9a386afa40b1775488d216d9f973cb34fb853546ac7d5681edead69ac4dfde1?s=96&d=mm&r=g\",\"caption\":\"FiaJewels\"},\"logo\":{\"@id\":\"https:\/\/fiajewels.it\/#\/schema\/person\/image\/\"}}]}<\/script>\n<!-- \/ Yoast SEO plugin. -->","yoast_head_json":{"title":"Collana Ciondolo Ceramica di Caltagirone Doppia Mattonella Tormaline Rosa Intenso - FiaJewels","description":"Collana Ciondolo Ceramica di Caltagirone Doppia Mattonella Tormaline Rosa intenso Collana versatile e di grande impattofatta interamente a mano, con","robots":{"index":"index","follow":"follow","max-snippet":"max-snippet:-1","max-image-preview":"max-image-preview:large","max-video-preview":"max-video-preview:-1"},"canonical":"https:\/\/fiajewels.it\/en\/product\/collana-ciondolo-ceramica-di-caltagirone-doppia-mattonella-tormaline-rosa-intenso\/","og_locale":"en_GB","og_type":"article","og_title":"Collana Ciondolo Ceramica di Caltagirone Doppia Mattonella Tormaline Rosa Intenso - FiaJewels","og_description":"Collana Ciondolo Ceramica di Caltagirone Doppia Mattonella Tormaline Rosa intenso Collana versatile e di grande impattofatta interamente a mano, con","og_url":"https:\/\/fiajewels.it\/en\/product\/collana-ciondolo-ceramica-di-caltagirone-doppia-mattonella-tormaline-rosa-intenso\/","og_site_name":"FiaJewels","article_modified_time":"2026-02-13T11:11:06+00:00","og_image":[{"width":550,"height":824,"url":"https:\/\/fiajewels.it\/wp-content\/uploads\/2026\/02\/COLLANA-ARTIGIANALE-SICILIANA-DOPPIA-MATTONELLA-STACCABILE-TORMALINE-ROSA-CERAMICA-DI-CALTAGIRONE.jpg","type":"image\/jpeg"}],"twitter_card":"summary_large_image","twitter_misc":{"Estimated reading time":"1 minute"},"schema":{"@context":"https:\/\/schema.org","@graph":[{"@type":"WebPage","@id":"https:\/\/fiajewels.it\/prodotto\/collana-ciondolo-ceramica-di-caltagirone-doppia-mattonella-tormaline-rosa-intenso\/","url":"https:\/\/fiajewels.it\/prodotto\/collana-ciondolo-ceramica-di-caltagirone-doppia-mattonella-tormaline-rosa-intenso\/","name":"Collana Ciondolo Ceramica di Caltagirone Doppia Mattonella Tormaline Rosa Intenso - FiaJewels","isPartOf":{"@id":"https:\/\/fiajewels.it\/#website"},"primaryImageOfPage":{"@id":"https:\/\/fiajewels.it\/prodotto\/collana-ciondolo-ceramica-di-caltagirone-doppia-mattonella-tormaline-rosa-intenso\/#primaryimage"},"image":{"@id":"https:\/\/fiajewels.it\/prodotto\/collana-ciondolo-ceramica-di-caltagirone-doppia-mattonella-tormaline-rosa-intenso\/#primaryimage"},"thumbnailUrl":"https:\/\/fiajewels.it\/wp-content\/uploads\/2026\/02\/COLLANA-ARTIGIANALE-SICILIANA-DOPPIA-MATTONELLA-STACCABILE-TORMALINE-ROSA-CERAMICA-DI-CALTAGIRONE.jpg","datePublished":"2026-02-13T10:55:35+00:00","dateModified":"2026-02-13T11:11:06+00:00","description":"Collana Ciondolo Ceramica di Caltagirone Doppia Mattonella Tormaline Rosa intenso Collana versatile e di grande impattofatta interamente a mano, con","breadcrumb":{"@id":"https:\/\/fiajewels.it\/prodotto\/collana-ciondolo-ceramica-di-caltagirone-doppia-mattonella-tormaline-rosa-intenso\/#breadcrumb"},"inLanguage":"en-GB","potentialAction":[{"@type":"ReadAction","target":["https:\/\/fiajewels.it\/prodotto\/collana-ciondolo-ceramica-di-caltagirone-doppia-mattonella-tormaline-rosa-intenso\/"]}]},{"@type":"ImageObject","inLanguage":"en-GB","@id":"https:\/\/fiajewels.it\/prodotto\/collana-ciondolo-ceramica-di-caltagirone-doppia-mattonella-tormaline-rosa-intenso\/#primaryimage","url":"https:\/\/fiajewels.it\/wp-content\/uploads\/2026\/02\/COLLANA-ARTIGIANALE-SICILIANA-DOPPIA-MATTONELLA-STACCABILE-TORMALINE-ROSA-CERAMICA-DI-CALTAGIRONE.jpg","contentUrl":"https:\/\/fiajewels.it\/wp-content\/uploads\/2026\/02\/COLLANA-ARTIGIANALE-SICILIANA-DOPPIA-MATTONELLA-STACCABILE-TORMALINE-ROSA-CERAMICA-DI-CALTAGIRONE.jpg","width":550,"height":824},{"@type":"BreadcrumbList","@id":"https:\/\/fiajewels.it\/prodotto\/collana-ciondolo-ceramica-di-caltagirone-doppia-mattonella-tormaline-rosa-intenso\/#breadcrumb","itemListElement":[{"@type":"ListItem","position":1,"name":"Home","item":"https:\/\/fiajewels.it\/"},{"@type":"ListItem","position":2,"name":"Shop","item":"https:\/\/fiajewels.it\/negozio\/"},{"@type":"ListItem","position":3,"name":"Collana Ciondolo Ceramica di Caltagirone Doppia Mattonella Tormaline Rosa Intenso"}]},{"@type":"WebSite","@id":"https:\/\/fiajewels.it\/#website","url":"https:\/\/fiajewels.it\/","name":"FiaJewels","description":"","publisher":{"@id":"https:\/\/fiajewels.it\/#\/schema\/person\/2c57907c80620d109c8a7ad1ad6e0c4e"},"potentialAction":[{"@type":"SearchAction","target":{"@type":"EntryPoint","urlTemplate":"https:\/\/fiajewels.it\/?s={search_term_string}"},"query-input":{"@type":"PropertyValueSpecification","valueRequired":true,"valueName":"search_term_string"}}],"inLanguage":"en-GB"},{"@type":["Person","Organization"],"@id":"https:\/\/fiajewels.it\/#\/schema\/person\/2c57907c80620d109c8a7ad1ad6e0c4e","name":"FiaJewels","image":{"@type":"ImageObject","inLanguage":"en-GB","@id":"https:\/\/fiajewels.it\/#\/schema\/person\/image\/","url":"https:\/\/secure.gravatar.com\/avatar\/b9a386afa40b1775488d216d9f973cb34fb853546ac7d5681edead69ac4dfde1?s=96&d=mm&r=g","contentUrl":"https:\/\/secure.gravatar.com\/avatar\/b9a386afa40b1775488d216d9f973cb34fb853546ac7d5681edead69ac4dfde1?s=96&d=mm&r=g","caption":"FiaJewels"},"logo":{"@id":"https:\/\/fiajewels.it\/#\/schema\/person\/image\/"}}]}},"_links":{"self":[{"href":"https:\/\/fiajewels.it\/en\/wp-json\/wp\/v2\/product\/41500","targetHints":{"allow":["GET"]}}],"collection":[{"href":"https:\/\/fiajewels.it\/en\/wp-json\/wp\/v2\/product"}],"about":[{"href":"https:\/\/fiajewels.it\/en\/wp-json\/wp\/v2\/types\/product"}],"wp:featuredmedia":[{"embeddable":true,"href":"https:\/\/fiajewels.it\/en\/wp-json\/wp\/v2\/media\/41526"}],"wp:attachment":[{"href":"https:\/\/fiajewels.it\/en\/wp-json\/wp\/v2\/media?parent=41500"}],"wp:term":[{"taxonomy":"product_brand","embeddable":true,"href":"https:\/\/fiajewels.it\/en\/wp-json\/wp\/v2\/product_brand?post=41500"},{"taxonomy":"product_cat","embeddable":true,"href":"https:\/\/fiajewels.it\/en\/wp-json\/wp\/v2\/product_cat?post=41500"},{"taxonomy":"product_tag","embeddable":true,"href":"https:\/\/fiajewels.it\/en\/wp-json\/wp\/v2\/product_tag?post=41500"}],"curies":[{"name":"wp","href":"https:\/\/api.w.org\/{rel}","templated":true}]}}