{"id":41359,"date":"2026-02-09T19:57:16","date_gmt":"2026-02-09T18:57:16","guid":{"rendered":"https:\/\/fiajewels.it\/?post_type=product&#038;p=41359"},"modified":"2026-02-09T20:07:14","modified_gmt":"2026-02-09T19:07:14","slug":"collana-decollete-stella-marina-in-ceramica-perla-e-giada-rossa","status":"publish","type":"product","link":"https:\/\/fiajewels.it\/en\/product\/collana-decollete-stella-marina-in-ceramica-perla-e-giada-rossa\/","title":{"rendered":"Starfish D\u00e9collet\u00e9 Necklace in Ceramic, Pearl and Red Jade"},"content":{"rendered":"<p>Starfish D\u00e9collet\u00e9 Necklace in Ceramic, Pearl and Red Jade<\/p>\n<p>15mm faceted ruby red jade necklace, beautiful large 9.5cm Caltagirone ceramic starfish, handcrafted and decorated with pure gold, and enriched with a flat natural pearl.<br \/>\nBrass finishes and knotting between the stones.<br \/>\nIt has no closure so it is suitable for those with metal allergies.<\/p>\n<p>It is 72 cm long<\/p>","protected":false},"excerpt":{"rendered":"<p data-start=\"141\" data-end=\"209\">D\u00e9collet\u00e9 Necklace <strong data-start=\"159\" data-end=\"176\">Starfish<\/strong> in Ceramic, Pearl and Red Jade<\/p>\n<p data-start=\"211\" data-end=\"641\">A necklace with a bold and refined character, designed for women who love to stand out naturally \ud83c\udf3a<br data-start=\"316\" data-end=\"319\" \/>The 15mm faceted ruby red jade envelops the d\u00e9collet\u00e9 with light and depth, accompanying a large Caltagirone ceramic starfish, hand-decorated with pure gold \u2728<br data-start=\"507\" data-end=\"510\" \/>The flat natural pearl adds a soft and luminous touch, creating a harmonious balance between material, color and craftsmanship.<\/p>\n<p data-start=\"643\" data-end=\"852\">Knotted between the stones and without a clasp, it is also ideal for those with metal allergies.<br data-start=\"733\" data-end=\"736\" \/>72 cm long, it is perfect to wear on simple dresses or important necklines, to immediately give personality to the look<\/p>","protected":false},"featured_media":41365,"template":"","meta":{"_joinchat":[]},"product_brand":[],"product_cat":[34,43,45,1016],"product_tag":[99,103,199,219,220,180,188,1559,194,201,187,98,214,102,186,85,116,355],"class_list":{"0":"post-41359","1":"product","2":"type-product","3":"status-publish","4":"has-post-thumbnail","6":"product_cat-collane","7":"product_cat-collane-collane","8":"product_cat-collane-siciliane","9":"product_cat-novita","10":"product_tag-artigianato-siciliano","11":"product_tag-ceramica-di-caltagirone","12":"product_tag-collana-artigianale","13":"product_tag-collana-ceramica","14":"product_tag-collana-ceramica-di-caltagirone","15":"product_tag-collana-donna","16":"product_tag-collana-fatta-a-mano","17":"product_tag-collana-in-angelite","18":"product_tag-collana-in-giada","19":"product_tag-collana-lunga","20":"product_tag-collana-siciliana","21":"product_tag-gioielli-artigianali","22":"product_tag-gioielli-siciliani","23":"product_tag-gioielli-unici","24":"product_tag-regalo-per-lei","25":"product_tag-rosso","26":"product_tag-rubino","27":"product_tag-stella-marina","28":"product_shipping_class-350-1000g","30":"first","31":"instock","32":"shipping-taxable","33":"purchasable","34":"product-type-simple"},"yoast_head":"<!-- This site is optimized with the Yoast SEO plugin v27.1.1 - https:\/\/yoast.com\/product\/yoast-seo-wordpress\/ -->\n<title>Collana D\u00e9collet\u00e9 Stella Marina in Ceramica Perla e Giada Rossa - FiaJewels<\/title>\n<meta name=\"description\" content=\"Collana D\u00e9collet\u00e9 Stella Marina in Ceramica Perla e Giada Rossa Collana in giada rosso rubino sfaccettata da 15mm, bellissima Stella Marina grande in\" \/>\n<meta name=\"robots\" content=\"index, follow, max-snippet:-1, max-image-preview:large, max-video-preview:-1\" \/>\n<link rel=\"canonical\" href=\"https:\/\/fiajewels.it\/en\/product\/collana-decollete-stella-marina-in-ceramica-perla-e-giada-rossa\/\" \/>\n<meta property=\"og:locale\" content=\"en_GB\" \/>\n<meta property=\"og:type\" content=\"article\" \/>\n<meta property=\"og:title\" content=\"Collana D\u00e9collet\u00e9 Stella Marina in Ceramica Perla e Giada Rossa - FiaJewels\" \/>\n<meta property=\"og:description\" content=\"Collana D\u00e9collet\u00e9 Stella Marina in Ceramica Perla e Giada Rossa Collana in giada rosso rubino sfaccettata da 15mm, bellissima Stella Marina grande in\" \/>\n<meta property=\"og:url\" content=\"https:\/\/fiajewels.it\/en\/product\/collana-decollete-stella-marina-in-ceramica-perla-e-giada-rossa\/\" \/>\n<meta property=\"og:site_name\" content=\"FiaJewels\" \/>\n<meta property=\"article:modified_time\" content=\"2026-02-09T19:07:14+00:00\" \/>\n<meta property=\"og:image\" content=\"https:\/\/fiajewels.it\/wp-content\/uploads\/2026\/02\/COLLANA-GIADA-ROSSA-STELLA-MARINA-IN-CERAMICA-DI-CALTAGIRONE-ARTIGIANALE-SICILIANA-DECOLTE.jpg\" \/>\n\t<meta property=\"og:image:width\" content=\"548\" \/>\n\t<meta property=\"og:image:height\" content=\"821\" \/>\n\t<meta property=\"og:image:type\" content=\"image\/jpeg\" \/>\n<meta name=\"twitter:card\" content=\"summary_large_image\" \/>\n<meta name=\"twitter:label1\" content=\"Estimated reading time\" \/>\n\t<meta name=\"twitter:data1\" content=\"1 minute\" \/>\n<script type=\"application\/ld+json\" class=\"yoast-schema-graph\">{\"@context\":\"https:\/\/schema.org\",\"@graph\":[{\"@type\":\"WebPage\",\"@id\":\"https:\/\/fiajewels.it\/prodotto\/collana-decollete-stella-marina-in-ceramica-perla-e-giada-rossa\/\",\"url\":\"https:\/\/fiajewels.it\/prodotto\/collana-decollete-stella-marina-in-ceramica-perla-e-giada-rossa\/\",\"name\":\"Collana D\u00e9collet\u00e9 Stella Marina in Ceramica Perla e Giada Rossa - FiaJewels\",\"isPartOf\":{\"@id\":\"https:\/\/fiajewels.it\/#website\"},\"primaryImageOfPage\":{\"@id\":\"https:\/\/fiajewels.it\/prodotto\/collana-decollete-stella-marina-in-ceramica-perla-e-giada-rossa\/#primaryimage\"},\"image\":{\"@id\":\"https:\/\/fiajewels.it\/prodotto\/collana-decollete-stella-marina-in-ceramica-perla-e-giada-rossa\/#primaryimage\"},\"thumbnailUrl\":\"https:\/\/fiajewels.it\/wp-content\/uploads\/2026\/02\/COLLANA-GIADA-ROSSA-STELLA-MARINA-IN-CERAMICA-DI-CALTAGIRONE-ARTIGIANALE-SICILIANA-DECOLTE.jpg\",\"datePublished\":\"2026-02-09T18:57:16+00:00\",\"dateModified\":\"2026-02-09T19:07:14+00:00\",\"description\":\"Collana D\u00e9collet\u00e9 Stella Marina in Ceramica Perla e Giada Rossa Collana in giada rosso rubino sfaccettata da 15mm, bellissima Stella Marina grande in\",\"breadcrumb\":{\"@id\":\"https:\/\/fiajewels.it\/prodotto\/collana-decollete-stella-marina-in-ceramica-perla-e-giada-rossa\/#breadcrumb\"},\"inLanguage\":\"en-GB\",\"potentialAction\":[{\"@type\":\"ReadAction\",\"target\":[\"https:\/\/fiajewels.it\/prodotto\/collana-decollete-stella-marina-in-ceramica-perla-e-giada-rossa\/\"]}]},{\"@type\":\"ImageObject\",\"inLanguage\":\"en-GB\",\"@id\":\"https:\/\/fiajewels.it\/prodotto\/collana-decollete-stella-marina-in-ceramica-perla-e-giada-rossa\/#primaryimage\",\"url\":\"https:\/\/fiajewels.it\/wp-content\/uploads\/2026\/02\/COLLANA-GIADA-ROSSA-STELLA-MARINA-IN-CERAMICA-DI-CALTAGIRONE-ARTIGIANALE-SICILIANA-DECOLTE.jpg\",\"contentUrl\":\"https:\/\/fiajewels.it\/wp-content\/uploads\/2026\/02\/COLLANA-GIADA-ROSSA-STELLA-MARINA-IN-CERAMICA-DI-CALTAGIRONE-ARTIGIANALE-SICILIANA-DECOLTE.jpg\",\"width\":548,\"height\":821},{\"@type\":\"BreadcrumbList\",\"@id\":\"https:\/\/fiajewels.it\/prodotto\/collana-decollete-stella-marina-in-ceramica-perla-e-giada-rossa\/#breadcrumb\",\"itemListElement\":[{\"@type\":\"ListItem\",\"position\":1,\"name\":\"Home\",\"item\":\"https:\/\/fiajewels.it\/\"},{\"@type\":\"ListItem\",\"position\":2,\"name\":\"Shop\",\"item\":\"https:\/\/fiajewels.it\/negozio\/\"},{\"@type\":\"ListItem\",\"position\":3,\"name\":\"Collana D\u00e9collet\u00e9 Stella Marina in Ceramica Perla e Giada Rossa\"}]},{\"@type\":\"WebSite\",\"@id\":\"https:\/\/fiajewels.it\/#website\",\"url\":\"https:\/\/fiajewels.it\/\",\"name\":\"FiaJewels\",\"description\":\"\",\"publisher\":{\"@id\":\"https:\/\/fiajewels.it\/#\/schema\/person\/2c57907c80620d109c8a7ad1ad6e0c4e\"},\"potentialAction\":[{\"@type\":\"SearchAction\",\"target\":{\"@type\":\"EntryPoint\",\"urlTemplate\":\"https:\/\/fiajewels.it\/?s={search_term_string}\"},\"query-input\":{\"@type\":\"PropertyValueSpecification\",\"valueRequired\":true,\"valueName\":\"search_term_string\"}}],\"inLanguage\":\"en-GB\"},{\"@type\":[\"Person\",\"Organization\"],\"@id\":\"https:\/\/fiajewels.it\/#\/schema\/person\/2c57907c80620d109c8a7ad1ad6e0c4e\",\"name\":\"FiaJewels\",\"image\":{\"@type\":\"ImageObject\",\"inLanguage\":\"en-GB\",\"@id\":\"https:\/\/fiajewels.it\/#\/schema\/person\/image\/\",\"url\":\"https:\/\/secure.gravatar.com\/avatar\/b9a386afa40b1775488d216d9f973cb34fb853546ac7d5681edead69ac4dfde1?s=96&d=mm&r=g\",\"contentUrl\":\"https:\/\/secure.gravatar.com\/avatar\/b9a386afa40b1775488d216d9f973cb34fb853546ac7d5681edead69ac4dfde1?s=96&d=mm&r=g\",\"caption\":\"FiaJewels\"},\"logo\":{\"@id\":\"https:\/\/fiajewels.it\/#\/schema\/person\/image\/\"}}]}<\/script>\n<!-- \/ Yoast SEO plugin. -->","yoast_head_json":{"title":"Collana D\u00e9collet\u00e9 Stella Marina in Ceramica Perla e Giada Rossa - FiaJewels","description":"Collana D\u00e9collet\u00e9 Stella Marina in Ceramica Perla e Giada Rossa Collana in giada rosso rubino sfaccettata da 15mm, bellissima Stella Marina grande in","robots":{"index":"index","follow":"follow","max-snippet":"max-snippet:-1","max-image-preview":"max-image-preview:large","max-video-preview":"max-video-preview:-1"},"canonical":"https:\/\/fiajewels.it\/en\/product\/collana-decollete-stella-marina-in-ceramica-perla-e-giada-rossa\/","og_locale":"en_GB","og_type":"article","og_title":"Collana D\u00e9collet\u00e9 Stella Marina in Ceramica Perla e Giada Rossa - FiaJewels","og_description":"Collana D\u00e9collet\u00e9 Stella Marina in Ceramica Perla e Giada Rossa Collana in giada rosso rubino sfaccettata da 15mm, bellissima Stella Marina grande in","og_url":"https:\/\/fiajewels.it\/en\/product\/collana-decollete-stella-marina-in-ceramica-perla-e-giada-rossa\/","og_site_name":"FiaJewels","article_modified_time":"2026-02-09T19:07:14+00:00","og_image":[{"width":548,"height":821,"url":"https:\/\/fiajewels.it\/wp-content\/uploads\/2026\/02\/COLLANA-GIADA-ROSSA-STELLA-MARINA-IN-CERAMICA-DI-CALTAGIRONE-ARTIGIANALE-SICILIANA-DECOLTE.jpg","type":"image\/jpeg"}],"twitter_card":"summary_large_image","twitter_misc":{"Estimated reading time":"1 minute"},"schema":{"@context":"https:\/\/schema.org","@graph":[{"@type":"WebPage","@id":"https:\/\/fiajewels.it\/prodotto\/collana-decollete-stella-marina-in-ceramica-perla-e-giada-rossa\/","url":"https:\/\/fiajewels.it\/prodotto\/collana-decollete-stella-marina-in-ceramica-perla-e-giada-rossa\/","name":"Collana D\u00e9collet\u00e9 Stella Marina in Ceramica Perla e Giada Rossa - FiaJewels","isPartOf":{"@id":"https:\/\/fiajewels.it\/#website"},"primaryImageOfPage":{"@id":"https:\/\/fiajewels.it\/prodotto\/collana-decollete-stella-marina-in-ceramica-perla-e-giada-rossa\/#primaryimage"},"image":{"@id":"https:\/\/fiajewels.it\/prodotto\/collana-decollete-stella-marina-in-ceramica-perla-e-giada-rossa\/#primaryimage"},"thumbnailUrl":"https:\/\/fiajewels.it\/wp-content\/uploads\/2026\/02\/COLLANA-GIADA-ROSSA-STELLA-MARINA-IN-CERAMICA-DI-CALTAGIRONE-ARTIGIANALE-SICILIANA-DECOLTE.jpg","datePublished":"2026-02-09T18:57:16+00:00","dateModified":"2026-02-09T19:07:14+00:00","description":"Collana D\u00e9collet\u00e9 Stella Marina in Ceramica Perla e Giada Rossa Collana in giada rosso rubino sfaccettata da 15mm, bellissima Stella Marina grande in","breadcrumb":{"@id":"https:\/\/fiajewels.it\/prodotto\/collana-decollete-stella-marina-in-ceramica-perla-e-giada-rossa\/#breadcrumb"},"inLanguage":"en-GB","potentialAction":[{"@type":"ReadAction","target":["https:\/\/fiajewels.it\/prodotto\/collana-decollete-stella-marina-in-ceramica-perla-e-giada-rossa\/"]}]},{"@type":"ImageObject","inLanguage":"en-GB","@id":"https:\/\/fiajewels.it\/prodotto\/collana-decollete-stella-marina-in-ceramica-perla-e-giada-rossa\/#primaryimage","url":"https:\/\/fiajewels.it\/wp-content\/uploads\/2026\/02\/COLLANA-GIADA-ROSSA-STELLA-MARINA-IN-CERAMICA-DI-CALTAGIRONE-ARTIGIANALE-SICILIANA-DECOLTE.jpg","contentUrl":"https:\/\/fiajewels.it\/wp-content\/uploads\/2026\/02\/COLLANA-GIADA-ROSSA-STELLA-MARINA-IN-CERAMICA-DI-CALTAGIRONE-ARTIGIANALE-SICILIANA-DECOLTE.jpg","width":548,"height":821},{"@type":"BreadcrumbList","@id":"https:\/\/fiajewels.it\/prodotto\/collana-decollete-stella-marina-in-ceramica-perla-e-giada-rossa\/#breadcrumb","itemListElement":[{"@type":"ListItem","position":1,"name":"Home","item":"https:\/\/fiajewels.it\/"},{"@type":"ListItem","position":2,"name":"Shop","item":"https:\/\/fiajewels.it\/negozio\/"},{"@type":"ListItem","position":3,"name":"Collana D\u00e9collet\u00e9 Stella Marina in Ceramica Perla e Giada Rossa"}]},{"@type":"WebSite","@id":"https:\/\/fiajewels.it\/#website","url":"https:\/\/fiajewels.it\/","name":"FiaJewels","description":"","publisher":{"@id":"https:\/\/fiajewels.it\/#\/schema\/person\/2c57907c80620d109c8a7ad1ad6e0c4e"},"potentialAction":[{"@type":"SearchAction","target":{"@type":"EntryPoint","urlTemplate":"https:\/\/fiajewels.it\/?s={search_term_string}"},"query-input":{"@type":"PropertyValueSpecification","valueRequired":true,"valueName":"search_term_string"}}],"inLanguage":"en-GB"},{"@type":["Person","Organization"],"@id":"https:\/\/fiajewels.it\/#\/schema\/person\/2c57907c80620d109c8a7ad1ad6e0c4e","name":"FiaJewels","image":{"@type":"ImageObject","inLanguage":"en-GB","@id":"https:\/\/fiajewels.it\/#\/schema\/person\/image\/","url":"https:\/\/secure.gravatar.com\/avatar\/b9a386afa40b1775488d216d9f973cb34fb853546ac7d5681edead69ac4dfde1?s=96&d=mm&r=g","contentUrl":"https:\/\/secure.gravatar.com\/avatar\/b9a386afa40b1775488d216d9f973cb34fb853546ac7d5681edead69ac4dfde1?s=96&d=mm&r=g","caption":"FiaJewels"},"logo":{"@id":"https:\/\/fiajewels.it\/#\/schema\/person\/image\/"}}]}},"_links":{"self":[{"href":"https:\/\/fiajewels.it\/en\/wp-json\/wp\/v2\/product\/41359","targetHints":{"allow":["GET"]}}],"collection":[{"href":"https:\/\/fiajewels.it\/en\/wp-json\/wp\/v2\/product"}],"about":[{"href":"https:\/\/fiajewels.it\/en\/wp-json\/wp\/v2\/types\/product"}],"wp:featuredmedia":[{"embeddable":true,"href":"https:\/\/fiajewels.it\/en\/wp-json\/wp\/v2\/media\/41365"}],"wp:attachment":[{"href":"https:\/\/fiajewels.it\/en\/wp-json\/wp\/v2\/media?parent=41359"}],"wp:term":[{"taxonomy":"product_brand","embeddable":true,"href":"https:\/\/fiajewels.it\/en\/wp-json\/wp\/v2\/product_brand?post=41359"},{"taxonomy":"product_cat","embeddable":true,"href":"https:\/\/fiajewels.it\/en\/wp-json\/wp\/v2\/product_cat?post=41359"},{"taxonomy":"product_tag","embeddable":true,"href":"https:\/\/fiajewels.it\/en\/wp-json\/wp\/v2\/product_tag?post=41359"}],"curies":[{"name":"wp","href":"https:\/\/api.w.org\/{rel}","templated":true}]}}