{"id":38568,"date":"2025-12-22T21:33:44","date_gmt":"2025-12-22T20:33:44","guid":{"rendered":"https:\/\/fiajewels.it\/?post_type=product&#038;p=38568"},"modified":"2025-12-31T13:36:44","modified_gmt":"2025-12-31T12:36:44","slug":"collana-decollete-pasta-di-corallo-e-perle-naturali-grappoli","status":"publish","type":"product","link":"https:\/\/fiajewels.it\/en\/product\/collana-decollete-pasta-di-corallo-e-perle-naturali-grappoli\/","title":{"rendered":"D\u00e9collet\u00e9 Necklace in Coral Paste and Natural Pearls, Grapes"},"content":{"rendered":"<p>D\u00e9collet\u00e9 Necklace in Coral Paste and Natural Pearls, Grapes<\/p>\n<p>7, 10 and 15 mm coral paste necklace, enriched by lateral clusters with 2 large baroque pearls<br \/>\nBrass finishes and knotting between the stones.<br \/>\nIt has no closure<\/p>\n<p>It is 74 cm long<\/p>","protected":false},"excerpt":{"rendered":"<p data-start=\"131\" data-end=\"200\"><strong data-start=\"131\" data-end=\"200\">Coral Paste and Natural Pearl Cluster D\u00e9collet\u00e9 Necklace<\/strong><\/p>\n<p data-start=\"202\" data-end=\"649\">A jewel with a strong and refined character \ud83c\udf3a<br data-start=\"249\" data-end=\"252\" \/>Crafted from coral paste in 7, 10, and 15mm diameters, this necklace is embellished with elegant side clusters featuring two large natural baroque pearls \ud83e\udd0d.<br data-start=\"416\" data-end=\"419\" \/>The knotting between the stones highlights the craftsmanship, while the brass finishes give a warm and harmonious touch.<br data-start=\"547\" data-end=\"550\" \/>Without closure, it slides naturally on the d\u00e9collet\u00e9, enhancing every outfit with personality \u2728<\/p>\n<p data-start=\"651\" data-end=\"670\">\ud83d\udccf Length: 74 cm<\/p>","protected":false},"featured_media":38571,"template":"","meta":{"_joinchat":[]},"product_brand":[],"product_cat":[34,43,1016],"product_tag":[99,199,1579,352,180,188,201,1503,64,98,1506,214,102,65,343,71,186,85],"class_list":{"0":"post-38568","1":"product","2":"type-product","3":"status-publish","4":"has-post-thumbnail","6":"product_cat-collane","7":"product_cat-collane-collane","8":"product_cat-novita","9":"product_tag-artigianato-siciliano","10":"product_tag-collana-artigianale","11":"product_tag-collana-decollete","12":"product_tag-collana-di-perle","13":"product_tag-collana-donna","14":"product_tag-collana-fatta-a-mano","15":"product_tag-collana-lunga","16":"product_tag-collane-con-pietre","17":"product_tag-corallo","18":"product_tag-gioielli-artigianali","19":"product_tag-gioielli-con-pietre","20":"product_tag-gioielli-siciliani","21":"product_tag-gioielli-unici","22":"product_tag-pasta-di-corallo","23":"product_tag-perla","24":"product_tag-perle","25":"product_tag-regalo-per-lei","26":"product_tag-rosso","27":"product_shipping_class-350-1000g","29":"first","30":"outofstock","31":"shipping-taxable","32":"purchasable","33":"product-type-simple"},"yoast_head":"<!-- This site is optimized with the Yoast SEO plugin v27.1.1 - https:\/\/yoast.com\/product\/yoast-seo-wordpress\/ -->\n<title>Collana D\u00e9collet\u00e9 Pasta di corallo e Perle Naturali Grappoli - FiaJewels<\/title>\n<meta name=\"description\" content=\"Collana D\u00e9collet\u00e9 Pasta di corallo e Perle Naturali Grappoli Collana in pasta di corallo da 7,10 e 15 mm, arricchita da grappoli laterali con 2 perle\" \/>\n<meta name=\"robots\" content=\"index, follow, max-snippet:-1, max-image-preview:large, max-video-preview:-1\" \/>\n<link rel=\"canonical\" href=\"https:\/\/fiajewels.it\/en\/product\/collana-decollete-pasta-di-corallo-e-perle-naturali-grappoli\/\" \/>\n<meta property=\"og:locale\" content=\"en_GB\" \/>\n<meta property=\"og:type\" content=\"article\" \/>\n<meta property=\"og:title\" content=\"Collana D\u00e9collet\u00e9 Pasta di corallo e Perle Naturali Grappoli - FiaJewels\" \/>\n<meta property=\"og:description\" content=\"Collana D\u00e9collet\u00e9 Pasta di corallo e Perle Naturali Grappoli Collana in pasta di corallo da 7,10 e 15 mm, arricchita da grappoli laterali con 2 perle\" \/>\n<meta property=\"og:url\" content=\"https:\/\/fiajewels.it\/en\/product\/collana-decollete-pasta-di-corallo-e-perle-naturali-grappoli\/\" \/>\n<meta property=\"og:site_name\" content=\"FiaJewels\" \/>\n<meta property=\"article:modified_time\" content=\"2025-12-31T12:36:44+00:00\" \/>\n<meta property=\"og:image\" content=\"https:\/\/fiajewels.it\/wp-content\/uploads\/2025\/12\/COLLANA-ARTIGIANALE-PERLE-ROSSE-PERLE-NATURALE-GRAPPOLI.png\" \/>\n\t<meta property=\"og:image:width\" content=\"832\" \/>\n\t<meta property=\"og:image:height\" content=\"1248\" \/>\n\t<meta property=\"og:image:type\" content=\"image\/png\" \/>\n<meta name=\"twitter:card\" content=\"summary_large_image\" \/>\n<meta name=\"twitter:label1\" content=\"Estimated reading time\" \/>\n\t<meta name=\"twitter:data1\" content=\"1 minute\" \/>\n<script type=\"application\/ld+json\" class=\"yoast-schema-graph\">{\"@context\":\"https:\/\/schema.org\",\"@graph\":[{\"@type\":\"WebPage\",\"@id\":\"https:\/\/fiajewels.it\/prodotto\/collana-decollete-pasta-di-corallo-e-perle-naturali-grappoli\/\",\"url\":\"https:\/\/fiajewels.it\/prodotto\/collana-decollete-pasta-di-corallo-e-perle-naturali-grappoli\/\",\"name\":\"Collana D\u00e9collet\u00e9 Pasta di corallo e Perle Naturali Grappoli - FiaJewels\",\"isPartOf\":{\"@id\":\"https:\/\/fiajewels.it\/#website\"},\"primaryImageOfPage\":{\"@id\":\"https:\/\/fiajewels.it\/prodotto\/collana-decollete-pasta-di-corallo-e-perle-naturali-grappoli\/#primaryimage\"},\"image\":{\"@id\":\"https:\/\/fiajewels.it\/prodotto\/collana-decollete-pasta-di-corallo-e-perle-naturali-grappoli\/#primaryimage\"},\"thumbnailUrl\":\"https:\/\/fiajewels.it\/wp-content\/uploads\/2025\/12\/COLLANA-ARTIGIANALE-PERLE-ROSSE-PERLE-NATURALE-GRAPPOLI.png\",\"datePublished\":\"2025-12-22T20:33:44+00:00\",\"dateModified\":\"2025-12-31T12:36:44+00:00\",\"description\":\"Collana D\u00e9collet\u00e9 Pasta di corallo e Perle Naturali Grappoli Collana in pasta di corallo da 7,10 e 15 mm, arricchita da grappoli laterali con 2 perle\",\"breadcrumb\":{\"@id\":\"https:\/\/fiajewels.it\/prodotto\/collana-decollete-pasta-di-corallo-e-perle-naturali-grappoli\/#breadcrumb\"},\"inLanguage\":\"en-GB\",\"potentialAction\":[{\"@type\":\"ReadAction\",\"target\":[\"https:\/\/fiajewels.it\/prodotto\/collana-decollete-pasta-di-corallo-e-perle-naturali-grappoli\/\"]}]},{\"@type\":\"ImageObject\",\"inLanguage\":\"en-GB\",\"@id\":\"https:\/\/fiajewels.it\/prodotto\/collana-decollete-pasta-di-corallo-e-perle-naturali-grappoli\/#primaryimage\",\"url\":\"https:\/\/fiajewels.it\/wp-content\/uploads\/2025\/12\/COLLANA-ARTIGIANALE-PERLE-ROSSE-PERLE-NATURALE-GRAPPOLI.png\",\"contentUrl\":\"https:\/\/fiajewels.it\/wp-content\/uploads\/2025\/12\/COLLANA-ARTIGIANALE-PERLE-ROSSE-PERLE-NATURALE-GRAPPOLI.png\",\"width\":832,\"height\":1248},{\"@type\":\"BreadcrumbList\",\"@id\":\"https:\/\/fiajewels.it\/prodotto\/collana-decollete-pasta-di-corallo-e-perle-naturali-grappoli\/#breadcrumb\",\"itemListElement\":[{\"@type\":\"ListItem\",\"position\":1,\"name\":\"Home\",\"item\":\"https:\/\/fiajewels.it\/\"},{\"@type\":\"ListItem\",\"position\":2,\"name\":\"Shop\",\"item\":\"https:\/\/fiajewels.it\/negozio\/\"},{\"@type\":\"ListItem\",\"position\":3,\"name\":\"Collana D\u00e9collet\u00e9 Pasta di corallo e Perle Naturali Grappoli\"}]},{\"@type\":\"WebSite\",\"@id\":\"https:\/\/fiajewels.it\/#website\",\"url\":\"https:\/\/fiajewels.it\/\",\"name\":\"FiaJewels\",\"description\":\"\",\"publisher\":{\"@id\":\"https:\/\/fiajewels.it\/#\/schema\/person\/2c57907c80620d109c8a7ad1ad6e0c4e\"},\"potentialAction\":[{\"@type\":\"SearchAction\",\"target\":{\"@type\":\"EntryPoint\",\"urlTemplate\":\"https:\/\/fiajewels.it\/?s={search_term_string}\"},\"query-input\":{\"@type\":\"PropertyValueSpecification\",\"valueRequired\":true,\"valueName\":\"search_term_string\"}}],\"inLanguage\":\"en-GB\"},{\"@type\":[\"Person\",\"Organization\"],\"@id\":\"https:\/\/fiajewels.it\/#\/schema\/person\/2c57907c80620d109c8a7ad1ad6e0c4e\",\"name\":\"FiaJewels\",\"image\":{\"@type\":\"ImageObject\",\"inLanguage\":\"en-GB\",\"@id\":\"https:\/\/fiajewels.it\/#\/schema\/person\/image\/\",\"url\":\"https:\/\/secure.gravatar.com\/avatar\/b9a386afa40b1775488d216d9f973cb34fb853546ac7d5681edead69ac4dfde1?s=96&d=mm&r=g\",\"contentUrl\":\"https:\/\/secure.gravatar.com\/avatar\/b9a386afa40b1775488d216d9f973cb34fb853546ac7d5681edead69ac4dfde1?s=96&d=mm&r=g\",\"caption\":\"FiaJewels\"},\"logo\":{\"@id\":\"https:\/\/fiajewels.it\/#\/schema\/person\/image\/\"}}]}<\/script>\n<!-- \/ Yoast SEO plugin. -->","yoast_head_json":{"title":"Collana D\u00e9collet\u00e9 Pasta di corallo e Perle Naturali Grappoli - FiaJewels","description":"Collana D\u00e9collet\u00e9 Pasta di corallo e Perle Naturali Grappoli Collana in pasta di corallo da 7,10 e 15 mm, arricchita da grappoli laterali con 2 perle","robots":{"index":"index","follow":"follow","max-snippet":"max-snippet:-1","max-image-preview":"max-image-preview:large","max-video-preview":"max-video-preview:-1"},"canonical":"https:\/\/fiajewels.it\/en\/product\/collana-decollete-pasta-di-corallo-e-perle-naturali-grappoli\/","og_locale":"en_GB","og_type":"article","og_title":"Collana D\u00e9collet\u00e9 Pasta di corallo e Perle Naturali Grappoli - FiaJewels","og_description":"Collana D\u00e9collet\u00e9 Pasta di corallo e Perle Naturali Grappoli Collana in pasta di corallo da 7,10 e 15 mm, arricchita da grappoli laterali con 2 perle","og_url":"https:\/\/fiajewels.it\/en\/product\/collana-decollete-pasta-di-corallo-e-perle-naturali-grappoli\/","og_site_name":"FiaJewels","article_modified_time":"2025-12-31T12:36:44+00:00","og_image":[{"width":832,"height":1248,"url":"https:\/\/fiajewels.it\/wp-content\/uploads\/2025\/12\/COLLANA-ARTIGIANALE-PERLE-ROSSE-PERLE-NATURALE-GRAPPOLI.png","type":"image\/png"}],"twitter_card":"summary_large_image","twitter_misc":{"Estimated reading time":"1 minute"},"schema":{"@context":"https:\/\/schema.org","@graph":[{"@type":"WebPage","@id":"https:\/\/fiajewels.it\/prodotto\/collana-decollete-pasta-di-corallo-e-perle-naturali-grappoli\/","url":"https:\/\/fiajewels.it\/prodotto\/collana-decollete-pasta-di-corallo-e-perle-naturali-grappoli\/","name":"Collana D\u00e9collet\u00e9 Pasta di corallo e Perle Naturali Grappoli - FiaJewels","isPartOf":{"@id":"https:\/\/fiajewels.it\/#website"},"primaryImageOfPage":{"@id":"https:\/\/fiajewels.it\/prodotto\/collana-decollete-pasta-di-corallo-e-perle-naturali-grappoli\/#primaryimage"},"image":{"@id":"https:\/\/fiajewels.it\/prodotto\/collana-decollete-pasta-di-corallo-e-perle-naturali-grappoli\/#primaryimage"},"thumbnailUrl":"https:\/\/fiajewels.it\/wp-content\/uploads\/2025\/12\/COLLANA-ARTIGIANALE-PERLE-ROSSE-PERLE-NATURALE-GRAPPOLI.png","datePublished":"2025-12-22T20:33:44+00:00","dateModified":"2025-12-31T12:36:44+00:00","description":"Collana D\u00e9collet\u00e9 Pasta di corallo e Perle Naturali Grappoli Collana in pasta di corallo da 7,10 e 15 mm, arricchita da grappoli laterali con 2 perle","breadcrumb":{"@id":"https:\/\/fiajewels.it\/prodotto\/collana-decollete-pasta-di-corallo-e-perle-naturali-grappoli\/#breadcrumb"},"inLanguage":"en-GB","potentialAction":[{"@type":"ReadAction","target":["https:\/\/fiajewels.it\/prodotto\/collana-decollete-pasta-di-corallo-e-perle-naturali-grappoli\/"]}]},{"@type":"ImageObject","inLanguage":"en-GB","@id":"https:\/\/fiajewels.it\/prodotto\/collana-decollete-pasta-di-corallo-e-perle-naturali-grappoli\/#primaryimage","url":"https:\/\/fiajewels.it\/wp-content\/uploads\/2025\/12\/COLLANA-ARTIGIANALE-PERLE-ROSSE-PERLE-NATURALE-GRAPPOLI.png","contentUrl":"https:\/\/fiajewels.it\/wp-content\/uploads\/2025\/12\/COLLANA-ARTIGIANALE-PERLE-ROSSE-PERLE-NATURALE-GRAPPOLI.png","width":832,"height":1248},{"@type":"BreadcrumbList","@id":"https:\/\/fiajewels.it\/prodotto\/collana-decollete-pasta-di-corallo-e-perle-naturali-grappoli\/#breadcrumb","itemListElement":[{"@type":"ListItem","position":1,"name":"Home","item":"https:\/\/fiajewels.it\/"},{"@type":"ListItem","position":2,"name":"Shop","item":"https:\/\/fiajewels.it\/negozio\/"},{"@type":"ListItem","position":3,"name":"Collana D\u00e9collet\u00e9 Pasta di corallo e Perle Naturali Grappoli"}]},{"@type":"WebSite","@id":"https:\/\/fiajewels.it\/#website","url":"https:\/\/fiajewels.it\/","name":"FiaJewels","description":"","publisher":{"@id":"https:\/\/fiajewels.it\/#\/schema\/person\/2c57907c80620d109c8a7ad1ad6e0c4e"},"potentialAction":[{"@type":"SearchAction","target":{"@type":"EntryPoint","urlTemplate":"https:\/\/fiajewels.it\/?s={search_term_string}"},"query-input":{"@type":"PropertyValueSpecification","valueRequired":true,"valueName":"search_term_string"}}],"inLanguage":"en-GB"},{"@type":["Person","Organization"],"@id":"https:\/\/fiajewels.it\/#\/schema\/person\/2c57907c80620d109c8a7ad1ad6e0c4e","name":"FiaJewels","image":{"@type":"ImageObject","inLanguage":"en-GB","@id":"https:\/\/fiajewels.it\/#\/schema\/person\/image\/","url":"https:\/\/secure.gravatar.com\/avatar\/b9a386afa40b1775488d216d9f973cb34fb853546ac7d5681edead69ac4dfde1?s=96&d=mm&r=g","contentUrl":"https:\/\/secure.gravatar.com\/avatar\/b9a386afa40b1775488d216d9f973cb34fb853546ac7d5681edead69ac4dfde1?s=96&d=mm&r=g","caption":"FiaJewels"},"logo":{"@id":"https:\/\/fiajewels.it\/#\/schema\/person\/image\/"}}]}},"_links":{"self":[{"href":"https:\/\/fiajewels.it\/en\/wp-json\/wp\/v2\/product\/38568","targetHints":{"allow":["GET"]}}],"collection":[{"href":"https:\/\/fiajewels.it\/en\/wp-json\/wp\/v2\/product"}],"about":[{"href":"https:\/\/fiajewels.it\/en\/wp-json\/wp\/v2\/types\/product"}],"wp:featuredmedia":[{"embeddable":true,"href":"https:\/\/fiajewels.it\/en\/wp-json\/wp\/v2\/media\/38571"}],"wp:attachment":[{"href":"https:\/\/fiajewels.it\/en\/wp-json\/wp\/v2\/media?parent=38568"}],"wp:term":[{"taxonomy":"product_brand","embeddable":true,"href":"https:\/\/fiajewels.it\/en\/wp-json\/wp\/v2\/product_brand?post=38568"},{"taxonomy":"product_cat","embeddable":true,"href":"https:\/\/fiajewels.it\/en\/wp-json\/wp\/v2\/product_cat?post=38568"},{"taxonomy":"product_tag","embeddable":true,"href":"https:\/\/fiajewels.it\/en\/wp-json\/wp\/v2\/product_tag?post=38568"}],"curies":[{"name":"wp","href":"https:\/\/api.w.org\/{rel}","templated":true}]}}