{"id":38560,"date":"2025-12-22T20:26:31","date_gmt":"2025-12-22T19:26:31","guid":{"rendered":"https:\/\/fiajewels.it\/?post_type=product&#038;p=38560"},"modified":"2025-12-23T11:51:48","modified_gmt":"2025-12-23T10:51:48","slug":"collana-decollete-agata-blu-variegata-e-perle-naturali","status":"publish","type":"product","link":"https:\/\/fiajewels.it\/en\/product\/collana-decollete-agata-blu-variegata-e-perle-naturali\/","title":{"rendered":"Variegated Blue Agate and Natural Pearl D\u00e9collet\u00e9 Necklace"},"content":{"rendered":"<p>Variegated Blue Agate and Natural Pearl D\u00e9collet\u00e9 Necklace<\/p>\n<p>12\/13 mm blue agate necklace, enriched by lateral clusters of natural pearls with a large pearl and a faceted blue agate plate.<br \/>\nBrass finishes and knotting between the stones.<br \/>\nIt has no closure so it is suitable for those with metal allergies.<\/p>\n<p>It is 76 cm long<\/p>","protected":false},"excerpt":{"rendered":"<p>A necklace with a bold and refined character, designed to enhance the d\u00e9collet\u00e9 with natural elegance \ud83d\udc99<br data-start=\"206\" data-end=\"209\" \/>The spheres of <strong data-start=\"221\" data-end=\"244\">variegated blue agate<\/strong> they dialogue with delicate <strong data-start=\"268\" data-end=\"298\">clusters of natural pearls<\/strong>, embellished with a central pearl and a faceted blue agate plate \u2728<br data-start=\"378\" data-end=\"381\" data-is-only-node=\"\" \/>The knotting between the stones and the brass finishes tell of a craftsmanship with attention to detail.<br data-start=\"491\" data-end=\"494\" \/>Without closure, it is also ideal for those with metal sensitivity.<br data-start=\"559\" data-end=\"562\" \/>A jewel that accompanies every moment with style, from everyday life to special occasions \ud83c\udf3f\ud83d\udc8e<\/p>","protected":false},"featured_media":38566,"template":"","meta":{"_joinchat":[]},"product_brand":[],"product_cat":[34,43,1016],"product_tag":[447,99,423,199,1579,352,180,188,201,1503,98,1506,214,102,343,71,186,1667],"class_list":{"0":"post-38560","1":"product","2":"type-product","3":"status-publish","4":"has-post-thumbnail","6":"product_cat-collane","7":"product_cat-collane-collane","8":"product_cat-novita","9":"product_tag-agata","10":"product_tag-artigianato-siciliano","11":"product_tag-blu","12":"product_tag-collana-artigianale","13":"product_tag-collana-decollete","14":"product_tag-collana-di-perle","15":"product_tag-collana-donna","16":"product_tag-collana-fatta-a-mano","17":"product_tag-collana-lunga","18":"product_tag-collane-con-pietre","19":"product_tag-gioielli-artigianali","20":"product_tag-gioielli-con-pietre","21":"product_tag-gioielli-siciliani","22":"product_tag-gioielli-unici","23":"product_tag-perla","24":"product_tag-perle","25":"product_tag-regalo-per-lei","26":"product_tag-variegata","27":"product_shipping_class-350-1000g","29":"first","30":"outofstock","31":"shipping-taxable","32":"purchasable","33":"product-type-simple"},"yoast_head":"<!-- This site is optimized with the Yoast SEO plugin v27.1.1 - https:\/\/yoast.com\/product\/yoast-seo-wordpress\/ -->\n<title>Collana D\u00e9collet\u00e9 Agata Blu Variegata e Perle Naturali - FiaJewels<\/title>\n<meta name=\"description\" content=\"Collana D\u00e9collet\u00e9 Agata Blu Variegata e Perle Naturali Collana in Agata blu da 12\/13 mm, arricchita da grappoli laterali in perle naturali con perla\" \/>\n<meta name=\"robots\" content=\"index, follow, max-snippet:-1, max-image-preview:large, max-video-preview:-1\" \/>\n<link rel=\"canonical\" href=\"https:\/\/fiajewels.it\/en\/product\/collana-decollete-agata-blu-variegata-e-perle-naturali\/\" \/>\n<meta property=\"og:locale\" content=\"en_GB\" \/>\n<meta property=\"og:type\" content=\"article\" \/>\n<meta property=\"og:title\" content=\"Collana D\u00e9collet\u00e9 Agata Blu Variegata e Perle Naturali - FiaJewels\" \/>\n<meta property=\"og:description\" content=\"Collana D\u00e9collet\u00e9 Agata Blu Variegata e Perle Naturali Collana in Agata blu da 12\/13 mm, arricchita da grappoli laterali in perle naturali con perla\" \/>\n<meta property=\"og:url\" content=\"https:\/\/fiajewels.it\/en\/product\/collana-decollete-agata-blu-variegata-e-perle-naturali\/\" \/>\n<meta property=\"og:site_name\" content=\"FiaJewels\" \/>\n<meta property=\"article:modified_time\" content=\"2025-12-23T10:51:48+00:00\" \/>\n<meta property=\"og:image\" content=\"https:\/\/fiajewels.it\/wp-content\/uploads\/2025\/12\/COLLANA-BLU-PERLE-PIASTRA-GRAPPOLI-ARTIGIANALE-5.png\" \/>\n\t<meta property=\"og:image:width\" content=\"832\" \/>\n\t<meta property=\"og:image:height\" content=\"1248\" \/>\n\t<meta property=\"og:image:type\" content=\"image\/png\" \/>\n<meta name=\"twitter:card\" content=\"summary_large_image\" \/>\n<meta name=\"twitter:label1\" content=\"Estimated reading time\" \/>\n\t<meta name=\"twitter:data1\" content=\"1 minute\" \/>\n<script type=\"application\/ld+json\" class=\"yoast-schema-graph\">{\"@context\":\"https:\/\/schema.org\",\"@graph\":[{\"@type\":\"WebPage\",\"@id\":\"https:\/\/fiajewels.it\/prodotto\/collana-decollete-agata-blu-variegata-e-perle-naturali\/\",\"url\":\"https:\/\/fiajewels.it\/prodotto\/collana-decollete-agata-blu-variegata-e-perle-naturali\/\",\"name\":\"Collana D\u00e9collet\u00e9 Agata Blu Variegata e Perle Naturali - FiaJewels\",\"isPartOf\":{\"@id\":\"https:\/\/fiajewels.it\/#website\"},\"primaryImageOfPage\":{\"@id\":\"https:\/\/fiajewels.it\/prodotto\/collana-decollete-agata-blu-variegata-e-perle-naturali\/#primaryimage\"},\"image\":{\"@id\":\"https:\/\/fiajewels.it\/prodotto\/collana-decollete-agata-blu-variegata-e-perle-naturali\/#primaryimage\"},\"thumbnailUrl\":\"https:\/\/fiajewels.it\/wp-content\/uploads\/2025\/12\/COLLANA-BLU-PERLE-PIASTRA-GRAPPOLI-ARTIGIANALE-5.png\",\"datePublished\":\"2025-12-22T19:26:31+00:00\",\"dateModified\":\"2025-12-23T10:51:48+00:00\",\"description\":\"Collana D\u00e9collet\u00e9 Agata Blu Variegata e Perle Naturali Collana in Agata blu da 12\/13 mm, arricchita da grappoli laterali in perle naturali con perla\",\"breadcrumb\":{\"@id\":\"https:\/\/fiajewels.it\/prodotto\/collana-decollete-agata-blu-variegata-e-perle-naturali\/#breadcrumb\"},\"inLanguage\":\"en-GB\",\"potentialAction\":[{\"@type\":\"ReadAction\",\"target\":[\"https:\/\/fiajewels.it\/prodotto\/collana-decollete-agata-blu-variegata-e-perle-naturali\/\"]}]},{\"@type\":\"ImageObject\",\"inLanguage\":\"en-GB\",\"@id\":\"https:\/\/fiajewels.it\/prodotto\/collana-decollete-agata-blu-variegata-e-perle-naturali\/#primaryimage\",\"url\":\"https:\/\/fiajewels.it\/wp-content\/uploads\/2025\/12\/COLLANA-BLU-PERLE-PIASTRA-GRAPPOLI-ARTIGIANALE-5.png\",\"contentUrl\":\"https:\/\/fiajewels.it\/wp-content\/uploads\/2025\/12\/COLLANA-BLU-PERLE-PIASTRA-GRAPPOLI-ARTIGIANALE-5.png\",\"width\":832,\"height\":1248},{\"@type\":\"BreadcrumbList\",\"@id\":\"https:\/\/fiajewels.it\/prodotto\/collana-decollete-agata-blu-variegata-e-perle-naturali\/#breadcrumb\",\"itemListElement\":[{\"@type\":\"ListItem\",\"position\":1,\"name\":\"Home\",\"item\":\"https:\/\/fiajewels.it\/\"},{\"@type\":\"ListItem\",\"position\":2,\"name\":\"Shop\",\"item\":\"https:\/\/fiajewels.it\/negozio\/\"},{\"@type\":\"ListItem\",\"position\":3,\"name\":\"Collana D\u00e9collet\u00e9 Agata Blu Variegata e Perle Naturali\"}]},{\"@type\":\"WebSite\",\"@id\":\"https:\/\/fiajewels.it\/#website\",\"url\":\"https:\/\/fiajewels.it\/\",\"name\":\"FiaJewels\",\"description\":\"\",\"publisher\":{\"@id\":\"https:\/\/fiajewels.it\/#\/schema\/person\/2c57907c80620d109c8a7ad1ad6e0c4e\"},\"potentialAction\":[{\"@type\":\"SearchAction\",\"target\":{\"@type\":\"EntryPoint\",\"urlTemplate\":\"https:\/\/fiajewels.it\/?s={search_term_string}\"},\"query-input\":{\"@type\":\"PropertyValueSpecification\",\"valueRequired\":true,\"valueName\":\"search_term_string\"}}],\"inLanguage\":\"en-GB\"},{\"@type\":[\"Person\",\"Organization\"],\"@id\":\"https:\/\/fiajewels.it\/#\/schema\/person\/2c57907c80620d109c8a7ad1ad6e0c4e\",\"name\":\"FiaJewels\",\"image\":{\"@type\":\"ImageObject\",\"inLanguage\":\"en-GB\",\"@id\":\"https:\/\/fiajewels.it\/#\/schema\/person\/image\/\",\"url\":\"https:\/\/secure.gravatar.com\/avatar\/b9a386afa40b1775488d216d9f973cb34fb853546ac7d5681edead69ac4dfde1?s=96&d=mm&r=g\",\"contentUrl\":\"https:\/\/secure.gravatar.com\/avatar\/b9a386afa40b1775488d216d9f973cb34fb853546ac7d5681edead69ac4dfde1?s=96&d=mm&r=g\",\"caption\":\"FiaJewels\"},\"logo\":{\"@id\":\"https:\/\/fiajewels.it\/#\/schema\/person\/image\/\"}}]}<\/script>\n<!-- \/ Yoast SEO plugin. -->","yoast_head_json":{"title":"Collana D\u00e9collet\u00e9 Agata Blu Variegata e Perle Naturali - FiaJewels","description":"Collana D\u00e9collet\u00e9 Agata Blu Variegata e Perle Naturali Collana in Agata blu da 12\/13 mm, arricchita da grappoli laterali in perle naturali con perla","robots":{"index":"index","follow":"follow","max-snippet":"max-snippet:-1","max-image-preview":"max-image-preview:large","max-video-preview":"max-video-preview:-1"},"canonical":"https:\/\/fiajewels.it\/en\/product\/collana-decollete-agata-blu-variegata-e-perle-naturali\/","og_locale":"en_GB","og_type":"article","og_title":"Collana D\u00e9collet\u00e9 Agata Blu Variegata e Perle Naturali - FiaJewels","og_description":"Collana D\u00e9collet\u00e9 Agata Blu Variegata e Perle Naturali Collana in Agata blu da 12\/13 mm, arricchita da grappoli laterali in perle naturali con perla","og_url":"https:\/\/fiajewels.it\/en\/product\/collana-decollete-agata-blu-variegata-e-perle-naturali\/","og_site_name":"FiaJewels","article_modified_time":"2025-12-23T10:51:48+00:00","og_image":[{"width":832,"height":1248,"url":"https:\/\/fiajewels.it\/wp-content\/uploads\/2025\/12\/COLLANA-BLU-PERLE-PIASTRA-GRAPPOLI-ARTIGIANALE-5.png","type":"image\/png"}],"twitter_card":"summary_large_image","twitter_misc":{"Estimated reading time":"1 minute"},"schema":{"@context":"https:\/\/schema.org","@graph":[{"@type":"WebPage","@id":"https:\/\/fiajewels.it\/prodotto\/collana-decollete-agata-blu-variegata-e-perle-naturali\/","url":"https:\/\/fiajewels.it\/prodotto\/collana-decollete-agata-blu-variegata-e-perle-naturali\/","name":"Collana D\u00e9collet\u00e9 Agata Blu Variegata e Perle Naturali - FiaJewels","isPartOf":{"@id":"https:\/\/fiajewels.it\/#website"},"primaryImageOfPage":{"@id":"https:\/\/fiajewels.it\/prodotto\/collana-decollete-agata-blu-variegata-e-perle-naturali\/#primaryimage"},"image":{"@id":"https:\/\/fiajewels.it\/prodotto\/collana-decollete-agata-blu-variegata-e-perle-naturali\/#primaryimage"},"thumbnailUrl":"https:\/\/fiajewels.it\/wp-content\/uploads\/2025\/12\/COLLANA-BLU-PERLE-PIASTRA-GRAPPOLI-ARTIGIANALE-5.png","datePublished":"2025-12-22T19:26:31+00:00","dateModified":"2025-12-23T10:51:48+00:00","description":"Collana D\u00e9collet\u00e9 Agata Blu Variegata e Perle Naturali Collana in Agata blu da 12\/13 mm, arricchita da grappoli laterali in perle naturali con perla","breadcrumb":{"@id":"https:\/\/fiajewels.it\/prodotto\/collana-decollete-agata-blu-variegata-e-perle-naturali\/#breadcrumb"},"inLanguage":"en-GB","potentialAction":[{"@type":"ReadAction","target":["https:\/\/fiajewels.it\/prodotto\/collana-decollete-agata-blu-variegata-e-perle-naturali\/"]}]},{"@type":"ImageObject","inLanguage":"en-GB","@id":"https:\/\/fiajewels.it\/prodotto\/collana-decollete-agata-blu-variegata-e-perle-naturali\/#primaryimage","url":"https:\/\/fiajewels.it\/wp-content\/uploads\/2025\/12\/COLLANA-BLU-PERLE-PIASTRA-GRAPPOLI-ARTIGIANALE-5.png","contentUrl":"https:\/\/fiajewels.it\/wp-content\/uploads\/2025\/12\/COLLANA-BLU-PERLE-PIASTRA-GRAPPOLI-ARTIGIANALE-5.png","width":832,"height":1248},{"@type":"BreadcrumbList","@id":"https:\/\/fiajewels.it\/prodotto\/collana-decollete-agata-blu-variegata-e-perle-naturali\/#breadcrumb","itemListElement":[{"@type":"ListItem","position":1,"name":"Home","item":"https:\/\/fiajewels.it\/"},{"@type":"ListItem","position":2,"name":"Shop","item":"https:\/\/fiajewels.it\/negozio\/"},{"@type":"ListItem","position":3,"name":"Collana D\u00e9collet\u00e9 Agata Blu Variegata e Perle Naturali"}]},{"@type":"WebSite","@id":"https:\/\/fiajewels.it\/#website","url":"https:\/\/fiajewels.it\/","name":"FiaJewels","description":"","publisher":{"@id":"https:\/\/fiajewels.it\/#\/schema\/person\/2c57907c80620d109c8a7ad1ad6e0c4e"},"potentialAction":[{"@type":"SearchAction","target":{"@type":"EntryPoint","urlTemplate":"https:\/\/fiajewels.it\/?s={search_term_string}"},"query-input":{"@type":"PropertyValueSpecification","valueRequired":true,"valueName":"search_term_string"}}],"inLanguage":"en-GB"},{"@type":["Person","Organization"],"@id":"https:\/\/fiajewels.it\/#\/schema\/person\/2c57907c80620d109c8a7ad1ad6e0c4e","name":"FiaJewels","image":{"@type":"ImageObject","inLanguage":"en-GB","@id":"https:\/\/fiajewels.it\/#\/schema\/person\/image\/","url":"https:\/\/secure.gravatar.com\/avatar\/b9a386afa40b1775488d216d9f973cb34fb853546ac7d5681edead69ac4dfde1?s=96&d=mm&r=g","contentUrl":"https:\/\/secure.gravatar.com\/avatar\/b9a386afa40b1775488d216d9f973cb34fb853546ac7d5681edead69ac4dfde1?s=96&d=mm&r=g","caption":"FiaJewels"},"logo":{"@id":"https:\/\/fiajewels.it\/#\/schema\/person\/image\/"}}]}},"_links":{"self":[{"href":"https:\/\/fiajewels.it\/en\/wp-json\/wp\/v2\/product\/38560","targetHints":{"allow":["GET"]}}],"collection":[{"href":"https:\/\/fiajewels.it\/en\/wp-json\/wp\/v2\/product"}],"about":[{"href":"https:\/\/fiajewels.it\/en\/wp-json\/wp\/v2\/types\/product"}],"wp:featuredmedia":[{"embeddable":true,"href":"https:\/\/fiajewels.it\/en\/wp-json\/wp\/v2\/media\/38566"}],"wp:attachment":[{"href":"https:\/\/fiajewels.it\/en\/wp-json\/wp\/v2\/media?parent=38560"}],"wp:term":[{"taxonomy":"product_brand","embeddable":true,"href":"https:\/\/fiajewels.it\/en\/wp-json\/wp\/v2\/product_brand?post=38560"},{"taxonomy":"product_cat","embeddable":true,"href":"https:\/\/fiajewels.it\/en\/wp-json\/wp\/v2\/product_cat?post=38560"},{"taxonomy":"product_tag","embeddable":true,"href":"https:\/\/fiajewels.it\/en\/wp-json\/wp\/v2\/product_tag?post=38560"}],"curies":[{"name":"wp","href":"https:\/\/api.w.org\/{rel}","templated":true}]}}