{"id":38508,"date":"2025-12-22T15:01:43","date_gmt":"2025-12-22T14:01:43","guid":{"rendered":"https:\/\/fiajewels.it\/?post_type=product&#038;p=38508"},"modified":"2025-12-25T20:26:50","modified_gmt":"2025-12-25T19:26:50","slug":"collana-lunga-ambra-citrino-crisocolla-corno-argento-925","status":"publish","type":"product","link":"https:\/\/fiajewels.it\/en\/product\/collana-lunga-ambra-citrino-crisocolla-corno-argento-925\/","title":{"rendered":"Long Amber Citrine Chrysocolla Horn Necklace 925 Silver"},"content":{"rendered":"<p>Long Amber Citrine Chrysocolla Horn Necklace 925 Silver<\/p>\n<p>Add a touch of elegance and charm to your look with this elegant long necklace with bright top quality stones: Amber, Citrine Quartz, Chrysocolla, alternating with horn rings and gold-plated 925 silver chains.<\/p>\n<p>The finishes are in 925 silver gold plated<\/p>\n<p>Material: Amber, citrine quartz, chrysocolla, horn, gold-plated 925 silver<\/p>\n<p>Color: multi<\/p>\n<h4>Length: 90 cm, has no closure<\/h4>\n<p>&nbsp;<\/p>\n<p>&nbsp;<\/p>","protected":false},"excerpt":{"rendered":"<article class=\"text-token-text-primary w-full focus:outline-none [--shadow-height:45px] has-data-writing-block:pointer-events-none has-data-writing-block:-mt-(--shadow-height) has-data-writing-block:pt-(--shadow-height) [&amp;:has([data-writing-block])&gt;*]:pointer-events-auto scroll-mt-[calc(var(--header-height)+min(200px,max(70px,20svh)))]\" dir=\"auto\" tabindex=\"-1\" data-turn-id=\"7c2c0a64-8dc7-4bb0-a76f-480b87ad803a\" data-testid=\"conversation-turn-2\" data-scroll-anchor=\"true\" data-turn=\"assistant\">\n<div class=\"text-base my-auto mx-auto pb-10 [--thread-content-margin:--spacing(4)] thread-sm:[--thread-content-margin:--spacing(6)] thread-lg:[--thread-content-margin:--spacing(16)] px-(--thread-content-margin)\">\n<div class=\"[--thread-content-max-width:40rem] thread-lg:[--thread-content-max-width:48rem] mx-auto max-w-(--thread-content-max-width) flex-1 group\/turn-messages focus-visible:outline-hidden relative flex w-full min-w-0 flex-col agent-turn\" tabindex=\"-1\">\n<div class=\"flex max-w-full flex-col grow\">\n<div class=\"min-h-8 text-message relative flex w-full flex-col items-end gap-2 text-start break-words whitespace-normal [.text-message+&amp;]:mt-1\" dir=\"auto\" data-message-author-role=\"assistant\" data-message-id=\"6673f475-8e81-4b42-8501-5dfed8cbae55\" data-message-model-slug=\"gpt-5-1\">\n<div class=\"flex w-full flex-col gap-1 empty:hidden first:pt-[1px]\">\n<div class=\"markdown prose dark:prose-invert w-full break-words light markdown-new-styling\">\n<p data-start=\"163\" data-end=\"497\">Collana lunga artigianale dal carattere raffinato e naturale, realizzata con una selezione di pietre top quality: Ambra, Quarzo Citrino e Crisocolla, abbinate ad anelli in corno e delicate catenine in argento 925 placcato oro.<br data-start=\"389\" data-end=\"392\" \/>Un gioiello luminoso e armonioso, pensato per donne che amano distinguersi con stile e personalit\u00e0 \ud83d\udc9b\ud83c\udf3f<\/p>\n<p data-start=\"499\" data-end=\"634\">Lunga 90 cm e senza chiusura, si indossa con naturalezza ed \u00e8 perfetta per valorizzare ogni outfit, dal pi\u00f9 semplice al pi\u00f9 ricercato \u2728<\/p>\n<\/div>\n<\/div>\n<\/div>\n<\/div>\n<\/div>\n<\/div>\n<\/article>\n","protected":false},"featured_media":38514,"template":"","meta":{"_joinchat":[]},"product_brand":[],"product_cat":[34,43,1016],"product_tag":[58,766,191,1390,201,1405,995,1223,193,197,1406,75,438,166,186],"class_list":{"0":"post-38508","1":"product","2":"type-product","3":"status-publish","4":"has-post-thumbnail","6":"product_cat-collane","7":"product_cat-collane-collane","8":"product_cat-novita","9":"product_tag-argento","10":"product_tag-citrino","11":"product_tag-collana-di-moda","12":"product_tag-collana-elegante","13":"product_tag-collana-lunga","14":"product_tag-collana-per-lei","15":"product_tag-corno","16":"product_tag-crisocolla","17":"product_tag-giada","18":"product_tag-gioielli-di-moda","19":"product_tag-gioielli-per-lei","20":"product_tag-nero","21":"product_tag-quarzo","22":"product_tag-quarzo-citrino","23":"product_tag-regalo-per-lei","24":"product_shipping_class-350-1000g","26":"first","27":"outofstock","28":"shipping-taxable","29":"purchasable","30":"product-type-simple"},"yoast_head":"<!-- This site is optimized with the Yoast SEO plugin v27.1.1 - https:\/\/yoast.com\/product\/yoast-seo-wordpress\/ -->\n<title>Collana Lunga Ambra Citrino Crisocolla Corno Argento 925 - FiaJewels<\/title>\n<meta name=\"description\" content=\"Collana Lunga Ambra Citrino Crisocolla Corno Argento 925 Aggiungi un tocco di eleganza e fascino al tuo look con questa elegante collana lunga con\" \/>\n<meta name=\"robots\" content=\"index, follow, max-snippet:-1, max-image-preview:large, max-video-preview:-1\" \/>\n<link rel=\"canonical\" href=\"https:\/\/fiajewels.it\/en\/product\/collana-lunga-ambra-citrino-crisocolla-corno-argento-925\/\" \/>\n<meta property=\"og:locale\" content=\"en_GB\" \/>\n<meta property=\"og:type\" content=\"article\" \/>\n<meta property=\"og:title\" content=\"Collana Lunga Ambra Citrino Crisocolla Corno Argento 925 - FiaJewels\" \/>\n<meta property=\"og:description\" content=\"Collana Lunga Ambra Citrino Crisocolla Corno Argento 925 Aggiungi un tocco di eleganza e fascino al tuo look con questa elegante collana lunga con\" \/>\n<meta property=\"og:url\" content=\"https:\/\/fiajewels.it\/en\/product\/collana-lunga-ambra-citrino-crisocolla-corno-argento-925\/\" \/>\n<meta property=\"og:site_name\" content=\"FiaJewels\" \/>\n<meta property=\"article:modified_time\" content=\"2025-12-25T19:26:50+00:00\" \/>\n<meta property=\"og:image\" content=\"https:\/\/fiajewels.it\/wp-content\/uploads\/2025\/12\/COLLANA-LUNGA-CORNO-CRISOCOLLA-AMBRA-CITRINO.png\" \/>\n\t<meta property=\"og:image:width\" content=\"832\" \/>\n\t<meta property=\"og:image:height\" content=\"1248\" \/>\n\t<meta property=\"og:image:type\" content=\"image\/png\" \/>\n<meta name=\"twitter:card\" content=\"summary_large_image\" \/>\n<meta name=\"twitter:label1\" content=\"Estimated reading time\" \/>\n\t<meta name=\"twitter:data1\" content=\"1 minute\" \/>\n<script type=\"application\/ld+json\" class=\"yoast-schema-graph\">{\"@context\":\"https:\/\/schema.org\",\"@graph\":[{\"@type\":\"WebPage\",\"@id\":\"https:\/\/fiajewels.it\/prodotto\/collana-lunga-ambra-citrino-crisocolla-corno-argento-925\/\",\"url\":\"https:\/\/fiajewels.it\/prodotto\/collana-lunga-ambra-citrino-crisocolla-corno-argento-925\/\",\"name\":\"Collana Lunga Ambra Citrino Crisocolla Corno Argento 925 - FiaJewels\",\"isPartOf\":{\"@id\":\"https:\/\/fiajewels.it\/#website\"},\"primaryImageOfPage\":{\"@id\":\"https:\/\/fiajewels.it\/prodotto\/collana-lunga-ambra-citrino-crisocolla-corno-argento-925\/#primaryimage\"},\"image\":{\"@id\":\"https:\/\/fiajewels.it\/prodotto\/collana-lunga-ambra-citrino-crisocolla-corno-argento-925\/#primaryimage\"},\"thumbnailUrl\":\"https:\/\/fiajewels.it\/wp-content\/uploads\/2025\/12\/COLLANA-LUNGA-CORNO-CRISOCOLLA-AMBRA-CITRINO.png\",\"datePublished\":\"2025-12-22T14:01:43+00:00\",\"dateModified\":\"2025-12-25T19:26:50+00:00\",\"description\":\"Collana Lunga Ambra Citrino Crisocolla Corno Argento 925 Aggiungi un tocco di eleganza e fascino al tuo look con questa elegante collana lunga con\",\"breadcrumb\":{\"@id\":\"https:\/\/fiajewels.it\/prodotto\/collana-lunga-ambra-citrino-crisocolla-corno-argento-925\/#breadcrumb\"},\"inLanguage\":\"en-GB\",\"potentialAction\":[{\"@type\":\"ReadAction\",\"target\":[\"https:\/\/fiajewels.it\/prodotto\/collana-lunga-ambra-citrino-crisocolla-corno-argento-925\/\"]}]},{\"@type\":\"ImageObject\",\"inLanguage\":\"en-GB\",\"@id\":\"https:\/\/fiajewels.it\/prodotto\/collana-lunga-ambra-citrino-crisocolla-corno-argento-925\/#primaryimage\",\"url\":\"https:\/\/fiajewels.it\/wp-content\/uploads\/2025\/12\/COLLANA-LUNGA-CORNO-CRISOCOLLA-AMBRA-CITRINO.png\",\"contentUrl\":\"https:\/\/fiajewels.it\/wp-content\/uploads\/2025\/12\/COLLANA-LUNGA-CORNO-CRISOCOLLA-AMBRA-CITRINO.png\",\"width\":832,\"height\":1248},{\"@type\":\"BreadcrumbList\",\"@id\":\"https:\/\/fiajewels.it\/prodotto\/collana-lunga-ambra-citrino-crisocolla-corno-argento-925\/#breadcrumb\",\"itemListElement\":[{\"@type\":\"ListItem\",\"position\":1,\"name\":\"Home\",\"item\":\"https:\/\/fiajewels.it\/\"},{\"@type\":\"ListItem\",\"position\":2,\"name\":\"Shop\",\"item\":\"https:\/\/fiajewels.it\/negozio\/\"},{\"@type\":\"ListItem\",\"position\":3,\"name\":\"Collana Lunga Ambra Citrino Crisocolla Corno Argento 925\"}]},{\"@type\":\"WebSite\",\"@id\":\"https:\/\/fiajewels.it\/#website\",\"url\":\"https:\/\/fiajewels.it\/\",\"name\":\"FiaJewels\",\"description\":\"\",\"publisher\":{\"@id\":\"https:\/\/fiajewels.it\/#\/schema\/person\/2c57907c80620d109c8a7ad1ad6e0c4e\"},\"potentialAction\":[{\"@type\":\"SearchAction\",\"target\":{\"@type\":\"EntryPoint\",\"urlTemplate\":\"https:\/\/fiajewels.it\/?s={search_term_string}\"},\"query-input\":{\"@type\":\"PropertyValueSpecification\",\"valueRequired\":true,\"valueName\":\"search_term_string\"}}],\"inLanguage\":\"en-GB\"},{\"@type\":[\"Person\",\"Organization\"],\"@id\":\"https:\/\/fiajewels.it\/#\/schema\/person\/2c57907c80620d109c8a7ad1ad6e0c4e\",\"name\":\"FiaJewels\",\"image\":{\"@type\":\"ImageObject\",\"inLanguage\":\"en-GB\",\"@id\":\"https:\/\/fiajewels.it\/#\/schema\/person\/image\/\",\"url\":\"https:\/\/secure.gravatar.com\/avatar\/b9a386afa40b1775488d216d9f973cb34fb853546ac7d5681edead69ac4dfde1?s=96&d=mm&r=g\",\"contentUrl\":\"https:\/\/secure.gravatar.com\/avatar\/b9a386afa40b1775488d216d9f973cb34fb853546ac7d5681edead69ac4dfde1?s=96&d=mm&r=g\",\"caption\":\"FiaJewels\"},\"logo\":{\"@id\":\"https:\/\/fiajewels.it\/#\/schema\/person\/image\/\"}}]}<\/script>\n<!-- \/ Yoast SEO plugin. -->","yoast_head_json":{"title":"Collana Lunga Ambra Citrino Crisocolla Corno Argento 925 - FiaJewels","description":"Collana Lunga Ambra Citrino Crisocolla Corno Argento 925 Aggiungi un tocco di eleganza e fascino al tuo look con questa elegante collana lunga con","robots":{"index":"index","follow":"follow","max-snippet":"max-snippet:-1","max-image-preview":"max-image-preview:large","max-video-preview":"max-video-preview:-1"},"canonical":"https:\/\/fiajewels.it\/en\/product\/collana-lunga-ambra-citrino-crisocolla-corno-argento-925\/","og_locale":"en_GB","og_type":"article","og_title":"Collana Lunga Ambra Citrino Crisocolla Corno Argento 925 - FiaJewels","og_description":"Collana Lunga Ambra Citrino Crisocolla Corno Argento 925 Aggiungi un tocco di eleganza e fascino al tuo look con questa elegante collana lunga con","og_url":"https:\/\/fiajewels.it\/en\/product\/collana-lunga-ambra-citrino-crisocolla-corno-argento-925\/","og_site_name":"FiaJewels","article_modified_time":"2025-12-25T19:26:50+00:00","og_image":[{"width":832,"height":1248,"url":"https:\/\/fiajewels.it\/wp-content\/uploads\/2025\/12\/COLLANA-LUNGA-CORNO-CRISOCOLLA-AMBRA-CITRINO.png","type":"image\/png"}],"twitter_card":"summary_large_image","twitter_misc":{"Estimated reading time":"1 minute"},"schema":{"@context":"https:\/\/schema.org","@graph":[{"@type":"WebPage","@id":"https:\/\/fiajewels.it\/prodotto\/collana-lunga-ambra-citrino-crisocolla-corno-argento-925\/","url":"https:\/\/fiajewels.it\/prodotto\/collana-lunga-ambra-citrino-crisocolla-corno-argento-925\/","name":"Collana Lunga Ambra Citrino Crisocolla Corno Argento 925 - FiaJewels","isPartOf":{"@id":"https:\/\/fiajewels.it\/#website"},"primaryImageOfPage":{"@id":"https:\/\/fiajewels.it\/prodotto\/collana-lunga-ambra-citrino-crisocolla-corno-argento-925\/#primaryimage"},"image":{"@id":"https:\/\/fiajewels.it\/prodotto\/collana-lunga-ambra-citrino-crisocolla-corno-argento-925\/#primaryimage"},"thumbnailUrl":"https:\/\/fiajewels.it\/wp-content\/uploads\/2025\/12\/COLLANA-LUNGA-CORNO-CRISOCOLLA-AMBRA-CITRINO.png","datePublished":"2025-12-22T14:01:43+00:00","dateModified":"2025-12-25T19:26:50+00:00","description":"Collana Lunga Ambra Citrino Crisocolla Corno Argento 925 Aggiungi un tocco di eleganza e fascino al tuo look con questa elegante collana lunga con","breadcrumb":{"@id":"https:\/\/fiajewels.it\/prodotto\/collana-lunga-ambra-citrino-crisocolla-corno-argento-925\/#breadcrumb"},"inLanguage":"en-GB","potentialAction":[{"@type":"ReadAction","target":["https:\/\/fiajewels.it\/prodotto\/collana-lunga-ambra-citrino-crisocolla-corno-argento-925\/"]}]},{"@type":"ImageObject","inLanguage":"en-GB","@id":"https:\/\/fiajewels.it\/prodotto\/collana-lunga-ambra-citrino-crisocolla-corno-argento-925\/#primaryimage","url":"https:\/\/fiajewels.it\/wp-content\/uploads\/2025\/12\/COLLANA-LUNGA-CORNO-CRISOCOLLA-AMBRA-CITRINO.png","contentUrl":"https:\/\/fiajewels.it\/wp-content\/uploads\/2025\/12\/COLLANA-LUNGA-CORNO-CRISOCOLLA-AMBRA-CITRINO.png","width":832,"height":1248},{"@type":"BreadcrumbList","@id":"https:\/\/fiajewels.it\/prodotto\/collana-lunga-ambra-citrino-crisocolla-corno-argento-925\/#breadcrumb","itemListElement":[{"@type":"ListItem","position":1,"name":"Home","item":"https:\/\/fiajewels.it\/"},{"@type":"ListItem","position":2,"name":"Shop","item":"https:\/\/fiajewels.it\/negozio\/"},{"@type":"ListItem","position":3,"name":"Collana Lunga Ambra Citrino Crisocolla Corno Argento 925"}]},{"@type":"WebSite","@id":"https:\/\/fiajewels.it\/#website","url":"https:\/\/fiajewels.it\/","name":"FiaJewels","description":"","publisher":{"@id":"https:\/\/fiajewels.it\/#\/schema\/person\/2c57907c80620d109c8a7ad1ad6e0c4e"},"potentialAction":[{"@type":"SearchAction","target":{"@type":"EntryPoint","urlTemplate":"https:\/\/fiajewels.it\/?s={search_term_string}"},"query-input":{"@type":"PropertyValueSpecification","valueRequired":true,"valueName":"search_term_string"}}],"inLanguage":"en-GB"},{"@type":["Person","Organization"],"@id":"https:\/\/fiajewels.it\/#\/schema\/person\/2c57907c80620d109c8a7ad1ad6e0c4e","name":"FiaJewels","image":{"@type":"ImageObject","inLanguage":"en-GB","@id":"https:\/\/fiajewels.it\/#\/schema\/person\/image\/","url":"https:\/\/secure.gravatar.com\/avatar\/b9a386afa40b1775488d216d9f973cb34fb853546ac7d5681edead69ac4dfde1?s=96&d=mm&r=g","contentUrl":"https:\/\/secure.gravatar.com\/avatar\/b9a386afa40b1775488d216d9f973cb34fb853546ac7d5681edead69ac4dfde1?s=96&d=mm&r=g","caption":"FiaJewels"},"logo":{"@id":"https:\/\/fiajewels.it\/#\/schema\/person\/image\/"}}]}},"_links":{"self":[{"href":"https:\/\/fiajewels.it\/en\/wp-json\/wp\/v2\/product\/38508","targetHints":{"allow":["GET"]}}],"collection":[{"href":"https:\/\/fiajewels.it\/en\/wp-json\/wp\/v2\/product"}],"about":[{"href":"https:\/\/fiajewels.it\/en\/wp-json\/wp\/v2\/types\/product"}],"wp:featuredmedia":[{"embeddable":true,"href":"https:\/\/fiajewels.it\/en\/wp-json\/wp\/v2\/media\/38514"}],"wp:attachment":[{"href":"https:\/\/fiajewels.it\/en\/wp-json\/wp\/v2\/media?parent=38508"}],"wp:term":[{"taxonomy":"product_brand","embeddable":true,"href":"https:\/\/fiajewels.it\/en\/wp-json\/wp\/v2\/product_brand?post=38508"},{"taxonomy":"product_cat","embeddable":true,"href":"https:\/\/fiajewels.it\/en\/wp-json\/wp\/v2\/product_cat?post=38508"},{"taxonomy":"product_tag","embeddable":true,"href":"https:\/\/fiajewels.it\/en\/wp-json\/wp\/v2\/product_tag?post=38508"}],"curies":[{"name":"wp","href":"https:\/\/api.w.org\/{rel}","templated":true}]}}