{"id":29143,"date":"2025-05-31T16:38:06","date_gmt":"2025-05-31T14:38:06","guid":{"rendered":"https:\/\/fiajewels.it\/?post_type=product&#038;p=29143"},"modified":"2025-11-01T20:59:04","modified_gmt":"2025-11-01T19:59:04","slug":"collana-siciliana-testa-di-moro-in-ceramica-con-azzurrite-e-perle","status":"publish","type":"product","link":"https:\/\/fiajewels.it\/en\/product\/collana-siciliana-testa-di-moro-in-ceramica-con-azzurrite-e-perle\/","title":{"rendered":"Sicilian Moor&#039;s Head Necklace in Ceramic with Azurite and Pearls"},"content":{"rendered":"<p>Sicilian Moor&#039;s Head Necklace in Ceramic with Azurite and Pearls<\/p>\n<p>D\u00e9collet\u00e9 necklace in natural azurite of approximately 12 mm, with a 4 x 3 cm Caltagirone ceramic Moor&#039;s Head, hand-crafted and decorated with pure gold, enriched with clusters of azurite and natural pearls.<br \/>\nKnotting between the stones.<\/p>\n<p>It is 72 cm long without closure, so perfect for those with metal allergies.<\/p>","protected":false},"excerpt":{"rendered":"<p data-start=\"63\" data-end=\"125\"><strong data-start=\"63\" data-end=\"125\">Collana con Testa di Moro in Ceramica e Azzurrite Naturale<\/strong><\/p>\n<article class=\"text-token-text-primary w-full\" dir=\"auto\" data-testid=\"conversation-turn-177\" data-scroll-anchor=\"true\">\n<div class=\"text-base my-auto mx-auto py-5 [--thread-content-margin:--spacing(4)] @[37rem]:[--thread-content-margin:--spacing(6)] @[72rem]:[--thread-content-margin:--spacing(16)] px-(--thread-content-margin)\">\n<div class=\"[--thread-content-max-width:32rem] @[34rem]:[--thread-content-max-width:40rem] @[64rem]:[--thread-content-max-width:48rem] mx-auto flex max-w-(--thread-content-max-width) flex-1 text-base gap-4 md:gap-5 lg:gap-6 group\/turn-messages focus-visible:outline-hidden\" tabindex=\"-1\">\n<div class=\"group\/conversation-turn relative flex w-full min-w-0 flex-col agent-turn\">\n<div class=\"relative flex-col gap-1 md:gap-3\">\n<div class=\"flex max-w-full flex-col grow\">\n<div class=\"min-h-8 text-message relative flex w-full flex-col items-end gap-2 text-start break-words whitespace-normal [.text-message+&amp;]:mt-5\" dir=\"auto\" data-message-author-role=\"assistant\" data-message-id=\"daa479bf-3f9c-491e-8303-a840a9eb5e74\" data-message-model-slug=\"gpt-4o\">\n<div class=\"flex w-full flex-col gap-1 empty:hidden first:pt-[3px]\">\n<div class=\"markdown prose dark:prose-invert w-full break-words light\">\n<p data-start=\"215\" data-end=\"262\">Un gioiello che racconta l\u2019anima della Sicilia.<\/p>\n<p data-start=\"264\" data-end=\"478\">Questa collana d\u00e9collet\u00e9 \u00e8 realizzata con <strong data-start=\"302\" data-end=\"336\">azzurrite naturale sfaccettata<\/strong> da 12 mm, con sfumature uniche tra il blu profondo e il verde intenso. Ogni pietra \u00e8 <strong data-start=\"422\" data-end=\"441\">annodata a mano<\/strong> per garantire eleganza e resistenza.<\/p>\n<p data-start=\"480\" data-end=\"715\">Sul lato spicca una preziosa <strong data-start=\"509\" data-end=\"553\">Testa di Moro Uomo in ceramica di Caltagirone<\/strong>, interamente <strong data-start=\"567\" data-end=\"613\">dipinta e decorata a mano con oro zecchino<\/strong>. A incorniciare il ciondolo, un <strong data-start=\"646\" data-end=\"688\">grappolo di perle naturali e azzurrite<\/strong> che dona movimento e luce.<\/p>\n<p data-start=\"717\" data-end=\"804\">Senza chiusura, si infila comodamente ed \u00e8 ideale anche per chi ha allergie ai metalli.<\/p>\n<p data-start=\"806\" data-end=\"1001\">\u00c8 la collana perfetta da indossare:<br data-start=\"841\" data-end=\"844\" \/>\u2013 Con abiti tinta unita per far risaltare i colori<br data-start=\"894\" data-end=\"897\" \/>\u2013 Su un maxi dress per un tocco artistico e siciliano<br data-start=\"950\" data-end=\"953\" \/>\u2013 Con camicie o maglie basic per renderle uniche<\/p>\n<hr data-start=\"1003\" data-end=\"1006\" \/>\n<h3 data-start=\"1008\" data-end=\"1022\">Dettagli<\/h3>\n<p data-start=\"1023\" data-end=\"1257\">\u2705 Lunghezza: 72 cm<br data-start=\"1041\" data-end=\"1044\" \/>\u2705 Sfere in azzurrite naturale da 12 mm<br data-start=\"1082\" data-end=\"1085\" \/>\u2705 Testa di Moro in ceramica di Caltagirone (4\u00d73 cm)<br data-start=\"1136\" data-end=\"1139\" \/>\u2705 Grappoli con perle naturali<br data-start=\"1168\" data-end=\"1171\" \/>\u2705 Senza chiusura, perfetta per pelli sensibili<br data-start=\"1217\" data-end=\"1220\" \/>\u2705 Lavorazione artigianale siciliana<\/p>\n<p data-start=\"1259\" data-end=\"1341\" data-is-last-node=\"\" data-is-only-node=\"\">Un pezzo d\u2019arte da indossare, per chi ama i gioielli con una storia da raccontare<\/p>\n<\/div>\n<\/div>\n<\/div>\n<\/div>\n<\/div>\n<\/div>\n<\/div>\n<\/div>\n<\/article>\n","protected":false},"featured_media":29145,"template":"","meta":{"_joinchat":[]},"product_brand":[],"product_cat":[34,43,45,707],"product_tag":[99,1565,103,199,219,220,296,180,188,1566,201,187,98,1564,214,102,186,208],"class_list":{"0":"post-29143","1":"product","2":"type-product","3":"status-publish","4":"has-post-thumbnail","6":"product_cat-collane","7":"product_cat-collane-collane","8":"product_cat-collane-siciliane","9":"product_cat-collane-testa-di-moro","10":"product_tag-artigianato-siciliano","11":"product_tag-azzurrite","12":"product_tag-ceramica-di-caltagirone","13":"product_tag-collana-artigianale","14":"product_tag-collana-ceramica","15":"product_tag-collana-ceramica-di-caltagirone","16":"product_tag-collana-con-testa-di-moro","17":"product_tag-collana-donna","18":"product_tag-collana-fatta-a-mano","19":"product_tag-collana-in-azzurrite","20":"product_tag-collana-lunga","21":"product_tag-collana-siciliana","22":"product_tag-gioielli-artigianali","23":"product_tag-gioielli-con-teste-di-moro","24":"product_tag-gioielli-siciliani","25":"product_tag-gioielli-unici","26":"product_tag-regalo-per-lei","27":"product_tag-testa-di-moro","28":"product_shipping_class-350-1000g","30":"first","31":"instock","32":"shipping-taxable","33":"purchasable","34":"product-type-simple"},"yoast_head":"<!-- This site is optimized with the Yoast SEO plugin v27.1.1 - https:\/\/yoast.com\/product\/yoast-seo-wordpress\/ -->\n<title>Collana Siciliana Testa di Moro in Ceramica con Azzurrite e Perle - FiaJewels<\/title>\n<meta name=\"description\" content=\"Collana Siciliana Testa di Moro in Ceramica con Azzurrite e Perle. Collana in azzurrite naturale da circa 12 mm, con Testa di Moro Uomo in ceramica\" \/>\n<meta name=\"robots\" content=\"index, follow, max-snippet:-1, max-image-preview:large, max-video-preview:-1\" \/>\n<link rel=\"canonical\" href=\"https:\/\/fiajewels.it\/en\/product\/collana-siciliana-testa-di-moro-in-ceramica-con-azzurrite-e-perle\/\" \/>\n<meta property=\"og:locale\" content=\"en_GB\" \/>\n<meta property=\"og:type\" content=\"article\" \/>\n<meta property=\"og:title\" content=\"Collana Siciliana Testa di Moro in Ceramica con Azzurrite e Perle - FiaJewels\" \/>\n<meta property=\"og:description\" content=\"Collana Siciliana Testa di Moro in Ceramica con Azzurrite e Perle. Collana in azzurrite naturale da circa 12 mm, con Testa di Moro Uomo in ceramica\" \/>\n<meta property=\"og:url\" content=\"https:\/\/fiajewels.it\/en\/product\/collana-siciliana-testa-di-moro-in-ceramica-con-azzurrite-e-perle\/\" \/>\n<meta property=\"og:site_name\" content=\"FiaJewels\" \/>\n<meta property=\"article:modified_time\" content=\"2025-11-01T19:59:04+00:00\" \/>\n<meta property=\"og:image\" content=\"https:\/\/fiajewels.it\/wp-content\/uploads\/2025\/05\/Collana-Siciliana-Testa-di-Moro-in-Ceramica-con-Azzurrite-e-Perle-2-scaled.jpg\" \/>\n\t<meta property=\"og:image:width\" content=\"1706\" \/>\n\t<meta property=\"og:image:height\" content=\"2560\" \/>\n\t<meta property=\"og:image:type\" content=\"image\/jpeg\" \/>\n<meta name=\"twitter:card\" content=\"summary_large_image\" \/>\n<meta name=\"twitter:label1\" content=\"Estimated reading time\" \/>\n\t<meta name=\"twitter:data1\" content=\"1 minute\" \/>\n<script type=\"application\/ld+json\" class=\"yoast-schema-graph\">{\"@context\":\"https:\/\/schema.org\",\"@graph\":[{\"@type\":\"WebPage\",\"@id\":\"https:\/\/fiajewels.it\/prodotto\/collana-siciliana-testa-di-moro-in-ceramica-con-azzurrite-e-perle\/\",\"url\":\"https:\/\/fiajewels.it\/prodotto\/collana-siciliana-testa-di-moro-in-ceramica-con-azzurrite-e-perle\/\",\"name\":\"Collana Siciliana Testa di Moro in Ceramica con Azzurrite e Perle - FiaJewels\",\"isPartOf\":{\"@id\":\"https:\/\/fiajewels.it\/#website\"},\"primaryImageOfPage\":{\"@id\":\"https:\/\/fiajewels.it\/prodotto\/collana-siciliana-testa-di-moro-in-ceramica-con-azzurrite-e-perle\/#primaryimage\"},\"image\":{\"@id\":\"https:\/\/fiajewels.it\/prodotto\/collana-siciliana-testa-di-moro-in-ceramica-con-azzurrite-e-perle\/#primaryimage\"},\"thumbnailUrl\":\"https:\/\/fiajewels.it\/wp-content\/uploads\/2025\/05\/Collana-Siciliana-Testa-di-Moro-in-Ceramica-con-Azzurrite-e-Perle-2-scaled.jpg\",\"datePublished\":\"2025-05-31T14:38:06+00:00\",\"dateModified\":\"2025-11-01T19:59:04+00:00\",\"description\":\"Collana Siciliana Testa di Moro in Ceramica con Azzurrite e Perle. Collana in azzurrite naturale da circa 12 mm, con Testa di Moro Uomo in ceramica\",\"breadcrumb\":{\"@id\":\"https:\/\/fiajewels.it\/prodotto\/collana-siciliana-testa-di-moro-in-ceramica-con-azzurrite-e-perle\/#breadcrumb\"},\"inLanguage\":\"en-GB\",\"potentialAction\":[{\"@type\":\"ReadAction\",\"target\":[\"https:\/\/fiajewels.it\/prodotto\/collana-siciliana-testa-di-moro-in-ceramica-con-azzurrite-e-perle\/\"]}]},{\"@type\":\"ImageObject\",\"inLanguage\":\"en-GB\",\"@id\":\"https:\/\/fiajewels.it\/prodotto\/collana-siciliana-testa-di-moro-in-ceramica-con-azzurrite-e-perle\/#primaryimage\",\"url\":\"https:\/\/fiajewels.it\/wp-content\/uploads\/2025\/05\/Collana-Siciliana-Testa-di-Moro-in-Ceramica-con-Azzurrite-e-Perle-2-scaled.jpg\",\"contentUrl\":\"https:\/\/fiajewels.it\/wp-content\/uploads\/2025\/05\/Collana-Siciliana-Testa-di-Moro-in-Ceramica-con-Azzurrite-e-Perle-2-scaled.jpg\",\"width\":1706,\"height\":2560},{\"@type\":\"BreadcrumbList\",\"@id\":\"https:\/\/fiajewels.it\/prodotto\/collana-siciliana-testa-di-moro-in-ceramica-con-azzurrite-e-perle\/#breadcrumb\",\"itemListElement\":[{\"@type\":\"ListItem\",\"position\":1,\"name\":\"Home\",\"item\":\"https:\/\/fiajewels.it\/\"},{\"@type\":\"ListItem\",\"position\":2,\"name\":\"Shop\",\"item\":\"https:\/\/fiajewels.it\/negozio\/\"},{\"@type\":\"ListItem\",\"position\":3,\"name\":\"Collana Siciliana Testa di Moro in Ceramica con Azzurrite e Perle\"}]},{\"@type\":\"WebSite\",\"@id\":\"https:\/\/fiajewels.it\/#website\",\"url\":\"https:\/\/fiajewels.it\/\",\"name\":\"FiaJewels\",\"description\":\"\",\"publisher\":{\"@id\":\"https:\/\/fiajewels.it\/#\/schema\/person\/2c57907c80620d109c8a7ad1ad6e0c4e\"},\"potentialAction\":[{\"@type\":\"SearchAction\",\"target\":{\"@type\":\"EntryPoint\",\"urlTemplate\":\"https:\/\/fiajewels.it\/?s={search_term_string}\"},\"query-input\":{\"@type\":\"PropertyValueSpecification\",\"valueRequired\":true,\"valueName\":\"search_term_string\"}}],\"inLanguage\":\"en-GB\"},{\"@type\":[\"Person\",\"Organization\"],\"@id\":\"https:\/\/fiajewels.it\/#\/schema\/person\/2c57907c80620d109c8a7ad1ad6e0c4e\",\"name\":\"FiaJewels\",\"image\":{\"@type\":\"ImageObject\",\"inLanguage\":\"en-GB\",\"@id\":\"https:\/\/fiajewels.it\/#\/schema\/person\/image\/\",\"url\":\"https:\/\/secure.gravatar.com\/avatar\/b9a386afa40b1775488d216d9f973cb34fb853546ac7d5681edead69ac4dfde1?s=96&d=mm&r=g\",\"contentUrl\":\"https:\/\/secure.gravatar.com\/avatar\/b9a386afa40b1775488d216d9f973cb34fb853546ac7d5681edead69ac4dfde1?s=96&d=mm&r=g\",\"caption\":\"FiaJewels\"},\"logo\":{\"@id\":\"https:\/\/fiajewels.it\/#\/schema\/person\/image\/\"}}]}<\/script>\n<!-- \/ Yoast SEO plugin. -->","yoast_head_json":{"title":"Collana Siciliana Testa di Moro in Ceramica con Azzurrite e Perle - FiaJewels","description":"Collana Siciliana Testa di Moro in Ceramica con Azzurrite e Perle. Collana in azzurrite naturale da circa 12 mm, con Testa di Moro Uomo in ceramica","robots":{"index":"index","follow":"follow","max-snippet":"max-snippet:-1","max-image-preview":"max-image-preview:large","max-video-preview":"max-video-preview:-1"},"canonical":"https:\/\/fiajewels.it\/en\/product\/collana-siciliana-testa-di-moro-in-ceramica-con-azzurrite-e-perle\/","og_locale":"en_GB","og_type":"article","og_title":"Collana Siciliana Testa di Moro in Ceramica con Azzurrite e Perle - FiaJewels","og_description":"Collana Siciliana Testa di Moro in Ceramica con Azzurrite e Perle. Collana in azzurrite naturale da circa 12 mm, con Testa di Moro Uomo in ceramica","og_url":"https:\/\/fiajewels.it\/en\/product\/collana-siciliana-testa-di-moro-in-ceramica-con-azzurrite-e-perle\/","og_site_name":"FiaJewels","article_modified_time":"2025-11-01T19:59:04+00:00","og_image":[{"width":1706,"height":2560,"url":"https:\/\/fiajewels.it\/wp-content\/uploads\/2025\/05\/Collana-Siciliana-Testa-di-Moro-in-Ceramica-con-Azzurrite-e-Perle-2-scaled.jpg","type":"image\/jpeg"}],"twitter_card":"summary_large_image","twitter_misc":{"Estimated reading time":"1 minute"},"schema":{"@context":"https:\/\/schema.org","@graph":[{"@type":"WebPage","@id":"https:\/\/fiajewels.it\/prodotto\/collana-siciliana-testa-di-moro-in-ceramica-con-azzurrite-e-perle\/","url":"https:\/\/fiajewels.it\/prodotto\/collana-siciliana-testa-di-moro-in-ceramica-con-azzurrite-e-perle\/","name":"Collana Siciliana Testa di Moro in Ceramica con Azzurrite e Perle - FiaJewels","isPartOf":{"@id":"https:\/\/fiajewels.it\/#website"},"primaryImageOfPage":{"@id":"https:\/\/fiajewels.it\/prodotto\/collana-siciliana-testa-di-moro-in-ceramica-con-azzurrite-e-perle\/#primaryimage"},"image":{"@id":"https:\/\/fiajewels.it\/prodotto\/collana-siciliana-testa-di-moro-in-ceramica-con-azzurrite-e-perle\/#primaryimage"},"thumbnailUrl":"https:\/\/fiajewels.it\/wp-content\/uploads\/2025\/05\/Collana-Siciliana-Testa-di-Moro-in-Ceramica-con-Azzurrite-e-Perle-2-scaled.jpg","datePublished":"2025-05-31T14:38:06+00:00","dateModified":"2025-11-01T19:59:04+00:00","description":"Collana Siciliana Testa di Moro in Ceramica con Azzurrite e Perle. Collana in azzurrite naturale da circa 12 mm, con Testa di Moro Uomo in ceramica","breadcrumb":{"@id":"https:\/\/fiajewels.it\/prodotto\/collana-siciliana-testa-di-moro-in-ceramica-con-azzurrite-e-perle\/#breadcrumb"},"inLanguage":"en-GB","potentialAction":[{"@type":"ReadAction","target":["https:\/\/fiajewels.it\/prodotto\/collana-siciliana-testa-di-moro-in-ceramica-con-azzurrite-e-perle\/"]}]},{"@type":"ImageObject","inLanguage":"en-GB","@id":"https:\/\/fiajewels.it\/prodotto\/collana-siciliana-testa-di-moro-in-ceramica-con-azzurrite-e-perle\/#primaryimage","url":"https:\/\/fiajewels.it\/wp-content\/uploads\/2025\/05\/Collana-Siciliana-Testa-di-Moro-in-Ceramica-con-Azzurrite-e-Perle-2-scaled.jpg","contentUrl":"https:\/\/fiajewels.it\/wp-content\/uploads\/2025\/05\/Collana-Siciliana-Testa-di-Moro-in-Ceramica-con-Azzurrite-e-Perle-2-scaled.jpg","width":1706,"height":2560},{"@type":"BreadcrumbList","@id":"https:\/\/fiajewels.it\/prodotto\/collana-siciliana-testa-di-moro-in-ceramica-con-azzurrite-e-perle\/#breadcrumb","itemListElement":[{"@type":"ListItem","position":1,"name":"Home","item":"https:\/\/fiajewels.it\/"},{"@type":"ListItem","position":2,"name":"Shop","item":"https:\/\/fiajewels.it\/negozio\/"},{"@type":"ListItem","position":3,"name":"Collana Siciliana Testa di Moro in Ceramica con Azzurrite e Perle"}]},{"@type":"WebSite","@id":"https:\/\/fiajewels.it\/#website","url":"https:\/\/fiajewels.it\/","name":"FiaJewels","description":"","publisher":{"@id":"https:\/\/fiajewels.it\/#\/schema\/person\/2c57907c80620d109c8a7ad1ad6e0c4e"},"potentialAction":[{"@type":"SearchAction","target":{"@type":"EntryPoint","urlTemplate":"https:\/\/fiajewels.it\/?s={search_term_string}"},"query-input":{"@type":"PropertyValueSpecification","valueRequired":true,"valueName":"search_term_string"}}],"inLanguage":"en-GB"},{"@type":["Person","Organization"],"@id":"https:\/\/fiajewels.it\/#\/schema\/person\/2c57907c80620d109c8a7ad1ad6e0c4e","name":"FiaJewels","image":{"@type":"ImageObject","inLanguage":"en-GB","@id":"https:\/\/fiajewels.it\/#\/schema\/person\/image\/","url":"https:\/\/secure.gravatar.com\/avatar\/b9a386afa40b1775488d216d9f973cb34fb853546ac7d5681edead69ac4dfde1?s=96&d=mm&r=g","contentUrl":"https:\/\/secure.gravatar.com\/avatar\/b9a386afa40b1775488d216d9f973cb34fb853546ac7d5681edead69ac4dfde1?s=96&d=mm&r=g","caption":"FiaJewels"},"logo":{"@id":"https:\/\/fiajewels.it\/#\/schema\/person\/image\/"}}]}},"_links":{"self":[{"href":"https:\/\/fiajewels.it\/en\/wp-json\/wp\/v2\/product\/29143","targetHints":{"allow":["GET"]}}],"collection":[{"href":"https:\/\/fiajewels.it\/en\/wp-json\/wp\/v2\/product"}],"about":[{"href":"https:\/\/fiajewels.it\/en\/wp-json\/wp\/v2\/types\/product"}],"wp:featuredmedia":[{"embeddable":true,"href":"https:\/\/fiajewels.it\/en\/wp-json\/wp\/v2\/media\/29145"}],"wp:attachment":[{"href":"https:\/\/fiajewels.it\/en\/wp-json\/wp\/v2\/media?parent=29143"}],"wp:term":[{"taxonomy":"product_brand","embeddable":true,"href":"https:\/\/fiajewels.it\/en\/wp-json\/wp\/v2\/product_brand?post=29143"},{"taxonomy":"product_cat","embeddable":true,"href":"https:\/\/fiajewels.it\/en\/wp-json\/wp\/v2\/product_cat?post=29143"},{"taxonomy":"product_tag","embeddable":true,"href":"https:\/\/fiajewels.it\/en\/wp-json\/wp\/v2\/product_tag?post=29143"}],"curies":[{"name":"wp","href":"https:\/\/api.w.org\/{rel}","templated":true}]}}