{"id":1643,"date":"2023-09-18T15:42:58","date_gmt":"2023-09-18T13:42:58","guid":{"rendered":"https:\/\/fiajewels.it\/?post_type=product&#038;p=1643"},"modified":"2023-12-14T11:26:34","modified_gmt":"2023-12-14T10:26:34","slug":"orecchini-sole-luna-cammeo-perle-argento","status":"publish","type":"product","link":"https:\/\/fiajewels.it\/en\/product\/orecchini-sole-luna-cammeo-perle-argento\/","title":{"rendered":"SOLE LUNA silver pearl cameo earrings"},"content":{"rendered":"<p>Orecchini SOLE LUNA cammeo perle argento<\/p>\n<p><strong>Splendore Celeste e Marittimo: Orecchini SOLE e LUNA in Cammeo<\/strong><\/p>\n<p>Orecchini magnifici, con cammei veri in conchiglia, incisi a mano dai maestri orafi di Torre del Greco con disegno di sole e luna, da 30 x 26 mm con cornice di microperle e grappolo in luminose perle naturali.<br \/>\nMonachina in argento 925 placcato oro giallo a forma di pesce.<br \/>\nSono lunghi ,2, larghi 2,8 cm cm e sono leggerissimi.<\/p>\n<div class=\"flex flex-grow flex-col gap-3 max-w-full\">\n<div class=\"min-h-[20px] flex flex-col items-start gap-3 overflow-x-auto whitespace-pre-wrap break-words\">\n<div class=\"markdown prose w-full break-words dark:prose-invert light\">\n<p><strong>Dettagli Straordinari:<\/strong><\/p>\n<ul>\n<li><strong>Cammeo in Conchiglia Genuina:<\/strong> Ogni cammeo \u00e8 scolpito con cura da un esperto artigiano utilizzando la pregiata conchiglia proveniente dalle acque cristalline del Mediterraneo. Il SOLE e la LUNA sono raffigurati con dettagli sorprendenti, catturando la magia del cielo e del mare.<\/li>\n<li><strong>Perle Naturali:<\/strong> Perle naturali d&#8217;acqua dolce adornano ogni orecchino, aggiungendo un tocco di purezza e luminosit\u00e0. Ogni perla \u00e8 unica, creando un aspetto unico per ciascun paio di orecchini.<\/li>\n<li><strong>Argento 925:<\/strong> L&#8217;argento sterling 925 di alta qualit\u00e0 \u00e8 utilizzato per creare il telaio di questi orecchini. L&#8217;argento \u00e8 noto per la sua lucentezza e durabilit\u00e0, garantendo che questi orecchini siano un investimento di lunga durata nella vostra bellezza.<\/li>\n<\/ul>\n<p>&nbsp;<\/p>\n<\/div>\n<\/div>\n<\/div>\n<div class=\"flex justify-between lg:block\">\n<div class=\"text-gray-400 flex self-end lg:self-center justify-center mt-2 gap-2 md:gap-3 lg:gap-1 lg:absolute lg:top-0 lg:translate-x-full lg:right-0 lg:mt-0 lg:pl-2 visible\"><\/div>\n<\/div>\n<div class=\"h-32 md:h-48 flex-shrink-0\"><\/div>\n<div class=\"flex-1 overflow-hidden\">\n<div class=\"react-scroll-to-bottom--css-wjajt-79elbk h-full dark:bg-gray-800\"><\/div>\n<\/div>\n<div class=\"absolute bottom-0 left-0 w-full border-t md:border-t-0 dark:border-white\/20 md:border-transparent md:dark:border-transparent md:bg-vert-light-gradient bg-white dark:bg-gray-800 md:!bg-transparent dark:md:bg-vert-dark-gradient pt-2 md:pl-2 md:w-[calc(100%-.5rem)]\">\n<div class=\"relative flex h-full flex-1 items-stretch md:flex-col\">\n<div>\n<div class=\"h-full flex ml-1 md:w-full md:m-auto md:mb-4 gap-0 md:gap-2 justify-center\">\n<div class=\"grow\"><\/div>\n<div class=\"flex items-center md:items-end\">\n<div data-projection-id=\"43\"><\/div>\n<\/div>\n<\/div>\n<\/div>\n<\/div>\n<\/div>\n","protected":false},"excerpt":{"rendered":"<p>Capture the elegance and beauty of Italian art with these magnificent SOLE and LUNA earrings. Handcrafted in Torre del Greco, the cameo capital of Italy, these earrings are a tribute to Italian craftsmanship and nature itself.<\/p>\n<p><strong>Proudly Italian:<\/strong> These earrings are a perfect example of Italian art, made by master craftsmen who carry on a century-old tradition of shell craftsmanship. Attention to detail and passion for beauty are evident in every single piece.<\/p>\n<p><strong>Perfect Gift:<\/strong> The SOLE and LUNA earrings are an ideal gift for those who love art, nature and Italy. Whether for a special someone or for yourself, these earrings make a timeless style statement.<\/p>\n<p>Wear Italian elegance with these earrings. Make every day a special occasion with a touch of Mediterranean beauty.<\/p>","protected":false},"featured_media":6623,"template":"","meta":{"_joinchat":[]},"product_brand":[],"product_cat":[35,48],"product_tag":[100,185,98,197,198,102,238,322,242,243,71,146,121,186,321,241],"class_list":{"0":"post-1643","1":"product","2":"type-product","3":"status-publish","4":"has-post-thumbnail","6":"product_cat-orecchini","7":"product_cat-orecchini-cammeo","8":"product_tag-cammeo-intagliato","9":"product_tag-cammeo-torre-del-greco","10":"product_tag-gioielli-artigianali","11":"product_tag-gioielli-di-moda","12":"product_tag-gioielli-di-tendenza","13":"product_tag-gioielli-unici","14":"product_tag-orecchini-argento","15":"product_tag-orecchini-argento-e-cammeo","16":"product_tag-orecchini-cammeo","17":"product_tag-orecchini-cammeo-e-perle","18":"product_tag-perle","19":"product_tag-perle-bianche","20":"product_tag-pezzi-da-collezione","21":"product_tag-regalo-per-lei","22":"product_tag-sole-luna","23":"product_tag-torre-del-greco","24":"product_shipping_class-100-350g","26":"first","27":"instock","28":"shipping-taxable","29":"purchasable","30":"product-type-simple"},"yoast_head":"<!-- This site is optimized with the Yoast SEO plugin v27.1.1 - https:\/\/yoast.com\/product\/yoast-seo-wordpress\/ -->\n<title>Orecchini SOLE LUNA cammeo perle argento - FiaJewels<\/title>\n<meta name=\"description\" content=\"Orecchini sole luna cammeo perle argento. Orecchini magnifici, con cammei incisi a mano dai maestri orafi di Torre del Greco con sole e luna\" \/>\n<meta name=\"robots\" content=\"index, follow, max-snippet:-1, max-image-preview:large, max-video-preview:-1\" \/>\n<link rel=\"canonical\" href=\"https:\/\/fiajewels.it\/en\/product\/orecchini-sole-luna-cammeo-perle-argento\/\" \/>\n<meta property=\"og:locale\" content=\"en_GB\" \/>\n<meta property=\"og:type\" content=\"article\" \/>\n<meta property=\"og:title\" content=\"Orecchini SOLE LUNA cammeo perle argento - FiaJewels\" \/>\n<meta property=\"og:description\" content=\"Orecchini sole luna cammeo perle argento. Orecchini magnifici, con cammei incisi a mano dai maestri orafi di Torre del Greco con sole e luna\" \/>\n<meta property=\"og:url\" content=\"https:\/\/fiajewels.it\/en\/product\/orecchini-sole-luna-cammeo-perle-argento\/\" \/>\n<meta property=\"og:site_name\" content=\"FiaJewels\" \/>\n<meta property=\"article:modified_time\" content=\"2023-12-14T10:26:34+00:00\" \/>\n<meta property=\"og:image\" content=\"https:\/\/fiajewels.it\/wp-content\/uploads\/2023\/09\/ORECCHINI-CAMMEO-GENUINO-SOLE-E-LUNA-5-scaled.jpg\" \/>\n\t<meta property=\"og:image:width\" content=\"2560\" \/>\n\t<meta property=\"og:image:height\" content=\"1707\" \/>\n\t<meta property=\"og:image:type\" content=\"image\/jpeg\" \/>\n<meta name=\"twitter:card\" content=\"summary_large_image\" \/>\n<meta name=\"twitter:label1\" content=\"Estimated reading time\" \/>\n\t<meta name=\"twitter:data1\" content=\"1 minute\" \/>\n<script type=\"application\/ld+json\" class=\"yoast-schema-graph\">{\"@context\":\"https:\/\/schema.org\",\"@graph\":[{\"@type\":\"WebPage\",\"@id\":\"https:\/\/fiajewels.it\/prodotto\/orecchini-sole-luna-cammeo-perle-argento\/\",\"url\":\"https:\/\/fiajewels.it\/prodotto\/orecchini-sole-luna-cammeo-perle-argento\/\",\"name\":\"Orecchini SOLE LUNA cammeo perle argento - FiaJewels\",\"isPartOf\":{\"@id\":\"https:\/\/fiajewels.it\/#website\"},\"primaryImageOfPage\":{\"@id\":\"https:\/\/fiajewels.it\/prodotto\/orecchini-sole-luna-cammeo-perle-argento\/#primaryimage\"},\"image\":{\"@id\":\"https:\/\/fiajewels.it\/prodotto\/orecchini-sole-luna-cammeo-perle-argento\/#primaryimage\"},\"thumbnailUrl\":\"https:\/\/fiajewels.it\/wp-content\/uploads\/2023\/09\/ORECCHINI-CAMMEO-GENUINO-SOLE-E-LUNA-5-scaled.jpg\",\"datePublished\":\"2023-09-18T13:42:58+00:00\",\"dateModified\":\"2023-12-14T10:26:34+00:00\",\"description\":\"Orecchini sole luna cammeo perle argento. Orecchini magnifici, con cammei incisi a mano dai maestri orafi di Torre del Greco con sole e luna\",\"breadcrumb\":{\"@id\":\"https:\/\/fiajewels.it\/prodotto\/orecchini-sole-luna-cammeo-perle-argento\/#breadcrumb\"},\"inLanguage\":\"en-GB\",\"potentialAction\":[{\"@type\":\"ReadAction\",\"target\":[\"https:\/\/fiajewels.it\/prodotto\/orecchini-sole-luna-cammeo-perle-argento\/\"]}]},{\"@type\":\"ImageObject\",\"inLanguage\":\"en-GB\",\"@id\":\"https:\/\/fiajewels.it\/prodotto\/orecchini-sole-luna-cammeo-perle-argento\/#primaryimage\",\"url\":\"https:\/\/fiajewels.it\/wp-content\/uploads\/2023\/09\/ORECCHINI-CAMMEO-GENUINO-SOLE-E-LUNA-5-scaled.jpg\",\"contentUrl\":\"https:\/\/fiajewels.it\/wp-content\/uploads\/2023\/09\/ORECCHINI-CAMMEO-GENUINO-SOLE-E-LUNA-5-scaled.jpg\",\"width\":2560,\"height\":1707},{\"@type\":\"BreadcrumbList\",\"@id\":\"https:\/\/fiajewels.it\/prodotto\/orecchini-sole-luna-cammeo-perle-argento\/#breadcrumb\",\"itemListElement\":[{\"@type\":\"ListItem\",\"position\":1,\"name\":\"Home\",\"item\":\"https:\/\/fiajewels.it\/\"},{\"@type\":\"ListItem\",\"position\":2,\"name\":\"Shop\",\"item\":\"https:\/\/fiajewels.it\/negozio\/\"},{\"@type\":\"ListItem\",\"position\":3,\"name\":\"Orecchini SOLE LUNA cammeo perle argento\"}]},{\"@type\":\"WebSite\",\"@id\":\"https:\/\/fiajewels.it\/#website\",\"url\":\"https:\/\/fiajewels.it\/\",\"name\":\"FiaJewels\",\"description\":\"\",\"publisher\":{\"@id\":\"https:\/\/fiajewels.it\/#\/schema\/person\/2c57907c80620d109c8a7ad1ad6e0c4e\"},\"potentialAction\":[{\"@type\":\"SearchAction\",\"target\":{\"@type\":\"EntryPoint\",\"urlTemplate\":\"https:\/\/fiajewels.it\/?s={search_term_string}\"},\"query-input\":{\"@type\":\"PropertyValueSpecification\",\"valueRequired\":true,\"valueName\":\"search_term_string\"}}],\"inLanguage\":\"en-GB\"},{\"@type\":[\"Person\",\"Organization\"],\"@id\":\"https:\/\/fiajewels.it\/#\/schema\/person\/2c57907c80620d109c8a7ad1ad6e0c4e\",\"name\":\"FiaJewels\",\"image\":{\"@type\":\"ImageObject\",\"inLanguage\":\"en-GB\",\"@id\":\"https:\/\/fiajewels.it\/#\/schema\/person\/image\/\",\"url\":\"https:\/\/secure.gravatar.com\/avatar\/b9a386afa40b1775488d216d9f973cb34fb853546ac7d5681edead69ac4dfde1?s=96&d=mm&r=g\",\"contentUrl\":\"https:\/\/secure.gravatar.com\/avatar\/b9a386afa40b1775488d216d9f973cb34fb853546ac7d5681edead69ac4dfde1?s=96&d=mm&r=g\",\"caption\":\"FiaJewels\"},\"logo\":{\"@id\":\"https:\/\/fiajewels.it\/#\/schema\/person\/image\/\"}}]}<\/script>\n<!-- \/ Yoast SEO plugin. -->","yoast_head_json":{"title":"Orecchini SOLE LUNA cammeo perle argento - FiaJewels","description":"Orecchini sole luna cammeo perle argento. Orecchini magnifici, con cammei incisi a mano dai maestri orafi di Torre del Greco con sole e luna","robots":{"index":"index","follow":"follow","max-snippet":"max-snippet:-1","max-image-preview":"max-image-preview:large","max-video-preview":"max-video-preview:-1"},"canonical":"https:\/\/fiajewels.it\/en\/product\/orecchini-sole-luna-cammeo-perle-argento\/","og_locale":"en_GB","og_type":"article","og_title":"Orecchini SOLE LUNA cammeo perle argento - FiaJewels","og_description":"Orecchini sole luna cammeo perle argento. Orecchini magnifici, con cammei incisi a mano dai maestri orafi di Torre del Greco con sole e luna","og_url":"https:\/\/fiajewels.it\/en\/product\/orecchini-sole-luna-cammeo-perle-argento\/","og_site_name":"FiaJewels","article_modified_time":"2023-12-14T10:26:34+00:00","og_image":[{"width":2560,"height":1707,"url":"https:\/\/fiajewels.it\/wp-content\/uploads\/2023\/09\/ORECCHINI-CAMMEO-GENUINO-SOLE-E-LUNA-5-scaled.jpg","type":"image\/jpeg"}],"twitter_card":"summary_large_image","twitter_misc":{"Estimated reading time":"1 minute"},"schema":{"@context":"https:\/\/schema.org","@graph":[{"@type":"WebPage","@id":"https:\/\/fiajewels.it\/prodotto\/orecchini-sole-luna-cammeo-perle-argento\/","url":"https:\/\/fiajewels.it\/prodotto\/orecchini-sole-luna-cammeo-perle-argento\/","name":"Orecchini SOLE LUNA cammeo perle argento - FiaJewels","isPartOf":{"@id":"https:\/\/fiajewels.it\/#website"},"primaryImageOfPage":{"@id":"https:\/\/fiajewels.it\/prodotto\/orecchini-sole-luna-cammeo-perle-argento\/#primaryimage"},"image":{"@id":"https:\/\/fiajewels.it\/prodotto\/orecchini-sole-luna-cammeo-perle-argento\/#primaryimage"},"thumbnailUrl":"https:\/\/fiajewels.it\/wp-content\/uploads\/2023\/09\/ORECCHINI-CAMMEO-GENUINO-SOLE-E-LUNA-5-scaled.jpg","datePublished":"2023-09-18T13:42:58+00:00","dateModified":"2023-12-14T10:26:34+00:00","description":"Orecchini sole luna cammeo perle argento. Orecchini magnifici, con cammei incisi a mano dai maestri orafi di Torre del Greco con sole e luna","breadcrumb":{"@id":"https:\/\/fiajewels.it\/prodotto\/orecchini-sole-luna-cammeo-perle-argento\/#breadcrumb"},"inLanguage":"en-GB","potentialAction":[{"@type":"ReadAction","target":["https:\/\/fiajewels.it\/prodotto\/orecchini-sole-luna-cammeo-perle-argento\/"]}]},{"@type":"ImageObject","inLanguage":"en-GB","@id":"https:\/\/fiajewels.it\/prodotto\/orecchini-sole-luna-cammeo-perle-argento\/#primaryimage","url":"https:\/\/fiajewels.it\/wp-content\/uploads\/2023\/09\/ORECCHINI-CAMMEO-GENUINO-SOLE-E-LUNA-5-scaled.jpg","contentUrl":"https:\/\/fiajewels.it\/wp-content\/uploads\/2023\/09\/ORECCHINI-CAMMEO-GENUINO-SOLE-E-LUNA-5-scaled.jpg","width":2560,"height":1707},{"@type":"BreadcrumbList","@id":"https:\/\/fiajewels.it\/prodotto\/orecchini-sole-luna-cammeo-perle-argento\/#breadcrumb","itemListElement":[{"@type":"ListItem","position":1,"name":"Home","item":"https:\/\/fiajewels.it\/"},{"@type":"ListItem","position":2,"name":"Shop","item":"https:\/\/fiajewels.it\/negozio\/"},{"@type":"ListItem","position":3,"name":"Orecchini SOLE LUNA cammeo perle argento"}]},{"@type":"WebSite","@id":"https:\/\/fiajewels.it\/#website","url":"https:\/\/fiajewels.it\/","name":"FiaJewels","description":"","publisher":{"@id":"https:\/\/fiajewels.it\/#\/schema\/person\/2c57907c80620d109c8a7ad1ad6e0c4e"},"potentialAction":[{"@type":"SearchAction","target":{"@type":"EntryPoint","urlTemplate":"https:\/\/fiajewels.it\/?s={search_term_string}"},"query-input":{"@type":"PropertyValueSpecification","valueRequired":true,"valueName":"search_term_string"}}],"inLanguage":"en-GB"},{"@type":["Person","Organization"],"@id":"https:\/\/fiajewels.it\/#\/schema\/person\/2c57907c80620d109c8a7ad1ad6e0c4e","name":"FiaJewels","image":{"@type":"ImageObject","inLanguage":"en-GB","@id":"https:\/\/fiajewels.it\/#\/schema\/person\/image\/","url":"https:\/\/secure.gravatar.com\/avatar\/b9a386afa40b1775488d216d9f973cb34fb853546ac7d5681edead69ac4dfde1?s=96&d=mm&r=g","contentUrl":"https:\/\/secure.gravatar.com\/avatar\/b9a386afa40b1775488d216d9f973cb34fb853546ac7d5681edead69ac4dfde1?s=96&d=mm&r=g","caption":"FiaJewels"},"logo":{"@id":"https:\/\/fiajewels.it\/#\/schema\/person\/image\/"}}]}},"_links":{"self":[{"href":"https:\/\/fiajewels.it\/en\/wp-json\/wp\/v2\/product\/1643","targetHints":{"allow":["GET"]}}],"collection":[{"href":"https:\/\/fiajewels.it\/en\/wp-json\/wp\/v2\/product"}],"about":[{"href":"https:\/\/fiajewels.it\/en\/wp-json\/wp\/v2\/types\/product"}],"wp:featuredmedia":[{"embeddable":true,"href":"https:\/\/fiajewels.it\/en\/wp-json\/wp\/v2\/media\/6623"}],"wp:attachment":[{"href":"https:\/\/fiajewels.it\/en\/wp-json\/wp\/v2\/media?parent=1643"}],"wp:term":[{"taxonomy":"product_brand","embeddable":true,"href":"https:\/\/fiajewels.it\/en\/wp-json\/wp\/v2\/product_brand?post=1643"},{"taxonomy":"product_cat","embeddable":true,"href":"https:\/\/fiajewels.it\/en\/wp-json\/wp\/v2\/product_cat?post=1643"},{"taxonomy":"product_tag","embeddable":true,"href":"https:\/\/fiajewels.it\/en\/wp-json\/wp\/v2\/product_tag?post=1643"}],"curies":[{"name":"wp","href":"https:\/\/api.w.org\/{rel}","templated":true}]}}